{"id":8268,"date":"2025-06-09T13:52:26","date_gmt":"2025-06-09T11:52:26","guid":{"rendered":"http:\/\/klubmamgdynia.pl\/?post_type=product&#038;p=8268"},"modified":"2026-04-06T06:48:04","modified_gmt":"2026-04-06T04:48:04","slug":"norimpex-masa-plastyczna-zestaw-kreatywny","status":"publish","type":"product","link":"http:\/\/klubmamgdynia.pl\/index.php\/produkt\/norimpex-masa-plastyczna-zestaw-kreatywny\/","title":{"rendered":"Norimpex Masa Plastyczna Zestaw Kreatywny"},"content":{"rendered":"<p>Zestaw masy plastycznej, elastycznej, \u0142atwej w formowaniu.Zestaw posiada elementy o tematyce kulinarnej.Komplet zapakowany w kolorowe pude\u0142ko.W zestawie:-pojemniczki z plastelin\u0105 4x,-maszynka do wyciskania,-sztuce, miseczka, wa\u0142eczek, rade\u0142ko,Wymiary opakowania: 30 x 24 x 8 cm.Wiek:3+&#8230;<\/p>\n<h2>Norimpex Masa Plastyczna Zestaw Kreatywny Norimpex<\/h2>\n<p>zagadki o wielkanocy, tabliczka mno\u017cenia zadania do druku, zaproszenia urodzinowe do druku, \u0142atwe laurki, flagi \u015bwiata quiz<\/p>\n<p>yyyyy<\/p>\n<p>&nbsp;<\/p>\n","protected":false},"excerpt":{"rendered":"<p>Zestaw masy plastycznej, elastycznej, \u0142atwej w formowaniu.Zestaw posiada elementy o tematyce kulinarnej.Komplet zapakowany w kolorowe pude\u0142ko.W zestawie:-pojemniczki z plastelin\u0105 4x,-maszynka do wyciskania,-sztuce, miseczka, wa\u0142eczek, rade\u0142ko,Wymiary opakowania: 30 x 24 x 8 cm.Wiek:3+&#8230; Norimpex Masa Plastyczna Zestaw Kreatywny Norimpex zagadki o wielkanocy, tabliczka mno\u017cenia zadania do druku, zaproszenia urodzinowe do druku, \u0142atwe laurki, flagi \u015bwiata quiz [&hellip;]<\/p>\n","protected":false},"featured_media":8269,"comment_status":"closed","ping_status":"open","template":"","meta":[],"product_cat":[554,21],"product_tag":[801,741,635],"class_list":["post-8268","product","type-product","status-publish","has-post-thumbnail","hentry","product_cat-norimpex","product_cat-zabawki-plastyczne","product_tag-bajki-terapeutyczne-o-emocjach","product_tag-wlochy","product_tag-znaki-drogowe-do-druku"],"_links":{"self":[{"href":"http:\/\/klubmamgdynia.pl\/index.php\/wp-json\/wp\/v2\/product\/8268","targetHints":{"allow":["GET"]}}],"collection":[{"href":"http:\/\/klubmamgdynia.pl\/index.php\/wp-json\/wp\/v2\/product"}],"about":[{"href":"http:\/\/klubmamgdynia.pl\/index.php\/wp-json\/wp\/v2\/types\/product"}],"replies":[{"embeddable":true,"href":"http:\/\/klubmamgdynia.pl\/index.php\/wp-json\/wp\/v2\/comments?post=8268"}],"wp:featuredmedia":[{"embeddable":true,"href":"http:\/\/klubmamgdynia.pl\/index.php\/wp-json\/wp\/v2\/media\/8269"}],"wp:attachment":[{"href":"http:\/\/klubmamgdynia.pl\/index.php\/wp-json\/wp\/v2\/media?parent=8268"}],"wp:term":[{"taxonomy":"product_cat","embeddable":true,"href":"http:\/\/klubmamgdynia.pl\/index.php\/wp-json\/wp\/v2\/product_cat?post=8268"},{"taxonomy":"product_tag","embeddable":true,"href":"http:\/\/klubmamgdynia.pl\/index.php\/wp-json\/wp\/v2\/product_tag?post=8268"}],"curies":[{"name":"wp","href":"https:\/\/api.w.org\/{rel}","templated":true}]}}