{"id":8270,"date":"2013-11-21T11:00:04","date_gmt":"2013-11-21T10:00:04","guid":{"rendered":"http:\/\/klubmamgdynia.pl\/index.php\/produkt\/simba-lalka-steffi-opiekunka-290-mm-424085\/"},"modified":"2026-04-05T21:41:33","modified_gmt":"2026-04-05T19:41:33","slug":"simba-lalka-steffi-opiekunka-290-mm-424085","status":"publish","type":"product","link":"http:\/\/klubmamgdynia.pl\/index.php\/produkt\/simba-lalka-steffi-opiekunka-290-mm-424085\/","title":{"rendered":"Simba Lalka Steffi opiekunka 290 mm 424085"},"content":{"rendered":"<p>Lalka Steffi opiekunka trojaczk\u00f3w.<\/p>\n<h2>Simba Lalka Steffi opiekunka 290 mm 424085 Simba<\/h2>\n<p>prima aprilis pomys\u0142y, ninjago kolorowanki, mandala kolorowanka, miasto dzieci, co kupic na roczek, quiz opowie\u015bci z narnii lew czarownica i stara szafa, prezenty dla 15 latki, litera r do druku, kornelia<\/p>\n<p>yyyyy<\/p>\n<p>&nbsp;<\/p>\n","protected":false},"excerpt":{"rendered":"<p>Lalka Steffi opiekunka trojaczk\u00f3w. Simba Lalka Steffi opiekunka 290 mm 424085 Simba prima aprilis pomys\u0142y, ninjago kolorowanki, mandala kolorowanka, miasto dzieci, co kupic na roczek, quiz opowie\u015bci z narnii lew czarownica i stara szafa, prezenty dla 15 latki, litera r do druku, kornelia yyyyy &nbsp;<\/p>\n","protected":false},"featured_media":8271,"comment_status":"closed","ping_status":"open","template":"","meta":[],"product_cat":[65,279],"product_tag":[815,843,850,694],"class_list":["post-8270","product","type-product","status-publish","has-post-thumbnail","hentry","product_cat-lalki","product_cat-simba","product_tag-ozdoby-choinkowe-dla-dzieci","product_tag-smieszne-zagadki-dla-dzieci","product_tag-wroclaw-atrakcje-dla-dzieci","product_tag-zagadki-swiateczne-dla-dzieci"],"_links":{"self":[{"href":"http:\/\/klubmamgdynia.pl\/index.php\/wp-json\/wp\/v2\/product\/8270","targetHints":{"allow":["GET"]}}],"collection":[{"href":"http:\/\/klubmamgdynia.pl\/index.php\/wp-json\/wp\/v2\/product"}],"about":[{"href":"http:\/\/klubmamgdynia.pl\/index.php\/wp-json\/wp\/v2\/types\/product"}],"replies":[{"embeddable":true,"href":"http:\/\/klubmamgdynia.pl\/index.php\/wp-json\/wp\/v2\/comments?post=8270"}],"wp:featuredmedia":[{"embeddable":true,"href":"http:\/\/klubmamgdynia.pl\/index.php\/wp-json\/wp\/v2\/media\/8271"}],"wp:attachment":[{"href":"http:\/\/klubmamgdynia.pl\/index.php\/wp-json\/wp\/v2\/media?parent=8270"}],"wp:term":[{"taxonomy":"product_cat","embeddable":true,"href":"http:\/\/klubmamgdynia.pl\/index.php\/wp-json\/wp\/v2\/product_cat?post=8270"},{"taxonomy":"product_tag","embeddable":true,"href":"http:\/\/klubmamgdynia.pl\/index.php\/wp-json\/wp\/v2\/product_tag?post=8270"}],"curies":[{"name":"wp","href":"https:\/\/api.w.org\/{rel}","templated":true}]}}