{"id":8272,"date":"2024-03-11T16:27:06","date_gmt":"2024-03-11T15:27:06","guid":{"rendered":"http:\/\/klubmamgdynia.pl\/?post_type=product&#038;p=8272"},"modified":"2026-04-26T17:39:22","modified_gmt":"2026-04-26T15:39:22","slug":"leantoys-slodka-pluszowa-owieczka-kolorowy-projektor-gwiazdki-melodia","status":"publish","type":"product","link":"http:\/\/klubmamgdynia.pl\/index.php\/produkt\/leantoys-slodka-pluszowa-owieczka-kolorowy-projektor-gwiazdki-melodia\/","title":{"rendered":"Leantoys S\u0142odka Pluszowa Owieczka Kolorowy Projektor Gwiazdki Melodia"},"content":{"rendered":"<p>S\u0142odka Pluszowa Owieczka Kolorowy Projektor Gwiazdki MelodiaPluszowy projektor owieczka z gwiazdkami to idealna zabawka, kt\u00f3ra pomo\u017ce w za\u015bni\u0119ciu. Lampka nocna oraz przyjazne dla ucha melodie pomog\u0105 dzieciom zrelaksowa\u0107 si\u0119 i wyciszy\u0107 przed snem. Idealna pomoc dla rodzic\u00f3w z walk\u0105 ze snem. Mi\u0119ciutka owieczka b\u0119dzie fenomenaln\u0105 ozdob\u0105 ka\u017cdego pokoju, a tak\u017ce najlepsz\u0105, a przede wszystkim najmilsz\u0105 przytulank\u0105, kt\u00f3ra u\u0142atwi zasypianie, a ponadto zawsze b\u0119dzie chcia\u0142a si\u0119 przytuli\u0107.Owieczka posiada wbudowany projektor, kt\u00f3ry wy\u015bwietla na \u015bcianach lub suficie zmieniaj\u0105ce kolory gwiazdki. Wieczorem stworzy harmonie i magiczny nastr\u00f3j w pokoju Twojego dziecka. Pluszowy projektor gwiazdek z pozytywk\u0105 jest zabawk\u0105 przeznaczon\u0105 dla dzieci w ka\u017cdym wieku.Czym zaskoczy nas owieczka?- regulacja g\u0142o\u015bno\u015bci- k\u00f3\u0142eczko- koj\u0105ce odg\u0142osy natury- gwiazdka- zmiana koloru o\u015bwietlenia- ksi\u0119\u017cyc- szybkie wci\u015bni\u0119cie uruchamia projektor oraz zmienia melodie na 10 innychWymiary owieczki:38 cm x 27 cm x 12 cmWymiary pude\u0142ka:38 cm x 25 cm x 17 cmOwieczka zasilana jest trzema bateriami &#8222;AA&#8221; 1.5 V (brak w zestawie). Zabawka przeznaczona jest dla dzieci powy\u017cej 6. miesi\u0105ca \u017cycia. Zabawka posiada certyfikat CE i jest zgodna z norm\u0105 EN 71. Zapakowana jest w kartonik z przezroczyst\u0105 witrynk\u0105, dzi\u0119ki czemu nadaje si\u0119 idealnie na prezent.<\/p>\n<h2>Leantoys S\u0142odka Pluszowa Owieczka Kolorowy Projektor Gwiazdki Melodia Lean Toys<\/h2>\n<p>zabawki na roczek dla dziewczynki, kolorowanki na andrzejki do wydruku, quiz dla dzieci, spiderman kolorowanka, lego ninjago kolorowanki, zaj\u0105czek z jajka ugotowanego, pomysly na prima aprilis, szlaczki literopodobne, prezent dla rocznej dziewczynki, koty do druku, rysunek kota, justyna imi\u0119, zaj\u0105czek z jajka ugotowanego, kr\u00f3tkie bajki do czytania pdf, dymitr, zagadki o zimie, test z narnii, molo w brze\u017anie, aurelia<\/p>\n<p>yyyyy<\/p>\n<p>&nbsp;<\/p>\n","protected":false},"excerpt":{"rendered":"<p>S\u0142odka Pluszowa Owieczka Kolorowy Projektor Gwiazdki MelodiaPluszowy projektor owieczka z gwiazdkami to idealna zabawka, kt\u00f3ra pomo\u017ce w za\u015bni\u0119ciu. Lampka nocna oraz przyjazne dla ucha melodie pomog\u0105 dzieciom zrelaksowa\u0107 si\u0119 i wyciszy\u0107 przed snem. Idealna pomoc dla rodzic\u00f3w z walk\u0105 ze snem. Mi\u0119ciutka owieczka b\u0119dzie fenomenaln\u0105 ozdob\u0105 ka\u017cdego pokoju, a tak\u017ce najlepsz\u0105, a przede wszystkim najmilsz\u0105 [&hellip;]<\/p>\n","protected":false},"featured_media":8273,"comment_status":"closed","ping_status":"open","template":"","meta":[],"product_cat":[73,26],"product_tag":[719,828,697,770,778,635],"class_list":["post-8272","product","type-product","status-publish","has-post-thumbnail","hentry","product_cat-lean-toys","product_cat-zabawki-do-wozka-lozeczka-i-fotelika","product_tag-dziecko-cytaty-zlote-mysli","product_tag-filmy-wigilijne-dla-dzieci","product_tag-krotkie-bajki-do-czytania","product_tag-samolot-z-papieru","product_tag-zabawki-na-roczek-dla-chlopca","product_tag-znaki-drogowe-do-druku"],"_links":{"self":[{"href":"http:\/\/klubmamgdynia.pl\/index.php\/wp-json\/wp\/v2\/product\/8272","targetHints":{"allow":["GET"]}}],"collection":[{"href":"http:\/\/klubmamgdynia.pl\/index.php\/wp-json\/wp\/v2\/product"}],"about":[{"href":"http:\/\/klubmamgdynia.pl\/index.php\/wp-json\/wp\/v2\/types\/product"}],"replies":[{"embeddable":true,"href":"http:\/\/klubmamgdynia.pl\/index.php\/wp-json\/wp\/v2\/comments?post=8272"}],"wp:featuredmedia":[{"embeddable":true,"href":"http:\/\/klubmamgdynia.pl\/index.php\/wp-json\/wp\/v2\/media\/8273"}],"wp:attachment":[{"href":"http:\/\/klubmamgdynia.pl\/index.php\/wp-json\/wp\/v2\/media?parent=8272"}],"wp:term":[{"taxonomy":"product_cat","embeddable":true,"href":"http:\/\/klubmamgdynia.pl\/index.php\/wp-json\/wp\/v2\/product_cat?post=8272"},{"taxonomy":"product_tag","embeddable":true,"href":"http:\/\/klubmamgdynia.pl\/index.php\/wp-json\/wp\/v2\/product_tag?post=8272"}],"curies":[{"name":"wp","href":"https:\/\/api.w.org\/{rel}","templated":true}]}}