{"id":8278,"date":"2017-07-11T15:47:12","date_gmt":"2017-07-11T13:47:12","guid":{"rendered":"http:\/\/klubmamgdynia.pl\/index.php\/produkt\/outriders-deluxe-edition-gra-xbox-one\/"},"modified":"2026-04-06T18:55:06","modified_gmt":"2026-04-06T16:55:06","slug":"outriders-deluxe-edition-gra-xbox-one","status":"publish","type":"product","link":"http:\/\/klubmamgdynia.pl\/index.php\/produkt\/outriders-deluxe-edition-gra-xbox-one\/","title":{"rendered":"Outriders Deluxe Edition (Gra Xbox One)"},"content":{"rendered":"<p>Outriders to kooperacyjna strzelanina RPG dla 1\u20133 graczy, autorstwa polskiego, do\u015bwiadczonego w grach akcji studia People Can Fly, osadzona w oryginalnym, mrocznym i desperackim uniwersum sci-fi. Stw\u00f3rz swojego Outridera i wyruszysz w podr\u00f3\u017c przez niebezpieczn\u0105 planet\u0119 Enoch. Po\u0142\u0105czenie dynamicznej strzelaniny z pot\u0119\u017cnymi mocami i stale rosn\u0105cym arsena\u0142em dziwnych broni oraz sprz\u0119tu zapewni w grze Outriders wiele godzin rozgrywki.                            <\/p>\n<p>Intensywno\u015b\u0107 strzelanki, g\u0142\u0119bia RPG \u2013 Outriders to hybryda gatunkowa, kt\u00f3ra \u0142\u0105czy krwaw\u0105 walk\u0119 przy u\u017cyciu broni i pot\u0119\u017cnych mocy z rozbudowanymi systemami RPG.                            <\/p>\n<p>Mroczna i desperacka podr\u00f3\u017c \u2013 Odkrywaj gro\u017an\u0105 planet\u0119 Enoch podczas podr\u00f3\u017cy do \u017ar\u00f3d\u0142a tajemniczego sygna\u0142u.                            <\/p>\n<p>Dynamiczna rozgrywka w kooperacji dla 1-3 graczy \u2013 Graj w pojedynk\u0119 lub zapro\u015b maksymalnie dw\u00f3ch znajomych do trybu kooperacji, gdzie gracze mog\u0105 do\u0142\u0105czy\u0107 w dowolnej chwili.                            <\/p>\n<p>Cztery unikalne klasy \u2013 Stw\u00f3rz i modyfikuj w\u0142asnego Outridera. Wybierz jedn\u0105 z czterech dost\u0119pnych klas z unikalnymi zdolno\u015bciami, by znale\u017a\u0107 w\u0142asny styl gry.                            <\/p>\n<p>Zbieraj sprz\u0119t i przystosowuj si\u0119 \u2013 Personalizuj i ulepszaj swojego Outridera dzi\u0119ki niezliczonym przedmiotom, modyfikowalnym broniom oraz sprz\u0119towi.\u200b<\/p>\n<h2>Outriders Deluxe Edition (Gra Xbox One) Square Enix<\/h2>\n<p>ciekawe miejsca w warszawie dla m\u0142odzie\u017cy, pokemon kolorowanki, liwia, opisy do zdj z dzieckiem<\/p>\n<p>yyyyy<\/p>\n<p>&nbsp;<\/p>\n","protected":false},"excerpt":{"rendered":"<p>Outriders to kooperacyjna strzelanina RPG dla 1\u20133 graczy, autorstwa polskiego, do\u015bwiadczonego w grach akcji studia People Can Fly, osadzona w oryginalnym, mrocznym i desperackim uniwersum sci-fi. Stw\u00f3rz swojego Outridera i wyruszysz w podr\u00f3\u017c przez niebezpieczn\u0105 planet\u0119 Enoch. Po\u0142\u0105czenie dynamicznej strzelaniny z pot\u0119\u017cnymi mocami i stale rosn\u0105cym arsena\u0142em dziwnych broni oraz sprz\u0119tu zapewni w grze Outriders [&hellip;]<\/p>\n","protected":false},"featured_media":8279,"comment_status":"closed","ping_status":"open","template":"","meta":[],"product_cat":[421,355],"product_tag":[774,692,592,779],"class_list":["post-8278","product","type-product","status-publish","has-post-thumbnail","hentry","product_cat-gry-xbox-one","product_cat-square-enix","product_tag-prezent-na-roczek-nie-zabawka","product_tag-prezenty-na-roczek","product_tag-zagadki-dla-dzieci","product_tag-zarty-na-prima-aprilis-w-domu"],"_links":{"self":[{"href":"http:\/\/klubmamgdynia.pl\/index.php\/wp-json\/wp\/v2\/product\/8278","targetHints":{"allow":["GET"]}}],"collection":[{"href":"http:\/\/klubmamgdynia.pl\/index.php\/wp-json\/wp\/v2\/product"}],"about":[{"href":"http:\/\/klubmamgdynia.pl\/index.php\/wp-json\/wp\/v2\/types\/product"}],"replies":[{"embeddable":true,"href":"http:\/\/klubmamgdynia.pl\/index.php\/wp-json\/wp\/v2\/comments?post=8278"}],"wp:featuredmedia":[{"embeddable":true,"href":"http:\/\/klubmamgdynia.pl\/index.php\/wp-json\/wp\/v2\/media\/8279"}],"wp:attachment":[{"href":"http:\/\/klubmamgdynia.pl\/index.php\/wp-json\/wp\/v2\/media?parent=8278"}],"wp:term":[{"taxonomy":"product_cat","embeddable":true,"href":"http:\/\/klubmamgdynia.pl\/index.php\/wp-json\/wp\/v2\/product_cat?post=8278"},{"taxonomy":"product_tag","embeddable":true,"href":"http:\/\/klubmamgdynia.pl\/index.php\/wp-json\/wp\/v2\/product_tag?post=8278"}],"curies":[{"name":"wp","href":"https:\/\/api.w.org\/{rel}","templated":true}]}}