{"id":8280,"date":"2013-01-04T14:04:59","date_gmt":"2013-01-04T13:04:59","guid":{"rendered":"http:\/\/klubmamgdynia.pl\/index.php\/produkt\/smily-play-teczowe-piramidy-drewniane-klocki-18el\/"},"modified":"2026-05-17T22:06:51","modified_gmt":"2026-05-17T20:06:51","slug":"smily-play-teczowe-piramidy-drewniane-klocki-18el","status":"publish","type":"product","link":"http:\/\/klubmamgdynia.pl\/index.php\/produkt\/smily-play-teczowe-piramidy-drewniane-klocki-18el\/","title":{"rendered":"Smily Play T\u0119czowe Piramidy Drewniane Klocki 18El."},"content":{"rendered":"<p>Uk\u0142adanka T\u0119czowe Piramidy Smily PlayT\u0119czowe piramidy to \u015bliczna, kolorowa, drewniana zabawka,kt\u00f3ra rozwija sprawno\u015b\u0107 ma\u0142ych r\u0105czek, koordynacj\u0119 wzrokowo-ruchow\u0105 oraz wyobra\u017ani\u0119 przestrzenn\u0105. Zabawka rozwija kreatywno\u015b\u0107, zdolno\u015bci manualne, wyostrza zmys\u0142 koncentracji. Uk\u0142adanka pomo\u017ce dziecku w nauce liczenia oraz rozr\u00f3\u017cnianiu kolor\u00f3w i kszta\u0142t\u00f3w.Zabawa polega na odnalezieniu figur o tym samym kolorze i umieszczeniu ich w odpowiednie miejsce na deseczce. Sk\u0142ada si\u0119 z 18 kolorowych element\u00f3w o r\u00f3\u017cnym kszta\u0142cie.Zabawka wykonana jest z wysokiej jako\u015bci drewna.Nie ma ostrych kszta\u0142t\u00f3w. Do produkcji zabawki u\u017cyto nietoksycznych farb.Wspomaga rozw\u00f3j:Ma\u0142ej motoryki.Koordynacji oko \u2013 r\u0119ka.Logicznego my\u015blenia.Uczy cierpliwo\u015bci.Wiek: 18 m+Wymiary uk\u0142adanki:23 x 14,5 x 9 cmWymiary opakowania:23 x 14,5 x 9 cm &#8230;<\/p>\n<h2>Smily Play T\u0119czowe Piramidy Drewniane Klocki 18El. Smily Play<\/h2>\n<p>kucyki pony kolorowanka, lucjan, test z opowie\u015bci z narnii lew czarownica i stara szafa, quizy dla dzieci 8 lat, test z opowie\u015bci z narnii, afryka\u0144skie imiona, malowanka do druku, kr\u00f3tkie bajki dla dzieci do czytania, walentynka kolorowanka, aurelia imie, karty pracy do druku litery, prezent na roczek dla chrze\u015bniaka, mini kanapki dla dzieci, quiz opowie\u015bci z narnii lew czarownica i stara szafa, zagadki o bo\u017cym narodzeniu, test z dzieci z bullerbyn, imiona dla ch\u0142opc\u00f3w, prezent na roczek dla ch\u0142opca, ziemia wyspa zielona tekst, kolorowanki star wars<\/p>\n<p>yyyyy<\/p>\n<p>&nbsp;<\/p>\n","protected":false},"excerpt":{"rendered":"<p>Uk\u0142adanka T\u0119czowe Piramidy Smily PlayT\u0119czowe piramidy to \u015bliczna, kolorowa, drewniana zabawka,kt\u00f3ra rozwija sprawno\u015b\u0107 ma\u0142ych r\u0105czek, koordynacj\u0119 wzrokowo-ruchow\u0105 oraz wyobra\u017ani\u0119 przestrzenn\u0105. Zabawka rozwija kreatywno\u015b\u0107, zdolno\u015bci manualne, wyostrza zmys\u0142 koncentracji. Uk\u0142adanka pomo\u017ce dziecku w nauce liczenia oraz rozr\u00f3\u017cnianiu kolor\u00f3w i kszta\u0142t\u00f3w.Zabawa polega na odnalezieniu figur o tym samym kolorze i umieszczeniu ich w odpowiednie miejsce na deseczce. [&hellip;]<\/p>\n","protected":false},"featured_media":8281,"comment_status":"closed","ping_status":"open","template":"","meta":[],"product_cat":[62,61],"product_tag":[867,653,869],"class_list":["post-8280","product","type-product","status-publish","has-post-thumbnail","hentry","product_cat-smily-play","product_cat-zabawki-edukacyjne-dla-niemowlat","product_tag-kolorowanki-dla-dziewczynek","product_tag-warszawa-dla-dzieci","product_tag-zagadki-na-logike"],"_links":{"self":[{"href":"http:\/\/klubmamgdynia.pl\/index.php\/wp-json\/wp\/v2\/product\/8280","targetHints":{"allow":["GET"]}}],"collection":[{"href":"http:\/\/klubmamgdynia.pl\/index.php\/wp-json\/wp\/v2\/product"}],"about":[{"href":"http:\/\/klubmamgdynia.pl\/index.php\/wp-json\/wp\/v2\/types\/product"}],"replies":[{"embeddable":true,"href":"http:\/\/klubmamgdynia.pl\/index.php\/wp-json\/wp\/v2\/comments?post=8280"}],"wp:featuredmedia":[{"embeddable":true,"href":"http:\/\/klubmamgdynia.pl\/index.php\/wp-json\/wp\/v2\/media\/8281"}],"wp:attachment":[{"href":"http:\/\/klubmamgdynia.pl\/index.php\/wp-json\/wp\/v2\/media?parent=8280"}],"wp:term":[{"taxonomy":"product_cat","embeddable":true,"href":"http:\/\/klubmamgdynia.pl\/index.php\/wp-json\/wp\/v2\/product_cat?post=8280"},{"taxonomy":"product_tag","embeddable":true,"href":"http:\/\/klubmamgdynia.pl\/index.php\/wp-json\/wp\/v2\/product_tag?post=8280"}],"curies":[{"name":"wp","href":"https:\/\/api.w.org\/{rel}","templated":true}]}}