{"id":8282,"date":"2018-11-30T08:30:50","date_gmt":"2018-11-30T07:30:50","guid":{"rendered":"http:\/\/klubmamgdynia.pl\/index.php\/produkt\/rastar-auto-r-c-mercedes-benz-arocs-114-zolte-na-pilota\/"},"modified":"2026-05-17T22:17:36","modified_gmt":"2026-05-17T20:17:36","slug":"rastar-auto-r-c-mercedes-benz-arocs-114-zolte-na-pilota","status":"publish","type":"product","link":"http:\/\/klubmamgdynia.pl\/index.php\/produkt\/rastar-auto-r-c-mercedes-benz-arocs-114-zolte-na-pilota\/","title":{"rendered":"Rastar Auto R\/C Mercedes Benz Arocs 1:14 \u017b\u00f3\u0142te Na Pilota"},"content":{"rendered":"<p>Auto R\/C Mercedes-Benz Arocs Rastar 1:14 \u017b\u00f3\u0142te na PilotaJe\u017celi Twoje dziecko lubi ci\u0119\u017ckie sprz\u0119ty budowlane to idealny prezent dla niego. Prezentujemy Betoniark\u0119 zdalnie sterowan\u0105 Mercedes-Benz Arocs 2,4GHz &#8211; doskona\u0142y prezent dla tych, kt\u00f3rym zwyk\u0142a jazda ju\u017c nie wystarcza. Prezentowana zabawka mo\u017ce je\u017adzi\u0107 do przodu, do ty\u0142u, skr\u0119ca\u0107 na boki ale posiada tak\u017ce funkcj\u0105 rotacji b\u0119bna. Kr\u00f3tko m\u00f3wi\u0105c mamy do czynienia z w pe\u0142ni funkcjonaln\u0105 maszyn\u0105, gotow\u0105 do pracy.Dodatkowym atutem urozmaicaj\u0105cym zabaw\u0119 s\u0105 efekty \u015bwietlne. Warto tak\u017ce wspomnie\u0107 o systemie automatycznego wy\u0142\u0105czania zabawki w przypadku d\u0142ugiej bezczynno\u015bci &#8211; nie musimy si\u0119 martwi\u0107, \u017ce pozostawiony w trakcie zabawy model roz\u0142aduje si\u0119 do ko\u0144ca.Wymiary pojazdu:36 cm x 12 cm x 17 cmWymiary kontrolera:14 cm x 10 cmWymiary pude\u0142ka:48 cm x 17 cm x 23.5 cmBetoniarka zasilana jest pi\u0119cioma bateriami &#8222;AA&#8221; 1.5 V (brak w zestawie), kontroler potrzebuje dw\u00f3ch baterii &#8222;AA&#8221; 1.5 V (brak w zestawie). Zabawka przeznaczona jest dla dzieci powy\u017cej 6. roku \u017cycia. Zestaw posiada certyfikat CE i jest zgodna z norm\u0105 EN 71. Zapakowany jest w kartonik z przezroczyst\u0105 witrynk\u0105, dzi\u0119ki czemu idealnie nadaje si\u0119 na prezent.<\/p>\n<h2>Rastar Auto R\/C Mercedes Benz Arocs 1:14 \u017b\u00f3\u0142te Na Pilota Rastar<\/h2>\n<p>wierszyki na \u015bmigus dyngus, kotek kolorowanka do druku, \u015bwi\u0119ta wielkanocne piosenka tekst, pomys\u0142 na laurk\u0119, zemsta quizy, papuga kolorowanka, pierwsze urodziny prezent na roczek dla dziewczynki, bajka o poci\u0105gu do czytania, wiersze o wakacjach, mi\u0142o\u015b\u0107 do dziecka cytaty, przechowywanie zabawek, co dla rocznego dziecka, co kupi\u0107 na roczek dla dziewczynki, co kupi\u0107 nastolatce na urodziny<\/p>\n<p>yyyyy<\/p>\n<p>&nbsp;<\/p>\n","protected":false},"excerpt":{"rendered":"<p>Auto R\/C Mercedes-Benz Arocs Rastar 1:14 \u017b\u00f3\u0142te na PilotaJe\u017celi Twoje dziecko lubi ci\u0119\u017ckie sprz\u0119ty budowlane to idealny prezent dla niego. Prezentujemy Betoniark\u0119 zdalnie sterowan\u0105 Mercedes-Benz Arocs 2,4GHz &#8211; doskona\u0142y prezent dla tych, kt\u00f3rym zwyk\u0142a jazda ju\u017c nie wystarcza. Prezentowana zabawka mo\u017ce je\u017adzi\u0107 do przodu, do ty\u0142u, skr\u0119ca\u0107 na boki ale posiada tak\u017ce funkcj\u0105 rotacji b\u0119bna. [&hellip;]<\/p>\n","protected":false},"featured_media":8283,"comment_status":"closed","ping_status":"open","template":"","meta":[],"product_cat":[504,337],"product_tag":[777,752,818,705,623],"class_list":["post-8282","product","type-product","status-publish","has-post-thumbnail","hentry","product_cat-rastar","product_cat-zabawki-zdalnie-sterowane","product_tag-co-na-roczek","product_tag-kuba-imie","product_tag-oliwier","product_tag-prezent-na-roczek-dla-chlopca","product_tag-zagadki-logiczne-smieszne"],"_links":{"self":[{"href":"http:\/\/klubmamgdynia.pl\/index.php\/wp-json\/wp\/v2\/product\/8282","targetHints":{"allow":["GET"]}}],"collection":[{"href":"http:\/\/klubmamgdynia.pl\/index.php\/wp-json\/wp\/v2\/product"}],"about":[{"href":"http:\/\/klubmamgdynia.pl\/index.php\/wp-json\/wp\/v2\/types\/product"}],"replies":[{"embeddable":true,"href":"http:\/\/klubmamgdynia.pl\/index.php\/wp-json\/wp\/v2\/comments?post=8282"}],"wp:featuredmedia":[{"embeddable":true,"href":"http:\/\/klubmamgdynia.pl\/index.php\/wp-json\/wp\/v2\/media\/8283"}],"wp:attachment":[{"href":"http:\/\/klubmamgdynia.pl\/index.php\/wp-json\/wp\/v2\/media?parent=8282"}],"wp:term":[{"taxonomy":"product_cat","embeddable":true,"href":"http:\/\/klubmamgdynia.pl\/index.php\/wp-json\/wp\/v2\/product_cat?post=8282"},{"taxonomy":"product_tag","embeddable":true,"href":"http:\/\/klubmamgdynia.pl\/index.php\/wp-json\/wp\/v2\/product_tag?post=8282"}],"curies":[{"name":"wp","href":"https:\/\/api.w.org\/{rel}","templated":true}]}}