{"id":8284,"date":"2019-10-26T17:50:01","date_gmt":"2019-10-26T15:50:01","guid":{"rendered":"http:\/\/klubmamgdynia.pl\/index.php\/produkt\/collecta-zwierzeta-wodne-bawol-wodny-indyjski-88657\/"},"modified":"2026-04-29T19:36:59","modified_gmt":"2026-04-29T17:36:59","slug":"collecta-zwierzeta-wodne-bawol-wodny-indyjski-88657","status":"publish","type":"product","link":"http:\/\/klubmamgdynia.pl\/index.php\/produkt\/collecta-zwierzeta-wodne-bawol-wodny-indyjski-88657\/","title":{"rendered":"Collecta Zwierz\u0119ta wodne Baw\u00f3\u0142 Wodny Indyjski (88657)"},"content":{"rendered":"<p>Figurka najwy\u017cszej jako\u015bci pod wzgl\u0119dem rzeczywistego odwzorowania kszta\u0142tu i koloru. Collecta to jeden z najwi\u0119kszych na \u015bwiecie producent\u00f3w replik zwierz\u0105t oraz postaci mitologicznych. Firma Collecta z pomoc\u0105 paleontolog\u00f3w z Wielkiej Brytanii stworzy\u0142a jedn\u0105 z najwi\u0119kszych kolekcji dinozaur\u00f3w na \u015bwiecie.EAN: 4892900886572<\/p>\n<h2>Collecta Zwierz\u0119ta wodne Baw\u00f3\u0142 Wodny Indyjski (88657) Collecta<\/h2>\n<p>kr\u00f3tkie zagadki logiczne, kanapki dla dzieci, zagadki dla dzieci z odpowiedziami, kajko i kokosz szko\u0142a latania &#8211; test do wydruku, kolorowanka lato, nietypowe imiona damskie, paula znaczenie imienia, gdzie na ferie zimowe 2022, test z lektury narnia lew czarownica i stara szafa, nietypowe imiona \u017ce\u0144skie, zagadki \u015bmieszne podchwytliwe, audiobooki dla dzieci za darmo, leonardo imi\u0119, bajka o emocjach, quiz bo\u017ce narodzenie, co kupi\u0107 nastolatkowi, prezent dla 15 latki, proste \u017carty na prima aprilis<\/p>\n<p>yyyyy<\/p>\n<p>&nbsp;<\/p>\n","protected":false},"excerpt":{"rendered":"<p>Figurka najwy\u017cszej jako\u015bci pod wzgl\u0119dem rzeczywistego odwzorowania kszta\u0142tu i koloru. Collecta to jeden z najwi\u0119kszych na \u015bwiecie producent\u00f3w replik zwierz\u0105t oraz postaci mitologicznych. Firma Collecta z pomoc\u0105 paleontolog\u00f3w z Wielkiej Brytanii stworzy\u0142a jedn\u0105 z najwi\u0119kszych kolekcji dinozaur\u00f3w na \u015bwiecie.EAN: 4892900886572 Collecta Zwierz\u0119ta wodne Baw\u00f3\u0142 Wodny Indyjski (88657) Collecta kr\u00f3tkie zagadki logiczne, kanapki dla dzieci, zagadki [&hellip;]<\/p>\n","protected":false},"featured_media":8285,"comment_status":"closed","ping_status":"open","template":"","meta":[],"product_cat":[490,95],"product_tag":[829,822,756],"class_list":["post-8284","product","type-product","status-publish","has-post-thumbnail","hentry","product_cat-collecta","product_cat-figurki-makiety-i-zestawy","product_tag-bajki-do-czytania-na-dobranoc","product_tag-wierszyki-o-wakacjach-krotkie","product_tag-zaproszenie-na-urodziny-do-druku"],"_links":{"self":[{"href":"http:\/\/klubmamgdynia.pl\/index.php\/wp-json\/wp\/v2\/product\/8284","targetHints":{"allow":["GET"]}}],"collection":[{"href":"http:\/\/klubmamgdynia.pl\/index.php\/wp-json\/wp\/v2\/product"}],"about":[{"href":"http:\/\/klubmamgdynia.pl\/index.php\/wp-json\/wp\/v2\/types\/product"}],"replies":[{"embeddable":true,"href":"http:\/\/klubmamgdynia.pl\/index.php\/wp-json\/wp\/v2\/comments?post=8284"}],"wp:featuredmedia":[{"embeddable":true,"href":"http:\/\/klubmamgdynia.pl\/index.php\/wp-json\/wp\/v2\/media\/8285"}],"wp:attachment":[{"href":"http:\/\/klubmamgdynia.pl\/index.php\/wp-json\/wp\/v2\/media?parent=8284"}],"wp:term":[{"taxonomy":"product_cat","embeddable":true,"href":"http:\/\/klubmamgdynia.pl\/index.php\/wp-json\/wp\/v2\/product_cat?post=8284"},{"taxonomy":"product_tag","embeddable":true,"href":"http:\/\/klubmamgdynia.pl\/index.php\/wp-json\/wp\/v2\/product_tag?post=8284"}],"curies":[{"name":"wp","href":"https:\/\/api.w.org\/{rel}","templated":true}]}}