{"id":8286,"date":"2020-08-30T00:40:19","date_gmt":"2020-08-29T22:40:19","guid":{"rendered":"http:\/\/klubmamgdynia.pl\/index.php\/produkt\/puzzle-high-quality-collection-waterfall-1000el\/"},"modified":"2026-04-05T07:56:18","modified_gmt":"2026-04-05T05:56:18","slug":"puzzle-high-quality-collection-waterfall-1000el","status":"publish","type":"product","link":"http:\/\/klubmamgdynia.pl\/index.php\/produkt\/puzzle-high-quality-collection-waterfall-1000el\/","title":{"rendered":"Puzzle High Quality Collection Waterfall 1000El."},"content":{"rendered":"<p>Puzzle to wspania\u0142a i rozwijaj\u0105ca rozrywka zar\u00f3wno dla dzieci jak i doros\u0142ych. Rozwi\u0105zywanie tych kolorowych zagadek to idealny trening dla szarych kom\u00f3rek, kt\u00f3ry zwi\u0119ksza spostrzegawczo\u015b\u0107 i poprawia skupienie, co w efekcie przek\u0142ada si\u0119 na \u015bwietn\u0105 kondycj\u0119 umys\u0142u.Seria Clementoni High Quality Collection to elegancka linia puzzli, stworzona z my\u015bl\u0105 o prawdziwych pasjonatach, dla kt\u00f3rych detale s\u0105 najwa\u017cniejsze. Wysokiej jako\u015bci druk i precyzja wykonania to cechy, kt\u00f3re wyr\u00f3\u017cniaj\u0105 te puzzle na tle innych. Kwestie ekologiczne s\u0105 bardzo wa\u017cne dla Clementoni, wi\u0119c do produkcji zawsze wykorzystuj\u0105 najwy\u017cszej jako\u015bci materia\u0142\u00f3w pochodz\u0105cych z recyklingu oraz unikaj\u0105 stosowania sk\u0142adnik\u00f3w zanieczyszczaj\u0105cych.Puzzle od Clementoni to zagadki, kt\u00f3rym nie wszyscy sprostaj\u0105 &#8211; podstawowe umiej\u0119tno\u015bci uk\u0142adania puzzli mog\u0105 tu nie wystarczy\u0107! Postaw sobie i swoim bliskim wyzwanie ju\u017c dzi\u015b!Ilo\u015b\u0107 element\u00f3w: 1000Rozmiar po u\u0142o\u017ceniu: 50&#215;69 cm<\/p>\n<h2>Puzzle High Quality Collection Waterfall 1000El. Clementoni<\/h2>\n<p>testy z lektury miko\u0142ajek, rysunki dla pocz\u0105tkuj\u0105cych, kundel bury tekst, szablon serce kolorowanka, maska do druku, uk\u0142ad s\u0142oneczny dla dzieci do druku, felix net i nika oraz gang niewidzialnych ludzi pytania i odpowiedzi, trudne zagadki logiczne, gabriela imie, imi\u0119 liwia, kolorowanki lol, kolorowanki \u015bwi\u0105teczne do wydruku, ma\u0142y ksi\u0105\u017c\u0119 sprawdzian, kr\u00f3tkie czytanki dla dzieci do wydruku, znaczenie imiona alan, minecraft kolorowanki, wierszyki o marzannie, quiz o ro\u015blinach<\/p>\n<p>yyyyy<\/p>\n<p>&nbsp;<\/p>\n","protected":false},"excerpt":{"rendered":"<p>Puzzle to wspania\u0142a i rozwijaj\u0105ca rozrywka zar\u00f3wno dla dzieci jak i doros\u0142ych. Rozwi\u0105zywanie tych kolorowych zagadek to idealny trening dla szarych kom\u00f3rek, kt\u00f3ry zwi\u0119ksza spostrzegawczo\u015b\u0107 i poprawia skupienie, co w efekcie przek\u0142ada si\u0119 na \u015bwietn\u0105 kondycj\u0119 umys\u0142u.Seria Clementoni High Quality Collection to elegancka linia puzzli, stworzona z my\u015bl\u0105 o prawdziwych pasjonatach, dla kt\u00f3rych detale s\u0105 [&hellip;]<\/p>\n","protected":false},"featured_media":8287,"comment_status":"closed","ping_status":"open","template":"","meta":[],"product_cat":[163,90],"product_tag":[660,848,847,643,703],"class_list":["post-8286","product","type-product","status-publish","has-post-thumbnail","hentry","product_cat-clementoni","product_cat-puzzle","product_tag-bianka","product_tag-cytat-o-rodzinie","product_tag-kolorowanki-pokemon","product_tag-prezent-dla-17-latki","product_tag-prezent-dla-nastolatki"],"_links":{"self":[{"href":"http:\/\/klubmamgdynia.pl\/index.php\/wp-json\/wp\/v2\/product\/8286","targetHints":{"allow":["GET"]}}],"collection":[{"href":"http:\/\/klubmamgdynia.pl\/index.php\/wp-json\/wp\/v2\/product"}],"about":[{"href":"http:\/\/klubmamgdynia.pl\/index.php\/wp-json\/wp\/v2\/types\/product"}],"replies":[{"embeddable":true,"href":"http:\/\/klubmamgdynia.pl\/index.php\/wp-json\/wp\/v2\/comments?post=8286"}],"wp:featuredmedia":[{"embeddable":true,"href":"http:\/\/klubmamgdynia.pl\/index.php\/wp-json\/wp\/v2\/media\/8287"}],"wp:attachment":[{"href":"http:\/\/klubmamgdynia.pl\/index.php\/wp-json\/wp\/v2\/media?parent=8286"}],"wp:term":[{"taxonomy":"product_cat","embeddable":true,"href":"http:\/\/klubmamgdynia.pl\/index.php\/wp-json\/wp\/v2\/product_cat?post=8286"},{"taxonomy":"product_tag","embeddable":true,"href":"http:\/\/klubmamgdynia.pl\/index.php\/wp-json\/wp\/v2\/product_tag?post=8286"}],"curies":[{"name":"wp","href":"https:\/\/api.w.org\/{rel}","templated":true}]}}