{"id":8288,"date":"2012-03-30T02:00:53","date_gmt":"2012-03-30T00:00:53","guid":{"rendered":"http:\/\/klubmamgdynia.pl\/index.php\/produkt\/tm-toys-puzzle-80el-dodo-obserwacyjne-w-kosmosie\/"},"modified":"2026-04-20T12:01:43","modified_gmt":"2026-04-20T10:01:43","slug":"tm-toys-puzzle-80el-dodo-obserwacyjne-w-kosmosie","status":"publish","type":"product","link":"http:\/\/klubmamgdynia.pl\/index.php\/produkt\/tm-toys-puzzle-80el-dodo-obserwacyjne-w-kosmosie\/","title":{"rendered":"Tm Toys Puzzle 80El Dodo Obserwacyjne W Kosmosie"},"content":{"rendered":"<p>Puzzle DODO powsta\u0142y specjalnie z my\u015bl\u0105 o najm\u0142odszych. Mog\u0105 cieszy\u0107 si\u0119 nimi zar\u00f3wno kilkulatki, jak i kilkunastomiesi\u0119czne maluchy. Bogactwo wzor\u00f3w i kolor\u00f3w wprawia w zachwyt. Zabawa puzzlami wzmacnia koncentracj\u0119, uczy cierpliwo\u015bci i kszta\u0142tuje zdolno\u015bci manualne. O ich zaletach mo\u017cna by m\u00f3wi\u0107 wiele, jednak zamiast m\u00f3wi\u0107, lepiej po prostu je uk\u0142ada\u0107 i kszta\u0142towa\u0107 umys\u0142 dziecka ju\u017c od najwcze\u015bniejszych etap\u00f3w jego \u017cycia! Puzzle s\u0105 nie tylko \u015bwietn\u0105 form\u0105 rozrywki, ale te\u017c atrakcyjnym sposobem na pokazanie dziecku \u015bwiata. W ofercie znajduj\u0105 si\u0119 mi\u0119dzy innymi proste 2-elementowe puzzle, gry przy kt\u00f3rych ca\u0142a rodzina przyjemnie sp\u0119dzi czas, oraz rozbudowane puzzle obserwacyjne sk\u0142adaj\u0105ce si\u0119 a\u017c ze 100 element\u00f3w, kt\u00f3re pozwol\u0105 twojemu dziecku \u0107wiczy\u0107 wyobra\u017ani\u0119. To zabawa dla najm\u0142odszych, kt\u00f3ra rozwija u nich ma\u0142\u0105 motoryk\u0119 oraz poprawia koncentracj\u0119. Puzzle z tej serii cechuje sympatyczna i przyjemna stylistyka, kt\u00f3ra zach\u0119ca dziecko do ich u\u0142o\u017cenia. R\u00f3\u017cnorodno\u015b\u0107 puzzli i tematyka obrazk\u00f3w jest bogata w przyjazne i \u0142atwe do przyswojenia informacje, dopasowane do dzieci\u0119cych wymaga\u0144 &#8211; nie tylko wiekowych.Zawarto\u015b\u0107 i cechy zestawu:Motyw: W KosmosieIlo\u015b\u0107 element\u00f3w: 80Puzzle obserwacyjne rozwijaj\u0105: spostrzegawczo\u015b\u0107, koncentracj\u0119, pami\u0119\u0107 wzrokow\u0105, cierpliwo\u015b\u0107 oraz precyzj\u0119W ramce puzzli znajduj\u0105 si\u0119 pojedyncze elementy, kt\u00f3re nale\u017cy odszuka\u0107 na obrazkuTekturowe, barwne opakowanie z uchwytem<\/p>\n<h2>Tm Toys Puzzle 80El Dodo Obserwacyjne W Kosmosie TM Toys<\/h2>\n<p>quizy dla dzieci o zwierz\u0119tach, jak rozmawia\u0107 z dzie\u0107mi o wojnie, pokemon kolorowanki, zagadki dla dzieci o zwierz\u0119tach, miko\u0142ajek sprawdzian z lektury z odpowiedziami, rodzina sentencja, test czerwone krzes\u0142o, bajka na dobranoc do czytania, test opowie\u015bci z narnii lew czarownica i stara szafa do druku, lektura asiunia &#8211; test, milan imie, warszawa dzieci, quiz o koniach, matylda imi\u0119, quiz dla dzieci, zagadki logiczne i odpowiedzi, test dynastia mizio\u0142k\u00f3w, zabawa dla 7 latka, narodziny dziecka cytat<\/p>\n<p>yyyyy<\/p>\n<p>&nbsp;<\/p>\n","protected":false},"excerpt":{"rendered":"<p>Puzzle DODO powsta\u0142y specjalnie z my\u015bl\u0105 o najm\u0142odszych. Mog\u0105 cieszy\u0107 si\u0119 nimi zar\u00f3wno kilkulatki, jak i kilkunastomiesi\u0119czne maluchy. Bogactwo wzor\u00f3w i kolor\u00f3w wprawia w zachwyt. Zabawa puzzlami wzmacnia koncentracj\u0119, uczy cierpliwo\u015bci i kszta\u0142tuje zdolno\u015bci manualne. O ich zaletach mo\u017cna by m\u00f3wi\u0107 wiele, jednak zamiast m\u00f3wi\u0107, lepiej po prostu je uk\u0142ada\u0107 i kszta\u0142towa\u0107 umys\u0142 dziecka ju\u017c [&hellip;]<\/p>\n","protected":false},"featured_media":8289,"comment_status":"closed","ping_status":"open","template":"","meta":[],"product_cat":[90,145],"product_tag":[772,788,623,805],"class_list":["post-8288","product","type-product","status-publish","has-post-thumbnail","hentry","product_cat-puzzle","product_cat-tm-toys","product_tag-45-panstw-europy-i-ich-stolice-quiz","product_tag-zagadki-krotkie","product_tag-zagadki-logiczne-smieszne","product_tag-znaczenie-imienia-alan"],"_links":{"self":[{"href":"http:\/\/klubmamgdynia.pl\/index.php\/wp-json\/wp\/v2\/product\/8288","targetHints":{"allow":["GET"]}}],"collection":[{"href":"http:\/\/klubmamgdynia.pl\/index.php\/wp-json\/wp\/v2\/product"}],"about":[{"href":"http:\/\/klubmamgdynia.pl\/index.php\/wp-json\/wp\/v2\/types\/product"}],"replies":[{"embeddable":true,"href":"http:\/\/klubmamgdynia.pl\/index.php\/wp-json\/wp\/v2\/comments?post=8288"}],"wp:featuredmedia":[{"embeddable":true,"href":"http:\/\/klubmamgdynia.pl\/index.php\/wp-json\/wp\/v2\/media\/8289"}],"wp:attachment":[{"href":"http:\/\/klubmamgdynia.pl\/index.php\/wp-json\/wp\/v2\/media?parent=8288"}],"wp:term":[{"taxonomy":"product_cat","embeddable":true,"href":"http:\/\/klubmamgdynia.pl\/index.php\/wp-json\/wp\/v2\/product_cat?post=8288"},{"taxonomy":"product_tag","embeddable":true,"href":"http:\/\/klubmamgdynia.pl\/index.php\/wp-json\/wp\/v2\/product_tag?post=8288"}],"curies":[{"name":"wp","href":"https:\/\/api.w.org\/{rel}","templated":true}]}}