{"id":8290,"date":"2017-07-09T09:40:28","date_gmt":"2017-07-09T07:40:28","guid":{"rendered":"http:\/\/klubmamgdynia.pl\/index.php\/produkt\/spin-master-tech-deck-fingerboard-zestaw-3-602881520136681\/"},"modified":"2026-05-17T22:43:20","modified_gmt":"2026-05-17T20:43:20","slug":"spin-master-tech-deck-fingerboard-zestaw-3-602881520136681","status":"publish","type":"product","link":"http:\/\/klubmamgdynia.pl\/index.php\/produkt\/spin-master-tech-deck-fingerboard-zestaw-3-602881520136681\/","title":{"rendered":"Spin Master Tech Deck Fingerboard Zestaw 3 (602881520136681)"},"content":{"rendered":"<p>Zestaw Tech Deck fingerboard, 4pack, 3<\/p>\n<h2>Spin Master Tech Deck Fingerboard Zestaw 3 (602881520136681) Spin Master<\/h2>\n<p>aneta, alan znaczenie imienia, milosc do dzieci, zagadki logiczne dla dzieci, kartka walentynkow\u0105 przedszkole, ciekawe miejsca w warszawie dla m\u0142odzie\u017cy<\/p>\n<p>yyyyy<\/p>\n<p>&nbsp;<\/p>\n","protected":false},"excerpt":{"rendered":"<p>Zestaw Tech Deck fingerboard, 4pack, 3 Spin Master Tech Deck Fingerboard Zestaw 3 (602881520136681) Spin Master aneta, alan znaczenie imienia, milosc do dzieci, zagadki logiczne dla dzieci, kartka walentynkow\u0105 przedszkole, ciekawe miejsca w warszawie dla m\u0142odzie\u017cy yyyyy &nbsp;<\/p>\n","protected":false},"featured_media":8291,"comment_status":"closed","ping_status":"open","template":"","meta":[],"product_cat":[1703,94],"product_tag":[765,691,617,663],"class_list":["post-8290","product","type-product","status-publish","has-post-thumbnail","hentry","product_cat-fingerboard-i-fingerbike","product_cat-spin-master","product_tag-atrakcje-dla-dzieci-warszawa","product_tag-gabriel","product_tag-keyword","product_tag-kolorowanki-dla-dzieci-do-druku"],"_links":{"self":[{"href":"http:\/\/klubmamgdynia.pl\/index.php\/wp-json\/wp\/v2\/product\/8290","targetHints":{"allow":["GET"]}}],"collection":[{"href":"http:\/\/klubmamgdynia.pl\/index.php\/wp-json\/wp\/v2\/product"}],"about":[{"href":"http:\/\/klubmamgdynia.pl\/index.php\/wp-json\/wp\/v2\/types\/product"}],"replies":[{"embeddable":true,"href":"http:\/\/klubmamgdynia.pl\/index.php\/wp-json\/wp\/v2\/comments?post=8290"}],"wp:featuredmedia":[{"embeddable":true,"href":"http:\/\/klubmamgdynia.pl\/index.php\/wp-json\/wp\/v2\/media\/8291"}],"wp:attachment":[{"href":"http:\/\/klubmamgdynia.pl\/index.php\/wp-json\/wp\/v2\/media?parent=8290"}],"wp:term":[{"taxonomy":"product_cat","embeddable":true,"href":"http:\/\/klubmamgdynia.pl\/index.php\/wp-json\/wp\/v2\/product_cat?post=8290"},{"taxonomy":"product_tag","embeddable":true,"href":"http:\/\/klubmamgdynia.pl\/index.php\/wp-json\/wp\/v2\/product_tag?post=8290"}],"curies":[{"name":"wp","href":"https:\/\/api.w.org\/{rel}","templated":true}]}}