{"id":8292,"date":"2017-07-06T18:28:20","date_gmt":"2017-07-06T16:28:20","guid":{"rendered":"http:\/\/klubmamgdynia.pl\/index.php\/produkt\/odbojnik-stoper-do-drzwi-samoprzylepny-silikonowy\/"},"modified":"2026-04-30T01:16:12","modified_gmt":"2026-04-29T23:16:12","slug":"odbojnik-stoper-do-drzwi-samoprzylepny-silikonowy","status":"publish","type":"product","link":"http:\/\/klubmamgdynia.pl\/index.php\/produkt\/odbojnik-stoper-do-drzwi-samoprzylepny-silikonowy\/","title":{"rendered":"Odbojnik Stoper Do Drzwi Samoprzylepny Silikonowy"},"content":{"rendered":"<p>PODK\u0141ADKI OCHRONNE BLOKADA POD KLAMK\u0118 DRZWIDost\u0119pne kolory: r\u00f3\u017cowy i fioletowy Otwieranie drzwi nie musi ko\u0144czy\u0107 si\u0119 uszkodzeniami \u015bciany. Ochronne podk\u0142adki to prosty spos\u00f3b na zabezpieczenie \u015bciany przed uderzeniem drzwi lub szafek. Gumowa podk\u0142adka amortyzuje przed porysowaniem, uszkodzeniami przez gwa\u0142towne otwieranie drzwi i uderzenia klamk\u0105 oraz niweluje ha\u0142as..Gumowe okr\u0105g\u0142e podk\u0142adki o \u015brednicy 5cm wystarczy odklei\u0107 foli\u0119 ochronn\u0105 i naklei\u0107 w odpowiednim miejscu styku klamki ze \u015bcian\u0105 aby zabezpieczy\u0107 \u015bcian\u0119. \u0141atwy monta\u017c do wszystkich p\u0142askich powierzchni.Aplikowa\u0107 na suche, niet\u0142uste powierzchnie.Wykonane z mocnej gumy odpornej na czynniki zewn\u0119trzne. Nie ulega p\u0119kaniu i zachowuje sw\u00f3j kszta\u0142t.\u015arednica: 5cmWysoko\u015b\u0107: 0,8cmDost\u0119pne w poni\u017cszych wariantach kolorystycznych:- r\u00f3\u017cowy,- fioletowy.Prosz\u0119 o wyb\u00f3r koloru, brak wyboru to kolor losowy&#8230;.<\/p>\n<h2>Odbojnik Stoper Do Drzwi Samoprzylepny Silikonowy Kik<\/h2>\n<p>lilianna, menu urodzinowe dla dzieci w wieku 8 10 lat, rysunki \u0142atwe, uk\u0142ad s\u0142oneczny do druku, pomys\u0142y na roczek, tezeusz, carmen imi\u0119, najlepsze pranki na prima aprilis, maska kota do druku, historia pluszowego misia dla dzieci, bardzo trudne zagadki, prezent dla 17 latki<\/p>\n<p>yyyyy<\/p>\n<p>&nbsp;<\/p>\n","protected":false},"excerpt":{"rendered":"<p>PODK\u0141ADKI OCHRONNE BLOKADA POD KLAMK\u0118 DRZWIDost\u0119pne kolory: r\u00f3\u017cowy i fioletowy Otwieranie drzwi nie musi ko\u0144czy\u0107 si\u0119 uszkodzeniami \u015bciany. Ochronne podk\u0142adki to prosty spos\u00f3b na zabezpieczenie \u015bciany przed uderzeniem drzwi lub szafek. Gumowa podk\u0142adka amortyzuje przed porysowaniem, uszkodzeniami przez gwa\u0142towne otwieranie drzwi i uderzenia klamk\u0105 oraz niweluje ha\u0142as..Gumowe okr\u0105g\u0142e podk\u0142adki o \u015brednicy 5cm wystarczy odklei\u0107 foli\u0119 [&hellip;]<\/p>\n","protected":false},"featured_media":8293,"comment_status":"closed","ping_status":"open","template":"","meta":[],"product_cat":[165,1134],"product_tag":[781,723,705,770,710,634],"class_list":["post-8292","product","type-product","status-publish","has-post-thumbnail","hentry","product_cat-kik","product_cat-zabezpieczenia-mebli-i-elektryki","product_tag-cytaty-o-wychowaniu-dzieci","product_tag-krotkie-bajki-do-czytania-na-dobranoc","product_tag-prezent-na-roczek-dla-chlopca","product_tag-samolot-z-papieru","product_tag-zagadki-dla-dzieci-10-12-lat","product_tag-zagadki-wielkanocne-dla-dzieci"],"_links":{"self":[{"href":"http:\/\/klubmamgdynia.pl\/index.php\/wp-json\/wp\/v2\/product\/8292","targetHints":{"allow":["GET"]}}],"collection":[{"href":"http:\/\/klubmamgdynia.pl\/index.php\/wp-json\/wp\/v2\/product"}],"about":[{"href":"http:\/\/klubmamgdynia.pl\/index.php\/wp-json\/wp\/v2\/types\/product"}],"replies":[{"embeddable":true,"href":"http:\/\/klubmamgdynia.pl\/index.php\/wp-json\/wp\/v2\/comments?post=8292"}],"wp:featuredmedia":[{"embeddable":true,"href":"http:\/\/klubmamgdynia.pl\/index.php\/wp-json\/wp\/v2\/media\/8293"}],"wp:attachment":[{"href":"http:\/\/klubmamgdynia.pl\/index.php\/wp-json\/wp\/v2\/media?parent=8292"}],"wp:term":[{"taxonomy":"product_cat","embeddable":true,"href":"http:\/\/klubmamgdynia.pl\/index.php\/wp-json\/wp\/v2\/product_cat?post=8292"},{"taxonomy":"product_tag","embeddable":true,"href":"http:\/\/klubmamgdynia.pl\/index.php\/wp-json\/wp\/v2\/product_tag?post=8292"}],"curies":[{"name":"wp","href":"https:\/\/api.w.org\/{rel}","templated":true}]}}