{"id":8294,"date":"2024-07-22T01:21:14","date_gmt":"2024-07-21T23:21:14","guid":{"rendered":"http:\/\/klubmamgdynia.pl\/?post_type=product&#038;p=8294"},"modified":"2026-04-28T19:27:29","modified_gmt":"2026-04-28T17:27:29","slug":"bruder-02443-spychacz-gasienicowy-cat","status":"publish","type":"product","link":"http:\/\/klubmamgdynia.pl\/index.php\/produkt\/bruder-02443-spychacz-gasienicowy-cat\/","title":{"rendered":"Bruder 02443 Spychacz g\u0105sienicowy CAT"},"content":{"rendered":"<p>Spychacz g\u0105siennicowy CaterpillarWymiary: 300 x 150 x 160 mmSeria ProfiModel w skali 1:16.Rekomendacja wiekowa: dzieci powy\u017cej 3 lat.Posiada typowe dla zabawek Brudera walory: najwy\u017csz\u0105 jako\u015b\u0107 wykonania. perfekcyjne odwzorowanie i funkcjonalno\u015b\u0107.Do zabawy w domu i na zewn\u0105trz.Doskona\u0142a zabawka edukacyjna. kt\u00f3rej g\u0142\u00f3wnymi cechami s\u0105:- g\u0105siennice z pojedy\u0144czych ogniw (nie jest to ta\u015bma gumowa)- ruch lemiesza w p\u0142aszczyznach poziomej i pionowej- odejmowalna zrywarka z mo\u017cliwo\u015bci\u0105 ustawienia w pozycji g\u00f3ra\/d\u00f3l- mo\u017cliwo\u015b\u0107 doczepienia z ty\u0142u r\u00f3\u017cnorodnych przystawek wsp\u00f3\u0142pracuj\u0105cych z traktoramiDodatkowe wyposa\u017cenie (w osobnej ofercie):- Bruder 02249 Widlak z paletami- Bruder 02303 \u0141uparka do drewna Posch- Bruder 02409 Akcesoria do rob\u00f3t drogowych- Bruder 02573 Lemiesz- Bruder 02577 Zamiatarka drogowa- Bruder 02579 Kosiarka drogowa do poboczyUzupe\u0142nienie produktu (w osobnej ofercie):- Bruder 42001 Wyci\u0105garka- Bruder 42400 Pacho\u0142ki- Bruder 42403 Barierki (10) + podstawy (12)- Bruder 42404 Taczka<\/p>\n<h2>Bruder 02443 Spychacz g\u0105sienicowy CAT Bruder<\/h2>\n<p>przyja\u017a\u0144, regina, opowie\u015bci z narni test, kolorowanka \u015bwinka peppa, wulkan z sody, dorian, bycie mam\u0105 cytaty, mitologia grecka quiz, pomys\u0142 na prima aprilis, iwo imi\u0119, maly kotek kotek kolorowanka, zagadki przyrodnicze, origami dla dzieci, ptak b\u0105k, atrakcje dla dzieci wroc\u0142aw, zagadki na dzie\u0144 przedszkolaka, znaczenie imienia paula<\/p>\n<p>yyyyy<\/p>\n<p>&nbsp;<\/p>\n","protected":false},"excerpt":{"rendered":"<p>Spychacz g\u0105siennicowy CaterpillarWymiary: 300 x 150 x 160 mmSeria ProfiModel w skali 1:16.Rekomendacja wiekowa: dzieci powy\u017cej 3 lat.Posiada typowe dla zabawek Brudera walory: najwy\u017csz\u0105 jako\u015b\u0107 wykonania. perfekcyjne odwzorowanie i funkcjonalno\u015b\u0107.Do zabawy w domu i na zewn\u0105trz.Doskona\u0142a zabawka edukacyjna. kt\u00f3rej g\u0142\u00f3wnymi cechami s\u0105:- g\u0105siennice z pojedy\u0144czych ogniw (nie jest to ta\u015bma gumowa)- ruch lemiesza w p\u0142aszczyznach [&hellip;]<\/p>\n","protected":false},"featured_media":8295,"comment_status":"closed","ping_status":"open","template":"","meta":[],"product_cat":[83,1076],"product_tag":[640,774,770,601,721],"class_list":["post-8294","product","type-product","status-publish","has-post-thumbnail","hentry","product_cat-auta-i-inne-pojazdy-do-zabawy","product_cat-bruder","product_tag-prezent-dla-rocznej-dziewczynki","product_tag-prezent-na-roczek-nie-zabawka","product_tag-samolot-z-papieru","product_tag-zagadki-co-to-jest","product_tag-zagadki-matematyczne"],"_links":{"self":[{"href":"http:\/\/klubmamgdynia.pl\/index.php\/wp-json\/wp\/v2\/product\/8294","targetHints":{"allow":["GET"]}}],"collection":[{"href":"http:\/\/klubmamgdynia.pl\/index.php\/wp-json\/wp\/v2\/product"}],"about":[{"href":"http:\/\/klubmamgdynia.pl\/index.php\/wp-json\/wp\/v2\/types\/product"}],"replies":[{"embeddable":true,"href":"http:\/\/klubmamgdynia.pl\/index.php\/wp-json\/wp\/v2\/comments?post=8294"}],"wp:featuredmedia":[{"embeddable":true,"href":"http:\/\/klubmamgdynia.pl\/index.php\/wp-json\/wp\/v2\/media\/8295"}],"wp:attachment":[{"href":"http:\/\/klubmamgdynia.pl\/index.php\/wp-json\/wp\/v2\/media?parent=8294"}],"wp:term":[{"taxonomy":"product_cat","embeddable":true,"href":"http:\/\/klubmamgdynia.pl\/index.php\/wp-json\/wp\/v2\/product_cat?post=8294"},{"taxonomy":"product_tag","embeddable":true,"href":"http:\/\/klubmamgdynia.pl\/index.php\/wp-json\/wp\/v2\/product_tag?post=8294"}],"curies":[{"name":"wp","href":"https:\/\/api.w.org\/{rel}","templated":true}]}}