{"id":8298,"date":"2014-07-28T13:13:54","date_gmt":"2014-07-28T11:13:54","guid":{"rendered":"http:\/\/klubmamgdynia.pl\/index.php\/produkt\/sweetsen-foggia-175x215\/"},"modified":"2026-05-01T10:12:59","modified_gmt":"2026-05-01T08:12:59","slug":"sweetsen-foggia-175x215","status":"publish","type":"product","link":"http:\/\/klubmamgdynia.pl\/index.php\/produkt\/sweetsen-foggia-175x215\/","title":{"rendered":"Sweetsen Foggia 175X215"},"content":{"rendered":"<p>Wszystkie nasze materace posiadaj\u0105 antyalergiczny pokrowiec niepikowany z zamkiem w kszta\u0142cie litery L. Zastosowano obustronnie w\u0142\u00f3kno klimatyzuj\u0105ce 150g\/1m.Budowa materaca pozwala na u\u017cywanie go w \u0142\u00f3\u017ckach z regulowanym stela\u017cem.Materac dwustronny &#8211; obie powierzchnie materaca stanowi\u0105 powierzchni\u0119 u\u017cytkow\u0105.Materac jest hypoalergiczny z racji tego zminimalizowane jest ryzyko wyst\u0105pienia uczulenia, alergii.Wysokiej jako\u015bci pianka poliuretanowa T25 o podwy\u017cszonej wytrzyma\u0142o\u015bci i elastyczno\u015bci.Materac jest \u015bredniotwardy.Pokrowiec posiada zamek co u\u0142atwia \u015bci\u0105gni\u0119cie go i wypranie (temp. 40 stopni Celcjusza)Lateks &#8211; charakteryzuje si\u0119 trwa\u0142o\u015bci\u0105 i elastyczno\u015bci\u0105. Doskonale dostosowuje si\u0119 do kszta\u0142tu cia\u0142a, poprawia komfort snu. Ma w\u0142a\u015bciwo\u015bci antybakteryjne i antygrzybiczne.<\/p>\n<h2>Sweetsen Foggia 175X215 John<\/h2>\n<p>list do miko\u0142aja wz\u00f3r pdf, stare bajki, piosenki dla dzieci tekst, bajki dla niemowl\u0105t, rado\u015b\u0107 dziecka cytaty, darmowe quizy, zagadki logiczne, maska karnawa\u0142owa pdf, znaki drogowe do druku, nastolatka<\/p>\n<p>yyyyy<\/p>\n<p>&nbsp;<\/p>\n","protected":false},"excerpt":{"rendered":"<p>Wszystkie nasze materace posiadaj\u0105 antyalergiczny pokrowiec niepikowany z zamkiem w kszta\u0142cie litery L. Zastosowano obustronnie w\u0142\u00f3kno klimatyzuj\u0105ce 150g\/1m.Budowa materaca pozwala na u\u017cywanie go w \u0142\u00f3\u017ckach z regulowanym stela\u017cem.Materac dwustronny &#8211; obie powierzchnie materaca stanowi\u0105 powierzchni\u0119 u\u017cytkow\u0105.Materac jest hypoalergiczny z racji tego zminimalizowane jest ryzyko wyst\u0105pienia uczulenia, alergii.Wysokiej jako\u015bci pianka poliuretanowa T25 o podwy\u017cszonej wytrzyma\u0142o\u015bci i [&hellip;]<\/p>\n","protected":false},"featured_media":8299,"comment_status":"closed","ping_status":"open","template":"","meta":[],"product_cat":[1695,1704],"product_tag":[680,775,688,824,741],"class_list":["post-8298","product","type-product","status-publish","has-post-thumbnail","hentry","product_cat-john","product_cat-materace","product_tag-cytaty-z-malego-ksiecia","product_tag-kolorowanki-do-druku-pokemon","product_tag-kolysanki-tekst","product_tag-warszawa-atrakcje-dla-dzieci","product_tag-wlochy"],"_links":{"self":[{"href":"http:\/\/klubmamgdynia.pl\/index.php\/wp-json\/wp\/v2\/product\/8298","targetHints":{"allow":["GET"]}}],"collection":[{"href":"http:\/\/klubmamgdynia.pl\/index.php\/wp-json\/wp\/v2\/product"}],"about":[{"href":"http:\/\/klubmamgdynia.pl\/index.php\/wp-json\/wp\/v2\/types\/product"}],"replies":[{"embeddable":true,"href":"http:\/\/klubmamgdynia.pl\/index.php\/wp-json\/wp\/v2\/comments?post=8298"}],"wp:featuredmedia":[{"embeddable":true,"href":"http:\/\/klubmamgdynia.pl\/index.php\/wp-json\/wp\/v2\/media\/8299"}],"wp:attachment":[{"href":"http:\/\/klubmamgdynia.pl\/index.php\/wp-json\/wp\/v2\/media?parent=8298"}],"wp:term":[{"taxonomy":"product_cat","embeddable":true,"href":"http:\/\/klubmamgdynia.pl\/index.php\/wp-json\/wp\/v2\/product_cat?post=8298"},{"taxonomy":"product_tag","embeddable":true,"href":"http:\/\/klubmamgdynia.pl\/index.php\/wp-json\/wp\/v2\/product_tag?post=8298"}],"curies":[{"name":"wp","href":"https:\/\/api.w.org\/{rel}","templated":true}]}}