{"id":8304,"date":"2013-05-20T12:20:15","date_gmt":"2013-05-20T10:20:15","guid":{"rendered":"http:\/\/klubmamgdynia.pl\/index.php\/produkt\/buty-pilkarskie-adidas-jr-predator-18-3-fg-db2320\/"},"modified":"2026-04-06T02:32:14","modified_gmt":"2026-04-06T00:32:14","slug":"buty-pilkarskie-adidas-jr-predator-18-3-fg-db2320","status":"publish","type":"product","link":"http:\/\/klubmamgdynia.pl\/index.php\/produkt\/buty-pilkarskie-adidas-jr-predator-18-3-fg-db2320\/","title":{"rendered":"Buty pi\u0142karskie Adidas Jr Predator 18.3 Fg Db2320"},"content":{"rendered":"<p>adidas JR Predator 18.3 FGnr katalogowy : DB2320* buty JUNIORSKIE* buty do gry w pi\u0142k\u0119 no\u017cn\u0105* przeznaczone do gry na : nawierzchniach naturalnych* materia\u0142 cholewki : materia\u0142 syntetyczny + tkanina* podeszwa : FG &#8211; lanka* poziom : ni\u017cszy \/ rekreacyjne* symetryczny uk\u0142ad sznurowania* podeszwa z podw\u00f3jn\u0105 g\u0119sto\u015bci\u0105 ko\u0142k\u00f3w zapewnia znakomit\u0105 przyczepno\u015b\u0107 na murawach suchych* kolekcja : lato 2018* buty przeznaczone do gry na boiskach z nawierzchni\u0105 naturaln\u0105 u\u017cytkowanie tego modelu but\u00f3w na boiskach z innymi nawierzchniami jest zabronione,prowadzi do trwa\u0142ego uszkodzenia podeszwy co wi\u0105\u017ce si\u0119 z utrat\u0105 gwarancji.Buty pi\u0142karskie do gry na naturalnych nawierzchniach powracaj\u0105 w wersji, kt\u00f3ra zapewnia niepodzieln\u0105 dominacj\u0119 na boisku. Syntetyczna cholewka na\u015bladuje kszta\u0142t Twojej pi\u0119ty, zapewniaj\u0105c bezpieczn\u0105 jej blokad\u0119, a idealnie dopasowany do stopy ko\u0142nierz stabilizuje kostk\u0119. Wyt\u0142aczane detale na przedniej cz\u0119\u015bci stopy pomagaj\u0105 przej\u0105\u0107 kontrol\u0119 nad pi\u0142k\u0105 i meczem.Elastyczne wsparcieCiesz si\u0119 optymalnym dopasowaniem dzi\u0119ki cholewce o anatomicznym designie, kt\u00f3ra na\u015bladuje kszta\u0142t Twojej pi\u0119tyZwi\u0119kszona kontrolaDetale wyt\u0142aczane na cholewce pozwol\u0105 Ci lepiej kontrolowa\u0107 pi\u0142k\u0119Stabilizacja kostkiDopasowuj\u0105cy si\u0119 do stopy niczym skarpetka materia\u0142 zapewnia komfort jak druga sk\u00f3raDominacja na naturalnej nawierzchniWysoce wydajna, wtryskiwana warstwa z TPU w podeszwie zewn\u0119trznej ma za zadanie stabilizowa\u0107 Twoje ruchy<\/p>\n<h2>Buty pi\u0142karskie Adidas Jr Predator 18.3 Fg Db2320 adidas<\/h2>\n<p>opowie\u015bci z narnii lew czarownica i stara szafa test do wydruku, zabawki na roczek, quiz stolice europy, lew czarownica i stara szafa test, prezent dla 15 latki, andrzejki dekoracje do druku, quiz o \u015bwi\u0119tach bo\u017cego narodzenia, gdy strumyk p\u0142ynie z wolna, co kupi\u0107 dziecku na roczek, zagadki trudne, bajki na dobranoc dla dzieci, atrakcje dla dzieci wroc\u0142aw, milan imi\u0119, test z lektury asiunia, piosenka na dzie\u0144 nauczyciela przedszkole, wiersze o wakacjach, prezenty dla 16 latki, co kupi\u0107 dziecku na roczek<\/p>\n<p>yyyyy<\/p>\n<p>&nbsp;<\/p>\n","protected":false},"excerpt":{"rendered":"<p>adidas JR Predator 18.3 FGnr katalogowy : DB2320* buty JUNIORSKIE* buty do gry w pi\u0142k\u0119 no\u017cn\u0105* przeznaczone do gry na : nawierzchniach naturalnych* materia\u0142 cholewki : materia\u0142 syntetyczny + tkanina* podeszwa : FG &#8211; lanka* poziom : ni\u017cszy \/ rekreacyjne* symetryczny uk\u0142ad sznurowania* podeszwa z podw\u00f3jn\u0105 g\u0119sto\u015bci\u0105 ko\u0142k\u00f3w zapewnia znakomit\u0105 przyczepno\u015b\u0107 na murawach suchych* kolekcja [&hellip;]<\/p>\n","protected":false},"featured_media":8305,"comment_status":"closed","ping_status":"open","template":"","meta":[],"product_cat":[280,1705],"product_tag":[643,783,822],"class_list":["post-8304","product","type-product","status-publish","has-post-thumbnail","hentry","product_cat-adidas","product_cat-buty-pilkarskie","product_tag-prezent-dla-17-latki","product_tag-prezenty-na-roczek-dla-chlopca","product_tag-wierszyki-o-wakacjach-krotkie"],"_links":{"self":[{"href":"http:\/\/klubmamgdynia.pl\/index.php\/wp-json\/wp\/v2\/product\/8304","targetHints":{"allow":["GET"]}}],"collection":[{"href":"http:\/\/klubmamgdynia.pl\/index.php\/wp-json\/wp\/v2\/product"}],"about":[{"href":"http:\/\/klubmamgdynia.pl\/index.php\/wp-json\/wp\/v2\/types\/product"}],"replies":[{"embeddable":true,"href":"http:\/\/klubmamgdynia.pl\/index.php\/wp-json\/wp\/v2\/comments?post=8304"}],"wp:featuredmedia":[{"embeddable":true,"href":"http:\/\/klubmamgdynia.pl\/index.php\/wp-json\/wp\/v2\/media\/8305"}],"wp:attachment":[{"href":"http:\/\/klubmamgdynia.pl\/index.php\/wp-json\/wp\/v2\/media?parent=8304"}],"wp:term":[{"taxonomy":"product_cat","embeddable":true,"href":"http:\/\/klubmamgdynia.pl\/index.php\/wp-json\/wp\/v2\/product_cat?post=8304"},{"taxonomy":"product_tag","embeddable":true,"href":"http:\/\/klubmamgdynia.pl\/index.php\/wp-json\/wp\/v2\/product_tag?post=8304"}],"curies":[{"name":"wp","href":"https:\/\/api.w.org\/{rel}","templated":true}]}}