{"id":8306,"date":"2018-06-12T10:47:52","date_gmt":"2018-06-12T08:47:52","guid":{"rendered":"http:\/\/klubmamgdynia.pl\/index.php\/produkt\/inna-bagaz-podreczny-40x20x25-plecak-do-samolot-ryanair-ple_granat_pom_maly\/"},"modified":"2026-04-03T21:37:40","modified_gmt":"2026-04-03T19:37:40","slug":"inna-bagaz-podreczny-40x20x25-plecak-do-samolot-ryanair-ple_granat_pom_maly","status":"publish","type":"product","link":"http:\/\/klubmamgdynia.pl\/index.php\/produkt\/inna-bagaz-podreczny-40x20x25-plecak-do-samolot-ryanair-ple_granat_pom_maly\/","title":{"rendered":"INNA BAGA\u017b PODR\u0118CZNY 40X20X25 PLECAK DO SAMOLOT RYANAIR PLE_GRANAT_POM_MA\u0141Y"},"content":{"rendered":"<p>Baga\u017c Podr\u0119czny 40x20x25 Plecak Do Samolot Ryanair<\/p>\n<h2>INNA BAGA\u017b PODR\u0118CZNY 40X20X25 PLECAK DO SAMOLOT RYANAIR PLE_GRANAT_POM_MA\u0141Y <\/h2>\n<p>felix net i nika oraz gang niewidzialnych ludzi quiz, ciekawe miejsca w warszawie dla m\u0142odzie\u017cy, bajki na dobranoc, maska kota, wroc\u0142aw atrakcje dla dzieci, upominek dla nastolatk\u00f3w, quizy za darmo, cytaty o wychowaniu i nauczaniu, misie z film\u00f3w animowanych, ale kino program, super zings kolorowanka, pa\u0144stwa miasta wz\u00f3r<\/p>\n<p>yyyyy<\/p>\n<p>&nbsp;<\/p>\n","protected":false},"excerpt":{"rendered":"<p>Baga\u017c Podr\u0119czny 40x20x25 Plecak Do Samolot Ryanair INNA BAGA\u017b PODR\u0118CZNY 40X20X25 PLECAK DO SAMOLOT RYANAIR PLE_GRANAT_POM_MA\u0141Y felix net i nika oraz gang niewidzialnych ludzi quiz, ciekawe miejsca w warszawie dla m\u0142odzie\u017cy, bajki na dobranoc, maska kota, wroc\u0142aw atrakcje dla dzieci, upominek dla nastolatk\u00f3w, quizy za darmo, cytaty o wychowaniu i nauczaniu, misie z film\u00f3w animowanych, [&hellip;]<\/p>\n","protected":false},"featured_media":8307,"comment_status":"closed","ping_status":"open","template":"","meta":[],"product_cat":[1706],"product_tag":[745,798,587],"class_list":["post-8306","product","type-product","status-publish","has-post-thumbnail","hentry","product_cat-plecaki","product_tag-prezent-dla-15-latki","product_tag-prezenty-dla-nastolatki","product_tag-skalne-miasto"],"_links":{"self":[{"href":"http:\/\/klubmamgdynia.pl\/index.php\/wp-json\/wp\/v2\/product\/8306","targetHints":{"allow":["GET"]}}],"collection":[{"href":"http:\/\/klubmamgdynia.pl\/index.php\/wp-json\/wp\/v2\/product"}],"about":[{"href":"http:\/\/klubmamgdynia.pl\/index.php\/wp-json\/wp\/v2\/types\/product"}],"replies":[{"embeddable":true,"href":"http:\/\/klubmamgdynia.pl\/index.php\/wp-json\/wp\/v2\/comments?post=8306"}],"wp:featuredmedia":[{"embeddable":true,"href":"http:\/\/klubmamgdynia.pl\/index.php\/wp-json\/wp\/v2\/media\/8307"}],"wp:attachment":[{"href":"http:\/\/klubmamgdynia.pl\/index.php\/wp-json\/wp\/v2\/media?parent=8306"}],"wp:term":[{"taxonomy":"product_cat","embeddable":true,"href":"http:\/\/klubmamgdynia.pl\/index.php\/wp-json\/wp\/v2\/product_cat?post=8306"},{"taxonomy":"product_tag","embeddable":true,"href":"http:\/\/klubmamgdynia.pl\/index.php\/wp-json\/wp\/v2\/product_tag?post=8306"}],"curies":[{"name":"wp","href":"https:\/\/api.w.org\/{rel}","templated":true}]}}