{"id":8308,"date":"2017-01-20T04:05:44","date_gmt":"2017-01-20T03:05:44","guid":{"rendered":"http:\/\/klubmamgdynia.pl\/index.php\/produkt\/romet-wagant-4-zielono-grafitowy-28-2022\/"},"modified":"2026-05-17T22:38:26","modified_gmt":"2026-05-17T20:38:26","slug":"romet-wagant-4-zielono-grafitowy-28-2022","status":"publish","type":"product","link":"http:\/\/klubmamgdynia.pl\/index.php\/produkt\/romet-wagant-4-zielono-grafitowy-28-2022\/","title":{"rendered":"Romet Wagant 4 Zielono Grafitowy 28 2022"},"content":{"rendered":"<p>Rower trekkingowy Romet Wagant 4 2022Lekka, aluminiowa rama:Wykorzystanie stopu aluminium 6061 pozwoli\u0142o uzyska\u0107 korzystny stosunek masy do wytrzyma\u0142o\u015bci.Wewn\u0119trzne prowadzenie linek zapewnia ich ochron\u0119, jednocze\u015bnie zachowuj\u0105c estetyczny wygl\u0105d ramy.Dzi\u0119ki w\u0142asnej produkcji, Romet zapewnia do\u017cywotni\u0105 gwarancj\u0119 na ram\u0119.Precyzyjny nap\u0119d:21-biegowy nap\u0119d Shimano pozwoli dobra\u0107 optymalne prze\u0142o\u017cenie w r\u00f3\u017cnych warunkach.Wydajny amortyzator:Amortyzator SR Suntour NEX o skoku 63mm zapewnia wystarczaj\u0105cy poziom redukcji drga\u0144 poprawiaj\u0105c tym samym komfort jazdy.Mocne hamulce:Mechaniczne hamulce tarczowe Shimano z tarczami o \u015brednicy 160mm maj\u0105 za zadanie zapewni\u0107 wysok\u0105 skuteczno\u015b\u0107 hamowania.Solidne ko\u0142a:Dwukomorowe, aluminiowe obr\u0119cze, produkowane s\u0105 w polskiej fabryce Romet z zachowaniem wysokich standard\u00f3w jako\u015bci.Wygodne siod\u0142o:Mi\u0119kkie siod\u0142o Selle Royal pozwala zachowa\u0107 wysoki poziom komfortu nawet podczas d\u0142ugiej jazdy.Bogate wyposa\u017cenie dodatkowe:Wagant 4 wyposa\u017cony zosta\u0142 w b\u0142otniki, baga\u017cnik, podp\u00f3rk\u0119, os\u0142on\u0119 \u0142a\u0144cucha i o\u015bwietlenie. Pr\u0105dnica w przedniej pia\u015bcie zapewnia nieustanne zasilanie lampy z przodu i z ty\u0142u.Regulowany mostek kierownicy i amortyzowana sztyca siod\u0142a poprawiaj\u0105 komfort u\u017cytkowania roweru.<\/p>\n<h2>Romet Wagant 4 Zielono Grafitowy 28 2022 Romet<\/h2>\n<p>zaproszenie na urodziny do druku, wobies, w zieleni \u0142\u0105ka majowa tekst, zaproszenia na urodziny do druku, zagadki logiczne \u015bmieszne, gwiazdka do druku<\/p>\n<p>yyyyy<\/p>\n<p>&nbsp;<\/p>\n","protected":false},"excerpt":{"rendered":"<p>Rower trekkingowy Romet Wagant 4 2022Lekka, aluminiowa rama:Wykorzystanie stopu aluminium 6061 pozwoli\u0142o uzyska\u0107 korzystny stosunek masy do wytrzyma\u0142o\u015bci.Wewn\u0119trzne prowadzenie linek zapewnia ich ochron\u0119, jednocze\u015bnie zachowuj\u0105c estetyczny wygl\u0105d ramy.Dzi\u0119ki w\u0142asnej produkcji, Romet zapewnia do\u017cywotni\u0105 gwarancj\u0119 na ram\u0119.Precyzyjny nap\u0119d:21-biegowy nap\u0119d Shimano pozwoli dobra\u0107 optymalne prze\u0142o\u017cenie w r\u00f3\u017cnych warunkach.Wydajny amortyzator:Amortyzator SR Suntour NEX o skoku 63mm zapewnia wystarczaj\u0105cy [&hellip;]<\/p>\n","protected":false},"featured_media":8309,"comment_status":"closed","ping_status":"open","template":"","meta":[],"product_cat":[1707,1708],"product_tag":[788,724,800],"class_list":["post-8308","product","type-product","status-publish","has-post-thumbnail","hentry","product_cat-romet","product_cat-rowery","product_tag-zagadki-krotkie","product_tag-zagadki-podchwytliwe","product_tag-zagadki-smieszne"],"_links":{"self":[{"href":"http:\/\/klubmamgdynia.pl\/index.php\/wp-json\/wp\/v2\/product\/8308","targetHints":{"allow":["GET"]}}],"collection":[{"href":"http:\/\/klubmamgdynia.pl\/index.php\/wp-json\/wp\/v2\/product"}],"about":[{"href":"http:\/\/klubmamgdynia.pl\/index.php\/wp-json\/wp\/v2\/types\/product"}],"replies":[{"embeddable":true,"href":"http:\/\/klubmamgdynia.pl\/index.php\/wp-json\/wp\/v2\/comments?post=8308"}],"wp:featuredmedia":[{"embeddable":true,"href":"http:\/\/klubmamgdynia.pl\/index.php\/wp-json\/wp\/v2\/media\/8309"}],"wp:attachment":[{"href":"http:\/\/klubmamgdynia.pl\/index.php\/wp-json\/wp\/v2\/media?parent=8308"}],"wp:term":[{"taxonomy":"product_cat","embeddable":true,"href":"http:\/\/klubmamgdynia.pl\/index.php\/wp-json\/wp\/v2\/product_cat?post=8308"},{"taxonomy":"product_tag","embeddable":true,"href":"http:\/\/klubmamgdynia.pl\/index.php\/wp-json\/wp\/v2\/product_tag?post=8308"}],"curies":[{"name":"wp","href":"https:\/\/api.w.org\/{rel}","templated":true}]}}