{"id":8310,"date":"2016-11-25T00:28:35","date_gmt":"2016-11-24T23:28:35","guid":{"rendered":"http:\/\/klubmamgdynia.pl\/index.php\/produkt\/zdalnie-sterowane-ferrari-lexibook-model-it060fe\/"},"modified":"2026-04-29T07:04:22","modified_gmt":"2026-04-29T05:04:22","slug":"zdalnie-sterowane-ferrari-lexibook-model-it060fe","status":"publish","type":"product","link":"http:\/\/klubmamgdynia.pl\/index.php\/produkt\/zdalnie-sterowane-ferrari-lexibook-model-it060fe\/","title":{"rendered":"Zdalnie Sterowane Ferrari Lexibook Model It060Fe"},"content":{"rendered":"<p>Wygraj puchar i sta\u0144 si\u0119 najlepszym kierowc\u0105 Formu\u0142y 1. zdalnie sterowana wy\u015bcig\u00f3wka jest zupe\u0142nie jak prawdziwa. Pilot zdalnego sterowania jest w kszta\u0142cie kierownicy &#8211; mo\u017cesz si\u0119 poczu\u0107 jakby\u015b siedzia\u0142 &#8222;za k\u00f3\u0142kiem&#8221;!<\/p>\n<h2>Zdalnie Sterowane Ferrari Lexibook Model It060Fe Rastar<\/h2>\n<p>b\u0105k ptak, test miko\u0142ajek, ale kino program, wierszyki na dobranoc dla dzieci, wierszyki na smigus dyngus, cytaty o przyja\u017ani, minionki do druku, zagadki typu co to jest, krotkie zagadki, bajki na dobranoc, pytania o \u015bwi\u0119ta dla dzieci, test miko\u0142ajek, halloween 2021 dla dzieci<\/p>\n<p>yyyyy<\/p>\n<p>&nbsp;<\/p>\n","protected":false},"excerpt":{"rendered":"<p>Wygraj puchar i sta\u0144 si\u0119 najlepszym kierowc\u0105 Formu\u0142y 1. zdalnie sterowana wy\u015bcig\u00f3wka jest zupe\u0142nie jak prawdziwa. Pilot zdalnego sterowania jest w kszta\u0142cie kierownicy &#8211; mo\u017cesz si\u0119 poczu\u0107 jakby\u015b siedzia\u0142 &#8222;za k\u00f3\u0142kiem&#8221;! Zdalnie Sterowane Ferrari Lexibook Model It060Fe Rastar b\u0105k ptak, test miko\u0142ajek, ale kino program, wierszyki na dobranoc dla dzieci, wierszyki na smigus dyngus, cytaty [&hellip;]<\/p>\n","protected":false},"featured_media":8311,"comment_status":"closed","ping_status":"open","template":"","meta":[],"product_cat":[295,504],"product_tag":[806,675,698],"class_list":["post-8310","product","type-product","status-publish","has-post-thumbnail","hentry","product_cat-pozostale-zabawki","product_cat-rastar","product_tag-prezent-dla-dziecka-na-roczek","product_tag-test-z-lektury-kajko-i-kokosz-szkola-latania","product_tag-zagadki-dla-przedszkolakow"],"_links":{"self":[{"href":"http:\/\/klubmamgdynia.pl\/index.php\/wp-json\/wp\/v2\/product\/8310","targetHints":{"allow":["GET"]}}],"collection":[{"href":"http:\/\/klubmamgdynia.pl\/index.php\/wp-json\/wp\/v2\/product"}],"about":[{"href":"http:\/\/klubmamgdynia.pl\/index.php\/wp-json\/wp\/v2\/types\/product"}],"replies":[{"embeddable":true,"href":"http:\/\/klubmamgdynia.pl\/index.php\/wp-json\/wp\/v2\/comments?post=8310"}],"wp:featuredmedia":[{"embeddable":true,"href":"http:\/\/klubmamgdynia.pl\/index.php\/wp-json\/wp\/v2\/media\/8311"}],"wp:attachment":[{"href":"http:\/\/klubmamgdynia.pl\/index.php\/wp-json\/wp\/v2\/media?parent=8310"}],"wp:term":[{"taxonomy":"product_cat","embeddable":true,"href":"http:\/\/klubmamgdynia.pl\/index.php\/wp-json\/wp\/v2\/product_cat?post=8310"},{"taxonomy":"product_tag","embeddable":true,"href":"http:\/\/klubmamgdynia.pl\/index.php\/wp-json\/wp\/v2\/product_tag?post=8310"}],"curies":[{"name":"wp","href":"https:\/\/api.w.org\/{rel}","templated":true}]}}