{"id":8312,"date":"2022-10-30T07:13:58","date_gmt":"2022-10-30T06:13:58","guid":{"rendered":"http:\/\/klubmamgdynia.pl\/?post_type=product&#038;p=8312"},"modified":"2026-04-06T14:03:27","modified_gmt":"2026-04-06T12:03:27","slug":"animal-planet-samiec-lwa","status":"publish","type":"product","link":"http:\/\/klubmamgdynia.pl\/index.php\/produkt\/animal-planet-samiec-lwa\/","title":{"rendered":"Animal Planet Samiec Lwa"},"content":{"rendered":"<p>Figurki Animal Planet s\u0105 tworzone r\u0119cznie. Przy produkcji figurek wykorzystano innowacyjn\u0105 technologi\u0119 oraz bardzo solidne materia\u0142y. Dzi\u0119ki temu, oferowane figurki wiernie oddaj\u0105 szczeg\u00f3\u0142y anatomiczne zwierz\u0105t, s\u0105 trwa\u0142e i bezpieczne dla dzieci.Oferowane przez nas figurki doskonale nadaj\u0105 si\u0119 na prezent dla dziecka, s\u0105 r\u00f3wnie\u017c interesuj\u0105c\u0105 propozycj\u0105 dla kolekcjoner\u00f3w.Czy wiesz \u017ce&#8230;?\u0141aci\u0144ska nazwa lwa to Panthera Leo.Lwy, w przeciwie\u0144stwie do innych wielkich kot\u00f3w, s\u0105 zwierz\u0119tami stadnymi. Stada licz\u0105 od kilku do nawet 30 osobnik\u00f3w.Lew, jak na kr\u00f3la zwierz\u0105t przysta\u0142o, przesadnie si\u0119 nie przem\u0119cza. Sp\u0119dza na odpoczynku do 20 godzin na dob\u0119.Samce rzadko uczestnicz\u0105 w polowaniach, jest to domen\u0105 samic. Lwice poluj\u0105 na og\u00f3\u0142 w grupie.Grzywa lwa jest oznak\u0105 jego si\u0142y i zdrowia. Bez bujnej grzywy, samiec ma ma\u0142e szanse na znalezienie partnerki i sp\u0142odzenia potomstwa.Lwy potrafi\u0105 by\u0107 bardzo szybkie, na kr\u00f3tkim dystansie mog\u0105 rozp\u0119dzi\u0107 si\u0119 do pr\u0119dko\u015b\u0107 nawet 60 km\/h.Lew, razem ze: s\u0142oniem, bawo\u0142em, lampartem i nosoro\u017ccem jest zaliczany do wielkiej pi\u0105tki Afryki. Jest zagro\u017cony wygini\u0119ciem.<\/p>\n<h2>Animal Planet Samiec Lwa Animal Planet<\/h2>\n<p>pozytywne cytaty mama cytaty, lokomotywa kolorowanka, sabina, bajki dla dzieci na dobranoc do czytania, kiedy dzieci chodz\u0105 na halloween, pomys\u0142 na prima aprilis, gry dla m\u0142odzie\u017cy, mitologia grecka quiz, kolorowanki, wiersz na wielkanocnym stole, zabawki dla rocznej dziewczynki, hello kitty kolorowanka, origami dla dzieci, krok jak narysowa\u0107 konia<\/p>\n<p>yyyyy<\/p>\n<p>&nbsp;<\/p>\n","protected":false},"excerpt":{"rendered":"<p>Figurki Animal Planet s\u0105 tworzone r\u0119cznie. Przy produkcji figurek wykorzystano innowacyjn\u0105 technologi\u0119 oraz bardzo solidne materia\u0142y. Dzi\u0119ki temu, oferowane figurki wiernie oddaj\u0105 szczeg\u00f3\u0142y anatomiczne zwierz\u0105t, s\u0105 trwa\u0142e i bezpieczne dla dzieci.Oferowane przez nas figurki doskonale nadaj\u0105 si\u0119 na prezent dla dziecka, s\u0105 r\u00f3wnie\u017c interesuj\u0105c\u0105 propozycj\u0105 dla kolekcjoner\u00f3w.Czy wiesz \u017ce&#8230;?\u0141aci\u0144ska nazwa lwa to Panthera Leo.Lwy, w [&hellip;]<\/p>\n","protected":false},"featured_media":8313,"comment_status":"closed","ping_status":"open","template":"","meta":[],"product_cat":[1692,95],"product_tag":[730,699,644,659,760],"class_list":["post-8312","product","type-product","status-publish","has-post-thumbnail","hentry","product_cat-animal-planet","product_cat-figurki-makiety-i-zestawy","product_tag-karyna","product_tag-kolorowanki-do-druku-dla-dziewczyn","product_tag-mia","product_tag-tupu-tup-po-sniegu-tekst","product_tag-zagadka-matematyczna"],"_links":{"self":[{"href":"http:\/\/klubmamgdynia.pl\/index.php\/wp-json\/wp\/v2\/product\/8312","targetHints":{"allow":["GET"]}}],"collection":[{"href":"http:\/\/klubmamgdynia.pl\/index.php\/wp-json\/wp\/v2\/product"}],"about":[{"href":"http:\/\/klubmamgdynia.pl\/index.php\/wp-json\/wp\/v2\/types\/product"}],"replies":[{"embeddable":true,"href":"http:\/\/klubmamgdynia.pl\/index.php\/wp-json\/wp\/v2\/comments?post=8312"}],"wp:featuredmedia":[{"embeddable":true,"href":"http:\/\/klubmamgdynia.pl\/index.php\/wp-json\/wp\/v2\/media\/8313"}],"wp:attachment":[{"href":"http:\/\/klubmamgdynia.pl\/index.php\/wp-json\/wp\/v2\/media?parent=8312"}],"wp:term":[{"taxonomy":"product_cat","embeddable":true,"href":"http:\/\/klubmamgdynia.pl\/index.php\/wp-json\/wp\/v2\/product_cat?post=8312"},{"taxonomy":"product_tag","embeddable":true,"href":"http:\/\/klubmamgdynia.pl\/index.php\/wp-json\/wp\/v2\/product_tag?post=8312"}],"curies":[{"name":"wp","href":"https:\/\/api.w.org\/{rel}","templated":true}]}}