{"id":8316,"date":"2020-03-21T12:47:49","date_gmt":"2020-03-21T11:47:49","guid":{"rendered":"http:\/\/klubmamgdynia.pl\/index.php\/produkt\/funko-figurka-gold-5-premium-slash\/"},"modified":"2026-04-04T05:21:39","modified_gmt":"2026-04-04T03:21:39","slug":"funko-figurka-gold-5-premium-slash","status":"publish","type":"product","link":"http:\/\/klubmamgdynia.pl\/index.php\/produkt\/funko-figurka-gold-5-premium-slash\/","title":{"rendered":"Funko Figurka Gold 5&#8243; Premium Slash"},"content":{"rendered":"<p>Figurka Funko GOLD 5&#8243; Premium SlashProducent &#8211; Funko Kod produktu &#8211; 61434Wybierz GOLD w swojej kolekcji muzycznej z nowym Funko GOLD Slash &#8211; kultowym artyst\u0105 muzycznym.Premium figurka winylowa 5&#8243;.Produkt kolekcjonerski &#8211; ozdobne pude\u0142ko jest cz\u0119\u015bci\u0105 zestawu. Produkty rozpakowane, lub w uszkodzonym pude\u0142ku nie podlegaj\u0105 zwrotom.<\/p>\n<h2>Funko Figurka Gold 5&#8243; Premium Slash Funko<\/h2>\n<p>kolorowanka harry potter do druku, zagadki o owocach, kamila, bajka o miko\u0142aju do czytania, zdania do pisania dla dzieci do wydruku, test z lektury asiunia, darmowe kolorowanki kolorowanki dla dziewczynek, podzi\u0119kowania dla nauczyciela cytaty, karmen imie, walentynka kolorowanka, znane misie z film\u00f3w animowanych, spongebob kolorowanka, gry z pi\u0142k\u0105, atrakcje dla dzieci tr\u00f3jmiasto, imi\u0119 nela, prezent dla 15 latki 2021, dobre zagadki logiczne, bajki terapeutyczne o emocjach, aron, bajki dla dzieci do czytania na dobranoc<\/p>\n<p>yyyyy<\/p>\n<p>&nbsp;<\/p>\n","protected":false},"excerpt":{"rendered":"<p>Figurka Funko GOLD 5&#8243; Premium SlashProducent &#8211; Funko Kod produktu &#8211; 61434Wybierz GOLD w swojej kolekcji muzycznej z nowym Funko GOLD Slash &#8211; kultowym artyst\u0105 muzycznym.Premium figurka winylowa 5&#8243;.Produkt kolekcjonerski &#8211; ozdobne pude\u0142ko jest cz\u0119\u015bci\u0105 zestawu. Produkty rozpakowane, lub w uszkodzonym pude\u0142ku nie podlegaj\u0105 zwrotom. Funko Figurka Gold 5&#8243; Premium Slash Funko kolorowanka harry potter [&hellip;]<\/p>\n","protected":false},"featured_media":8317,"comment_status":"closed","ping_status":"open","template":"","meta":[],"product_cat":[95,1709],"product_tag":[784,866,705,872,860,600],"class_list":["post-8316","product","type-product","status-publish","has-post-thumbnail","hentry","product_cat-figurki-makiety-i-zestawy","product_cat-funko","product_tag-hymn-gorniczy","product_tag-opis-do-zdjecia-dziecka-na-fb","product_tag-prezent-na-roczek-dla-chlopca","product_tag-zagadki-dla-dzieci-6-lat","product_tag-zagadki-logiczne-dla-doroslych","product_tag-zaproszenia-na-urodziny-do-druku"],"_links":{"self":[{"href":"http:\/\/klubmamgdynia.pl\/index.php\/wp-json\/wp\/v2\/product\/8316","targetHints":{"allow":["GET"]}}],"collection":[{"href":"http:\/\/klubmamgdynia.pl\/index.php\/wp-json\/wp\/v2\/product"}],"about":[{"href":"http:\/\/klubmamgdynia.pl\/index.php\/wp-json\/wp\/v2\/types\/product"}],"replies":[{"embeddable":true,"href":"http:\/\/klubmamgdynia.pl\/index.php\/wp-json\/wp\/v2\/comments?post=8316"}],"wp:featuredmedia":[{"embeddable":true,"href":"http:\/\/klubmamgdynia.pl\/index.php\/wp-json\/wp\/v2\/media\/8317"}],"wp:attachment":[{"href":"http:\/\/klubmamgdynia.pl\/index.php\/wp-json\/wp\/v2\/media?parent=8316"}],"wp:term":[{"taxonomy":"product_cat","embeddable":true,"href":"http:\/\/klubmamgdynia.pl\/index.php\/wp-json\/wp\/v2\/product_cat?post=8316"},{"taxonomy":"product_tag","embeddable":true,"href":"http:\/\/klubmamgdynia.pl\/index.php\/wp-json\/wp\/v2\/product_tag?post=8316"}],"curies":[{"name":"wp","href":"https:\/\/api.w.org\/{rel}","templated":true}]}}