{"id":832,"date":"2014-01-02T04:35:27","date_gmt":"2014-01-02T03:35:27","guid":{"rendered":"http:\/\/klubmamgdynia.pl\/index.php\/produkt\/mondo-disney-auta-namiot-plazowy-3\/"},"modified":"2026-05-17T21:47:01","modified_gmt":"2026-05-17T19:47:01","slug":"mondo-disney-auta-namiot-plazowy-3","status":"publish","type":"product","link":"http:\/\/klubmamgdynia.pl\/index.php\/produkt\/mondo-disney-auta-namiot-plazowy-3\/","title":{"rendered":"Mondo Disney Auta Namiot Pla\u017cowy 3"},"content":{"rendered":"<p>Namiot dzieci\u0119cy CARS AUTA 3 w\u0142oskiej firmy Mondo, to idealna zabawka dla ka\u017cdego dziecka!Zapewni on \u015bwietn\u0105 zabaw\u0119 i ogrom atrakcji zar\u00f3wno dziewczynce jak i ch\u0142opcu!Namiot stworzony zosta\u0142 z my\u015bl\u0105 o dziewczynkach, mi\u0142o\u015bniczkach znanej bajki, z pewno\u015bci\u0105 zachwyci wszystkie dziewczynki.Mo\u017cna si\u0119 w nim bawi\u0107:* w ogrodzie,* w domu,* na dzia\u0142ce* na pla\u017cy.Namiot to \u015bwietne miejsce zabaw dla Twojego dziecka, mo\u017cna tak\u017ce wy\u015bcieli\u0107 go kocykiem i u\u0142o\u017cy\u0107 w nim malca do snu.\u015awietnie ochroni dziecko przed s\u0142o\u0144cem.Posiada on elastyczny pa\u0142\u0105k jako stela\u017c, pokrycie uszyte zosta\u0142o z wytrzyma\u0142ego, wodoodpornego oraz \u0142atwego w czyszczeniu materia\u0142u (poliester).Jedna ze \u015bcianek namiotu jest otwierana.Pod\u0142oga wykonana jest z nieprzemakalnego materia\u0142u.Namiot jest \u0142atwy w monta\u017cu oraz demonta\u017cu i wygodny do przechowywania, poniewa\u017c po z\u0142o\u017ceniu zajmuje niewiele miejsca.Namiot posiada torb\u0119 z r\u0105czk\u0105, kt\u00f3ra u\u0142atwia przenoszenie.Produkt posiada Certyfikat Jako\u015bci i Bezpiecze\u0144stwa CE.ZAWARTO\u015a\u0106:- namiot igloo Cars Auta 3WIEK:2+WYMIARY:opakowania: 60 x 10 x 6 cmnamiotu 200 x 78 x 93 cmUWAGI:Produkt nieodpowiedni dla dzieci do 2 lat.<\/p>\n<h2>Mondo Disney Auta Namiot Pla\u017cowy 3 Mondo<\/h2>\n<p>quizy dla przedszkolak\u00f3w, koty kolorowanka, zagadki logiczne matematyczne dla dzieci, wierszyki na smigus dyngus, quiz flagi, kolorowanki do druku dla ch\u0142opc\u00f3w, co kupi\u0107 dziecku na roczek, jedzie poci\u0105g z daleka tekst, znaczenie imienia paula, prezent dla nastolatk\u00f3w, zagadki nie do rozwi\u0105zania, test miko\u0142ajek 25 pyta\u0144, najpi\u0119kniejsze cytaty o przyja\u017ani<\/p>\n<p>yyyyy<\/p>\n<p>&nbsp;<\/p>\n","protected":false},"excerpt":{"rendered":"<p>Namiot dzieci\u0119cy CARS AUTA 3 w\u0142oskiej firmy Mondo, to idealna zabawka dla ka\u017cdego dziecka!Zapewni on \u015bwietn\u0105 zabaw\u0119 i ogrom atrakcji zar\u00f3wno dziewczynce jak i ch\u0142opcu!Namiot stworzony zosta\u0142 z my\u015bl\u0105 o dziewczynkach, mi\u0142o\u015bniczkach znanej bajki, z pewno\u015bci\u0105 zachwyci wszystkie dziewczynki.Mo\u017cna si\u0119 w nim bawi\u0107:* w ogrodzie,* w domu,* na dzia\u0142ce* na pla\u017cy.Namiot to \u015bwietne miejsce zabaw [&hellip;]<\/p>\n","protected":false},"featured_media":833,"comment_status":"closed","ping_status":"open","template":"","meta":[],"product_cat":[282,292],"product_tag":[645,599,822],"class_list":["post-832","product","type-product","status-publish","has-post-thumbnail","hentry","product_cat-domki-i-namioty-dla-dzieci","product_cat-mondo","product_tag-latwe-zagadki","product_tag-prezent-dla-nastolatkow-2021","product_tag-wierszyki-o-wakacjach-krotkie"],"_links":{"self":[{"href":"http:\/\/klubmamgdynia.pl\/index.php\/wp-json\/wp\/v2\/product\/832","targetHints":{"allow":["GET"]}}],"collection":[{"href":"http:\/\/klubmamgdynia.pl\/index.php\/wp-json\/wp\/v2\/product"}],"about":[{"href":"http:\/\/klubmamgdynia.pl\/index.php\/wp-json\/wp\/v2\/types\/product"}],"replies":[{"embeddable":true,"href":"http:\/\/klubmamgdynia.pl\/index.php\/wp-json\/wp\/v2\/comments?post=832"}],"wp:featuredmedia":[{"embeddable":true,"href":"http:\/\/klubmamgdynia.pl\/index.php\/wp-json\/wp\/v2\/media\/833"}],"wp:attachment":[{"href":"http:\/\/klubmamgdynia.pl\/index.php\/wp-json\/wp\/v2\/media?parent=832"}],"wp:term":[{"taxonomy":"product_cat","embeddable":true,"href":"http:\/\/klubmamgdynia.pl\/index.php\/wp-json\/wp\/v2\/product_cat?post=832"},{"taxonomy":"product_tag","embeddable":true,"href":"http:\/\/klubmamgdynia.pl\/index.php\/wp-json\/wp\/v2\/product_tag?post=832"}],"curies":[{"name":"wp","href":"https:\/\/api.w.org\/{rel}","templated":true}]}}