{"id":8320,"date":"2019-07-30T08:43:59","date_gmt":"2019-07-30T06:43:59","guid":{"rendered":"http:\/\/klubmamgdynia.pl\/index.php\/produkt\/benbat-zaglowek-samochodowy-0-12-miesiecy-kon\/"},"modified":"2026-05-17T22:37:55","modified_gmt":"2026-05-17T20:37:55","slug":"benbat-zaglowek-samochodowy-0-12-miesiecy-kon","status":"publish","type":"product","link":"http:\/\/klubmamgdynia.pl\/index.php\/produkt\/benbat-zaglowek-samochodowy-0-12-miesiecy-kon\/","title":{"rendered":"Benbat Zag\u0142\u00f3wek Samochodowy 0-12 Miesi\u0119cy Ko\u0144"},"content":{"rendered":"<p>Zag\u0142\u00f3wek Travel Friends umili ka\u017cd\u0105 podr\u00f3\u017c malucha zapewniaj\u0105c mu pe\u0142en komfort i wygod\u0119 jazdy! Dzi\u0119ki unikalnemu kszta\u0142towi zagwarantuje doskona\u0142e oparcie pod szyj\u0119 i g\u0142\u00f3wk\u0119. Nadaj\u0119 si\u0119 zar\u00f3wno do samochodu jak i do w\u00f3zka.Zag\u0142\u00f3wek w kszta\u0142cie ulubionego zwierz\u0105tka jest :dwustronny &#8211; z jednej strony ch\u0142odniejszy materia\u0142 na lato, a z drugiej ciep\u0142y \u201emisiek\u201d na zim\u0119bezpieczny (w bocznych cz\u0119\u015bciach zag\u0142\u00f3wka znajduj\u0105 si\u0119 magnesy, kt\u00f3re umo\u017cliwi\u0105 podparcie brody. Dzi\u0119ki nim g\u0142owa jest bardziej stabilna.),dodatkowo posiadaj\u0105 uchwyt na smoczek, kt\u00f3ry zapobiegnie zgubieniu sie smoczka,wygodny, niesamowicie mi\u0119kki i przyjemny w dotyku,Waga dziecka: 0-13 kg<\/p>\n<h2>Benbat Zag\u0142\u00f3wek Samochodowy 0-12 Miesi\u0119cy Ko\u0144 Benbat<\/h2>\n<p>co na roczek dla ch\u0142opca, konkurencje sportowe dla dzieci, ko\u0142ysanki dla dzieci + tekst, warszawa dla dzieci, kolorowanki minecraft, pokemon kolorowanki<\/p>\n<p>yyyyy<\/p>\n<p>&nbsp;<\/p>\n","protected":false},"excerpt":{"rendered":"<p>Zag\u0142\u00f3wek Travel Friends umili ka\u017cd\u0105 podr\u00f3\u017c malucha zapewniaj\u0105c mu pe\u0142en komfort i wygod\u0119 jazdy! Dzi\u0119ki unikalnemu kszta\u0142towi zagwarantuje doskona\u0142e oparcie pod szyj\u0119 i g\u0142\u00f3wk\u0119. Nadaj\u0119 si\u0119 zar\u00f3wno do samochodu jak i do w\u00f3zka.Zag\u0142\u00f3wek w kszta\u0142cie ulubionego zwierz\u0105tka jest :dwustronny &#8211; z jednej strony ch\u0142odniejszy materia\u0142 na lato, a z drugiej ciep\u0142y \u201emisiek\u201d na zim\u0119bezpieczny (w [&hellip;]<\/p>\n","protected":false},"featured_media":0,"comment_status":"closed","ping_status":"open","template":"","meta":[],"product_cat":[1125,1710],"product_tag":[772,668,826,762],"class_list":["post-8320","product","type-product","status-publish","hentry","product_cat-akcesoria-samochodowe-dla-dzieci","product_cat-benbat","product_tag-45-panstw-europy-i-ich-stolice-quiz","product_tag-atrakcje-dla-dzieci-wroclaw","product_tag-prezent-dla-15-latka","product_tag-trudne-zagadki-dla-dzieci"],"_links":{"self":[{"href":"http:\/\/klubmamgdynia.pl\/index.php\/wp-json\/wp\/v2\/product\/8320","targetHints":{"allow":["GET"]}}],"collection":[{"href":"http:\/\/klubmamgdynia.pl\/index.php\/wp-json\/wp\/v2\/product"}],"about":[{"href":"http:\/\/klubmamgdynia.pl\/index.php\/wp-json\/wp\/v2\/types\/product"}],"replies":[{"embeddable":true,"href":"http:\/\/klubmamgdynia.pl\/index.php\/wp-json\/wp\/v2\/comments?post=8320"}],"wp:attachment":[{"href":"http:\/\/klubmamgdynia.pl\/index.php\/wp-json\/wp\/v2\/media?parent=8320"}],"wp:term":[{"taxonomy":"product_cat","embeddable":true,"href":"http:\/\/klubmamgdynia.pl\/index.php\/wp-json\/wp\/v2\/product_cat?post=8320"},{"taxonomy":"product_tag","embeddable":true,"href":"http:\/\/klubmamgdynia.pl\/index.php\/wp-json\/wp\/v2\/product_tag?post=8320"}],"curies":[{"name":"wp","href":"https:\/\/api.w.org\/{rel}","templated":true}]}}