{"id":8321,"date":"2016-01-06T17:59:05","date_gmt":"2016-01-06T16:59:05","guid":{"rendered":"http:\/\/klubmamgdynia.pl\/index.php\/produkt\/spin-master-psi-patrol-misja-radiowoz-chasea-20088851\/"},"modified":"2026-04-23T06:01:59","modified_gmt":"2026-04-23T04:01:59","slug":"spin-master-psi-patrol-misja-radiowoz-chasea-20088851","status":"publish","type":"product","link":"http:\/\/klubmamgdynia.pl\/index.php\/produkt\/spin-master-psi-patrol-misja-radiowoz-chasea-20088851\/","title":{"rendered":"Spin Master Psi Patrol Misja Radiow\u00f3z Chase&#8217;A 20088851"},"content":{"rendered":"<p>Zestaw sk\u0142adaj\u0105cy si\u0119 z figurki szczeniaka Chasea oraz wozu szpiegowskiego z dronem, z serii zabawek Psi patrol od Spin Master.<\/p>\n<h2>Spin Master Psi Patrol Misja Radiow\u00f3z ChaseA 20088851 Spin Master<\/h2>\n<p>flagi do druku, cytaty o mi\u0142o\u015bci do dziecka, zabawka na roczek dla dziewczynki, minecraft kolorowanki, lucyna, quiz pi\u0142karski, filmy rodzinne na halloween, psikusy na prima aprilis, logiczne zagadki<\/p>\n<p>yyyyy<\/p>\n<p>&nbsp;<\/p>\n","protected":false},"excerpt":{"rendered":"<p>Zestaw sk\u0142adaj\u0105cy si\u0119 z figurki szczeniaka Chasea oraz wozu szpiegowskiego z dronem, z serii zabawek Psi patrol od Spin Master. Spin Master Psi Patrol Misja Radiow\u00f3z ChaseA 20088851 Spin Master flagi do druku, cytaty o mi\u0142o\u015bci do dziecka, zabawka na roczek dla dziewczynki, minecraft kolorowanki, lucyna, quiz pi\u0142karski, filmy rodzinne na halloween, psikusy na prima [&hellip;]<\/p>\n","protected":false},"featured_media":8322,"comment_status":"closed","ping_status":"open","template":"","meta":[],"product_cat":[83,94],"product_tag":[583,773,738],"class_list":["post-8321","product","type-product","status-publish","has-post-thumbnail","hentry","product_cat-auta-i-inne-pojazdy-do-zabawy","product_cat-spin-master","product_tag-kolysanki-dla-dzieci-tekst","product_tag-test-z-lektury-opowiesci-z-narnii-lew-czarownica-i-stara-szafa","product_tag-wroclaw-dla-dzieci"],"_links":{"self":[{"href":"http:\/\/klubmamgdynia.pl\/index.php\/wp-json\/wp\/v2\/product\/8321","targetHints":{"allow":["GET"]}}],"collection":[{"href":"http:\/\/klubmamgdynia.pl\/index.php\/wp-json\/wp\/v2\/product"}],"about":[{"href":"http:\/\/klubmamgdynia.pl\/index.php\/wp-json\/wp\/v2\/types\/product"}],"replies":[{"embeddable":true,"href":"http:\/\/klubmamgdynia.pl\/index.php\/wp-json\/wp\/v2\/comments?post=8321"}],"wp:featuredmedia":[{"embeddable":true,"href":"http:\/\/klubmamgdynia.pl\/index.php\/wp-json\/wp\/v2\/media\/8322"}],"wp:attachment":[{"href":"http:\/\/klubmamgdynia.pl\/index.php\/wp-json\/wp\/v2\/media?parent=8321"}],"wp:term":[{"taxonomy":"product_cat","embeddable":true,"href":"http:\/\/klubmamgdynia.pl\/index.php\/wp-json\/wp\/v2\/product_cat?post=8321"},{"taxonomy":"product_tag","embeddable":true,"href":"http:\/\/klubmamgdynia.pl\/index.php\/wp-json\/wp\/v2\/product_tag?post=8321"}],"curies":[{"name":"wp","href":"https:\/\/api.w.org\/{rel}","templated":true}]}}