{"id":8323,"date":"2023-10-04T18:45:03","date_gmt":"2023-10-04T16:45:03","guid":{"rendered":"http:\/\/klubmamgdynia.pl\/?post_type=product&#038;p=8323"},"modified":"2026-05-17T22:29:34","modified_gmt":"2026-05-17T20:29:34","slug":"tm-toys-skwooshi-tuba-8-ow-skw30003","status":"publish","type":"product","link":"http:\/\/klubmamgdynia.pl\/index.php\/produkt\/tm-toys-skwooshi-tuba-8-ow-skw30003\/","title":{"rendered":"Tm Toys Skwooshi Tuba, 8 \u00d3w Skw30003"},"content":{"rendered":"<p>TM TOYS 040390 SKWOOSHI TUBASkwooshi Tuba marki Tm Toys to niezwyk\u0142a masa plastyczna, kt\u00f3r\u0105 mo\u017cemy ugniata\u0107, rozci\u0105ga\u0107 i formowa\u0107 na r\u00f3\u017cne sposoby. Zmienia swoj\u0105 struktur\u0119 pod wp\u0142ywem ciep\u0142a. Wyst\u0119puje w dziesi\u0119ciu r\u00f3\u017cnych t\u0119czowych kolorach. Masa nie wysycha, jest antyalergiczna, nie zawiera glutenu, nie brudzi, nie pachnie i pozwala tworzy\u0107 niesamowite kszta\u0142ty. W ofercie sze\u015b\u0107 rodzaj\u00f3w tub r\u00f3\u017cni\u0105cych si\u0119 kolorami: czerwona, pomara\u0144czowa, \u017c\u00f3\u0142ta, zielona, niebieska i fioletowa. Produkt wysy\u0142any losowo.ZaletyRozwija kreatywno\u015b\u0107 u dzieciNieko\u0144cz\u0105ce si\u0119 mo\u017cliwo\u015bci zabawyWykonanie z najwy\u017cszej jako\u015bci materia\u0142\u00f3w gwarantuje bezpiecze\u0144stwo<\/p>\n<h2>Tm Toys Skwooshi Tuba, 8 \u00d3w Skw30003 TM Toys<\/h2>\n<p>opowiadanie o jesieni dla dzieci, bajki halloween, sentencje o dzieciach, bajki halloween, farma dyni poznan, szlaczki do druku, cytat na dzie\u0144 matki, rymowane zagadki, kolorowanka spiderman, sta\u0142a pod \u015bniegiem, dyplomy szablony pdf, alan znaczenie imienia, krzy\u017c\u00f3wki dla dzieci, kolorowanka dla dzieci, szablony papierowe lalki do ubierania do wydruku, hello kitty kolorowanka, zemsta quizy, malowanki dla dzieci, piosenki o wakacjach<\/p>\n<p>yyyyy<\/p>\n<p>&nbsp;<\/p>\n","protected":false},"excerpt":{"rendered":"<p>TM TOYS 040390 SKWOOSHI TUBASkwooshi Tuba marki Tm Toys to niezwyk\u0142a masa plastyczna, kt\u00f3r\u0105 mo\u017cemy ugniata\u0107, rozci\u0105ga\u0107 i formowa\u0107 na r\u00f3\u017cne sposoby. Zmienia swoj\u0105 struktur\u0119 pod wp\u0142ywem ciep\u0142a. Wyst\u0119puje w dziesi\u0119ciu r\u00f3\u017cnych t\u0119czowych kolorach. Masa nie wysycha, jest antyalergiczna, nie zawiera glutenu, nie brudzi, nie pachnie i pozwala tworzy\u0107 niesamowite kszta\u0142ty. W ofercie sze\u015b\u0107 rodzaj\u00f3w [&hellip;]<\/p>\n","protected":false},"featured_media":8324,"comment_status":"closed","ping_status":"open","template":"","meta":[],"product_cat":[145,21],"product_tag":[656,609,579,632],"class_list":["post-8323","product","type-product","status-publish","has-post-thumbnail","hentry","product_cat-tm-toys","product_cat-zabawki-plastyczne","product_tag-kolorowanki-lol","product_tag-quiz-flagi-europy","product_tag-quiz-opowiesci-z-narnii-lew-czarownica-i-stara-szafa","product_tag-warszawa-atrakcje-dla-mlodziezy"],"_links":{"self":[{"href":"http:\/\/klubmamgdynia.pl\/index.php\/wp-json\/wp\/v2\/product\/8323","targetHints":{"allow":["GET"]}}],"collection":[{"href":"http:\/\/klubmamgdynia.pl\/index.php\/wp-json\/wp\/v2\/product"}],"about":[{"href":"http:\/\/klubmamgdynia.pl\/index.php\/wp-json\/wp\/v2\/types\/product"}],"replies":[{"embeddable":true,"href":"http:\/\/klubmamgdynia.pl\/index.php\/wp-json\/wp\/v2\/comments?post=8323"}],"wp:featuredmedia":[{"embeddable":true,"href":"http:\/\/klubmamgdynia.pl\/index.php\/wp-json\/wp\/v2\/media\/8324"}],"wp:attachment":[{"href":"http:\/\/klubmamgdynia.pl\/index.php\/wp-json\/wp\/v2\/media?parent=8323"}],"wp:term":[{"taxonomy":"product_cat","embeddable":true,"href":"http:\/\/klubmamgdynia.pl\/index.php\/wp-json\/wp\/v2\/product_cat?post=8323"},{"taxonomy":"product_tag","embeddable":true,"href":"http:\/\/klubmamgdynia.pl\/index.php\/wp-json\/wp\/v2\/product_tag?post=8323"}],"curies":[{"name":"wp","href":"https:\/\/api.w.org\/{rel}","templated":true}]}}