{"id":8325,"date":"2018-05-30T11:05:12","date_gmt":"2018-05-30T09:05:12","guid":{"rendered":"http:\/\/klubmamgdynia.pl\/index.php\/produkt\/kindi-kids-mini-laleczka-candy-pops-50096\/"},"modified":"2026-04-04T23:18:31","modified_gmt":"2026-04-04T21:18:31","slug":"kindi-kids-mini-laleczka-candy-pops-50096","status":"publish","type":"product","link":"http:\/\/klubmamgdynia.pl\/index.php\/produkt\/kindi-kids-mini-laleczka-candy-pops-50096\/","title":{"rendered":"Kindi Kids Mini Laleczka Candy Pops 50096"},"content":{"rendered":"<p>Kindi Kids Mini laleczka Candy Pops 50096Kolekcja mini lalek z serii Kindi Kids zawiera 6 postaci, wyr\u00f3\u017cniaj\u0105cych si\u0119 kolorami, upi\u0119ciem w\u0142os\u00f3w, rodzajem garderoby i akcesoriami: Rainbow Kate, Cindy Pops, Pirouetta, Lippy Lulu, Marsha Mello i Summer PeachesMaj\u0105 ogromne, brokatowe oczy i zabawnie poruszaj\u0105 g\u0142\u00f3wkami oraz ko\u0144czynami. S\u0105 tak niewielkie i sprawiaj\u0105 wra\u017cenie prawdziwych, ruchomych stworze\u0144 w d\u0142oniach Twojego dziecka. Zabawki maj\u0105 oko\u0142o 8,5 cm wysoko\u015bci. Odkrywaj przyjemno\u015b\u0107 beztroskiej zabawy z wszystkimi laleczkami z serii mini. Candy Pops wraz z przyjaci\u00f3\u0142kami zaprasza do wspania\u0142ej zabawy! Zbierz ca\u0142\u0105 kolekcj\u0119!Kindi Kids Mini. Z pewno\u015bci\u0105 znasz ju\u017c niezwyk\u0142e lalki Kindi Kids, kt\u00f3rych urocze, du\u017ce, brokatowe oczy, ma\u0142e noski, r\u00f3\u017cowe policzki i kolorowe w\u0142osy skrad\u0142y serce Twojego dziecka. Oto Kindi Kids w wersji mini. Wielka przyja\u017a\u0144 cudownych laleczek mo\u017ce inspirowa\u0107 Twoje dziecko w domu, podczas podr\u00f3\u017cy, a nawet w przedszkolu. Przekonaj si\u0119, jak\u0105 frajd\u0105 b\u0119dzie zabawa laleczkami o zabawnie poruszaj\u0105cych si\u0119 g\u0142\u00f3wkach na spacerze, w poczekalni oraz w \u015brodkach lokomocji. Niech przyja\u017a\u0144 b\u0119dzie inspiracj\u0105 do wspania\u0142ej zabawy!Charakterystyka produktu:Kindi Kids Mini zosta\u0142y wyprodukowane z materia\u0142\u00f3w, odpornych na uszkodzeniaMalowane przy u\u017cyciu nowoczesnych technik, posiadaj\u0105 wyraziste kolory niezale\u017cnie od intensywno\u015bci u\u017cytkowaniaWysoka jako\u015b\u0107 widoczna jest w perfekcyjnych detalachUrzekaj\u0105ce, du\u017ce, brokatowe oczy, w\u0142osy w odcieniach najmodniejszych pasteli, starannie dobrane ubrania to znaki rozpoznawcze lalek Kindi Kids MiniIch wysoko\u015b\u0107 to oko\u0142o 8,5 cm.Lalki wyposa\u017cono w bobble head oraz ruchome ko\u0144czynyLalki tak ma\u0142e, \u017ce zmieszcz\u0105 si\u0119 nawet w niewielkiej torebce ma\u0142ej damy\u2026<\/p>\n<h2>Kindi Kids Mini Laleczka Candy Pops 50096 TM Toys<\/h2>\n<p>quiz dzieci z bullerbyn, zagadki dla dzieci z odpowiedziami, kwiecie\u0144 plecie\u0144 wiersz, pole dyniowe pozna\u0144, prezenty dla 7 latka, prima aprilis zarty, test opowie\u015b\u0107 wigilijna, sky kolorowanka, kot rysunek dla dzieci, test z lektury dzieci z bullerbyn, kolorowanki do druku dla doros\u0142ych, maski superbohater\u00f3w do wydrukowania, spongebob kolorowanka, dziecko cytaty z\u0142ote my\u015bli, daniel imie, kr\u00f3tkie cytaty o mamie, dziwne zagadki, rysunki dla pocz\u0105tkuj\u0105cych, kawal na prima aprilis, pokemon kolorowanki do druku, krotkie zagadki<\/p>\n<p>yyyyy<\/p>\n<p>&nbsp;<\/p>\n","protected":false},"excerpt":{"rendered":"<p>Kindi Kids Mini laleczka Candy Pops 50096Kolekcja mini lalek z serii Kindi Kids zawiera 6 postaci, wyr\u00f3\u017cniaj\u0105cych si\u0119 kolorami, upi\u0119ciem w\u0142os\u00f3w, rodzajem garderoby i akcesoriami: Rainbow Kate, Cindy Pops, Pirouetta, Lippy Lulu, Marsha Mello i Summer PeachesMaj\u0105 ogromne, brokatowe oczy i zabawnie poruszaj\u0105 g\u0142\u00f3wkami oraz ko\u0144czynami. S\u0105 tak niewielkie i sprawiaj\u0105 wra\u017cenie prawdziwych, ruchomych stworze\u0144 [&hellip;]<\/p>\n","protected":false},"featured_media":8326,"comment_status":"closed","ping_status":"open","template":"","meta":[],"product_cat":[65,145],"product_tag":[656,723,786,705],"class_list":["post-8325","product","type-product","status-publish","has-post-thumbnail","hentry","product_cat-lalki","product_cat-tm-toys","product_tag-kolorowanki-lol","product_tag-krotkie-bajki-do-czytania-na-dobranoc","product_tag-prezent-na-1-urodziny","product_tag-prezent-na-roczek-dla-chlopca"],"_links":{"self":[{"href":"http:\/\/klubmamgdynia.pl\/index.php\/wp-json\/wp\/v2\/product\/8325","targetHints":{"allow":["GET"]}}],"collection":[{"href":"http:\/\/klubmamgdynia.pl\/index.php\/wp-json\/wp\/v2\/product"}],"about":[{"href":"http:\/\/klubmamgdynia.pl\/index.php\/wp-json\/wp\/v2\/types\/product"}],"replies":[{"embeddable":true,"href":"http:\/\/klubmamgdynia.pl\/index.php\/wp-json\/wp\/v2\/comments?post=8325"}],"wp:featuredmedia":[{"embeddable":true,"href":"http:\/\/klubmamgdynia.pl\/index.php\/wp-json\/wp\/v2\/media\/8326"}],"wp:attachment":[{"href":"http:\/\/klubmamgdynia.pl\/index.php\/wp-json\/wp\/v2\/media?parent=8325"}],"wp:term":[{"taxonomy":"product_cat","embeddable":true,"href":"http:\/\/klubmamgdynia.pl\/index.php\/wp-json\/wp\/v2\/product_cat?post=8325"},{"taxonomy":"product_tag","embeddable":true,"href":"http:\/\/klubmamgdynia.pl\/index.php\/wp-json\/wp\/v2\/product_tag?post=8325"}],"curies":[{"name":"wp","href":"https:\/\/api.w.org\/{rel}","templated":true}]}}