{"id":8327,"date":"2025-03-08T01:38:47","date_gmt":"2025-03-08T00:38:47","guid":{"rendered":"http:\/\/klubmamgdynia.pl\/?post_type=product&#038;p=8327"},"modified":"2026-05-02T07:29:54","modified_gmt":"2026-05-02T05:29:54","slug":"bruder-chwytak-do-bel-slomy-z-okragla-bela-02332","status":"publish","type":"product","link":"http:\/\/klubmamgdynia.pl\/index.php\/produkt\/bruder-chwytak-do-bel-slomy-z-okragla-bela-02332\/","title":{"rendered":"Bruder Chwytak Do Bel S\u0142omy Z Okr\u0105g\u0142\u0105 Bel\u0105 02332"},"content":{"rendered":"<p>Zabawki firmy BRUDER cechuj\u0105 si\u0119 wysok\u0105 jako\u015bci\u0105, wykonane s\u0105 z najwy\u017cszej jako\u015bci materia\u0142\u00f3w, odzwierciedlaj\u0105 w drobnych szczeg\u00f3\u0142ach oryginalne pojazdy. Niemiecki producent zatroszczy\u0142 si\u0119 o bezpiecze\u0144stwo i rozw\u00f3j naszych pociech, ruchome cz\u0119\u015bci zabawek dodatkowo pobudzaj\u0105 wyobra\u017ani\u0119 dzieci. Zaopatruj\u0105c swoje dziecko w zabawki firmy BRUDER gwarantujesz mu przyjemn\u0105 zabaw\u0119. Producent zapewnia dost\u0119p do wi\u0119kszo\u015bci cz\u0119\u015bci zamiennych, dzi\u0119ki temu zabawki po nieumy\u015blnym uszkodzeniu nie trafi\u0105 do kosza, a b\u0119d\u0105 s\u0142u\u017cy\u0107 przez wiele lat!ZALETY ZABAWKI:chwytak otwierany i zamykany za pomoc\u0105 pokr\u0119t\u0142a;bardzo \u0142atwy monta\u017c i demonta\u017c;w zestawie do\u0142\u0105czona jedna bela;pasuje do wszystkich \u0142adowaczy czo\u0142owych przeznaczonych do traktork\u00f3w, \u0142adowarek teleskopowych, \u0142adowarki kompaktowej Schaffe<\/p>\n<h2>Bruder Chwytak Do Bel S\u0142omy Z Okr\u0105g\u0142\u0105 Bel\u0105 02332 Bruder<\/h2>\n<p>quizy hobbit, bajka terapeutyczna o z\u0142o\u015bci pdf, a \u015bpij kochanie, jeremi, r\u0119cznie robione jak zrobi\u0107 kartk\u0119 walentynkow\u0105, wzory zaprosze\u0144 zaproszenie na urodziny do druku pdf, dzie\u0144 misia 2021, opisy do zdj dziecka, julian, list do miko\u0142aja wz\u00f3r pdf, bardzo trudne zagadki, \u017carty na prima aprilis dla mamy, maski superbohater\u00f3w do wydrukowania, piosenka dla mamy tekst, dynie pozna\u0144<\/p>\n<p>yyyyy<\/p>\n<p>&nbsp;<\/p>\n","protected":false},"excerpt":{"rendered":"<p>Zabawki firmy BRUDER cechuj\u0105 si\u0119 wysok\u0105 jako\u015bci\u0105, wykonane s\u0105 z najwy\u017cszej jako\u015bci materia\u0142\u00f3w, odzwierciedlaj\u0105 w drobnych szczeg\u00f3\u0142ach oryginalne pojazdy. Niemiecki producent zatroszczy\u0142 si\u0119 o bezpiecze\u0144stwo i rozw\u00f3j naszych pociech, ruchome cz\u0119\u015bci zabawek dodatkowo pobudzaj\u0105 wyobra\u017ani\u0119 dzieci. Zaopatruj\u0105c swoje dziecko w zabawki firmy BRUDER gwarantujesz mu przyjemn\u0105 zabaw\u0119. Producent zapewnia dost\u0119p do wi\u0119kszo\u015bci cz\u0119\u015bci zamiennych, dzi\u0119ki [&hellip;]<\/p>\n","protected":false},"featured_media":8328,"comment_status":"closed","ping_status":"open","template":"","meta":[],"product_cat":[1053,1076],"product_tag":[676,594,826,704,868],"class_list":["post-8327","product","type-product","status-publish","has-post-thumbnail","hentry","product_cat-akcesoria-i-czesci-modelarskie","product_cat-bruder","product_tag-bursztynek","product_tag-podchwytliwe-zagadki-dla-dzieci","product_tag-prezent-dla-15-latka","product_tag-prezent-dla-nastolatka","product_tag-quizy-dla-dzieci"],"_links":{"self":[{"href":"http:\/\/klubmamgdynia.pl\/index.php\/wp-json\/wp\/v2\/product\/8327","targetHints":{"allow":["GET"]}}],"collection":[{"href":"http:\/\/klubmamgdynia.pl\/index.php\/wp-json\/wp\/v2\/product"}],"about":[{"href":"http:\/\/klubmamgdynia.pl\/index.php\/wp-json\/wp\/v2\/types\/product"}],"replies":[{"embeddable":true,"href":"http:\/\/klubmamgdynia.pl\/index.php\/wp-json\/wp\/v2\/comments?post=8327"}],"wp:featuredmedia":[{"embeddable":true,"href":"http:\/\/klubmamgdynia.pl\/index.php\/wp-json\/wp\/v2\/media\/8328"}],"wp:attachment":[{"href":"http:\/\/klubmamgdynia.pl\/index.php\/wp-json\/wp\/v2\/media?parent=8327"}],"wp:term":[{"taxonomy":"product_cat","embeddable":true,"href":"http:\/\/klubmamgdynia.pl\/index.php\/wp-json\/wp\/v2\/product_cat?post=8327"},{"taxonomy":"product_tag","embeddable":true,"href":"http:\/\/klubmamgdynia.pl\/index.php\/wp-json\/wp\/v2\/product_tag?post=8327"}],"curies":[{"name":"wp","href":"https:\/\/api.w.org\/{rel}","templated":true}]}}