{"id":8333,"date":"2018-12-31T19:05:12","date_gmt":"2018-12-31T18:05:12","guid":{"rendered":"http:\/\/klubmamgdynia.pl\/index.php\/produkt\/my-universe-doctors-and-nurses-gra-ns\/"},"modified":"2026-04-05T12:13:55","modified_gmt":"2026-04-05T10:13:55","slug":"my-universe-doctors-and-nurses-gra-ns","status":"publish","type":"product","link":"http:\/\/klubmamgdynia.pl\/index.php\/produkt\/my-universe-doctors-and-nurses-gra-ns\/","title":{"rendered":"My Universe: Doctors and Nurses (Gra NS)"},"content":{"rendered":"<p>Switch<\/p>\n<h2>My Universe: Doctors and Nurses (Gra NS) Microids<\/h2>\n<p>kwiecien plecien, filmy wigilijne dla dzieci, kawa\u0142y na prima aprilis dla rodzic\u00f3w, zagadki \u015bmieszne podchwytliwe, zgadywanki dla dzieci, malowanki do druku<\/p>\n<p>yyyyy<\/p>\n<p>&nbsp;<\/p>\n","protected":false},"excerpt":{"rendered":"<p>Switch My Universe: Doctors and Nurses (Gra NS) Microids kwiecien plecien, filmy wigilijne dla dzieci, kawa\u0142y na prima aprilis dla rodzic\u00f3w, zagadki \u015bmieszne podchwytliwe, zgadywanki dla dzieci, malowanki do druku yyyyy &nbsp;<\/p>\n","protected":false},"featured_media":8334,"comment_status":"closed","ping_status":"open","template":"","meta":[],"product_cat":[348,1711],"product_tag":[761,675,760,592,788],"class_list":["post-8333","product","type-product","status-publish","has-post-thumbnail","hentry","product_cat-gry-nintendo-switch","product_cat-microids","product_tag-choinko-piekna-jak-las-tekst","product_tag-test-z-lektury-kajko-i-kokosz-szkola-latania","product_tag-zagadka-matematyczna","product_tag-zagadki-dla-dzieci","product_tag-zagadki-krotkie"],"_links":{"self":[{"href":"http:\/\/klubmamgdynia.pl\/index.php\/wp-json\/wp\/v2\/product\/8333","targetHints":{"allow":["GET"]}}],"collection":[{"href":"http:\/\/klubmamgdynia.pl\/index.php\/wp-json\/wp\/v2\/product"}],"about":[{"href":"http:\/\/klubmamgdynia.pl\/index.php\/wp-json\/wp\/v2\/types\/product"}],"replies":[{"embeddable":true,"href":"http:\/\/klubmamgdynia.pl\/index.php\/wp-json\/wp\/v2\/comments?post=8333"}],"wp:featuredmedia":[{"embeddable":true,"href":"http:\/\/klubmamgdynia.pl\/index.php\/wp-json\/wp\/v2\/media\/8334"}],"wp:attachment":[{"href":"http:\/\/klubmamgdynia.pl\/index.php\/wp-json\/wp\/v2\/media?parent=8333"}],"wp:term":[{"taxonomy":"product_cat","embeddable":true,"href":"http:\/\/klubmamgdynia.pl\/index.php\/wp-json\/wp\/v2\/product_cat?post=8333"},{"taxonomy":"product_tag","embeddable":true,"href":"http:\/\/klubmamgdynia.pl\/index.php\/wp-json\/wp\/v2\/product_tag?post=8333"}],"curies":[{"name":"wp","href":"https:\/\/api.w.org\/{rel}","templated":true}]}}