{"id":8335,"date":"2024-11-03T01:17:52","date_gmt":"2024-11-03T00:17:52","guid":{"rendered":"http:\/\/klubmamgdynia.pl\/?post_type=product&#038;p=8335"},"modified":"2026-05-17T21:20:30","modified_gmt":"2026-05-17T19:20:30","slug":"pluszowy-hipcio-projektor-pozytywka-usypiacz-lampk","status":"publish","type":"product","link":"http:\/\/klubmamgdynia.pl\/index.php\/produkt\/pluszowy-hipcio-projektor-pozytywka-usypiacz-lampk\/","title":{"rendered":"Pluszowy Hipcio Projektor Pozytywka Usypiacz Lampk"},"content":{"rendered":"<p>Projektor Hipcio Z Funkcj\u0105 \u015awiat\u0142a\/muzyk\u0105 Szumi\u0105cy<\/p>\n<h2>Pluszowy Hipcio Projektor Pozytywka Usypiacz Lampk Ramiz<\/h2>\n<p>wr\u00f3\u017cby andrzejkowe dla dzieci zawody, zabawy dla 10 latk\u00f3w, szlaczki, zagadki przyrodnicze, m\u00f3j przyjaciel mi\u015b scenariusz zaj\u0119\u0107 w przedszkolu, test magiczne drzewo czerwone krzes\u0142o, kolorowanki do druku dla ch\u0142opc\u00f3w, prima aprilis pomys\u0142y, opis na dzie\u0144 mamy, prezent dla pi\u0119tnastolatka, lato lato lato czeka tekst, literki do pisania do druku, darmowe quizy, warszawa z dzieckiem, spiderman do druku<\/p>\n<p>yyyyy<\/p>\n<p>&nbsp;<\/p>\n","protected":false},"excerpt":{"rendered":"<p>Projektor Hipcio Z Funkcj\u0105 \u015awiat\u0142a\/muzyk\u0105 Szumi\u0105cy Pluszowy Hipcio Projektor Pozytywka Usypiacz Lampk Ramiz wr\u00f3\u017cby andrzejkowe dla dzieci zawody, zabawy dla 10 latk\u00f3w, szlaczki, zagadki przyrodnicze, m\u00f3j przyjaciel mi\u015b scenariusz zaj\u0119\u0107 w przedszkolu, test magiczne drzewo czerwone krzes\u0142o, kolorowanki do druku dla ch\u0142opc\u00f3w, prima aprilis pomys\u0142y, opis na dzie\u0144 mamy, prezent dla pi\u0119tnastolatka, lato lato lato [&hellip;]<\/p>\n","protected":false},"featured_media":8336,"comment_status":"closed","ping_status":"open","template":"","meta":[],"product_cat":[555,36],"product_tag":[792,750,682,794],"class_list":["post-8335","product","type-product","status-publish","has-post-thumbnail","hentry","product_cat-dzieciece-akcesoria-dekoracyjne","product_cat-ramiz","product_tag-cytaty-o-mamie","product_tag-imie-kostek","product_tag-przyjazn-cytaty","product_tag-test-opowiesci-z-narnii-lew-czarownica-i-stara-szafa-do-druku"],"_links":{"self":[{"href":"http:\/\/klubmamgdynia.pl\/index.php\/wp-json\/wp\/v2\/product\/8335","targetHints":{"allow":["GET"]}}],"collection":[{"href":"http:\/\/klubmamgdynia.pl\/index.php\/wp-json\/wp\/v2\/product"}],"about":[{"href":"http:\/\/klubmamgdynia.pl\/index.php\/wp-json\/wp\/v2\/types\/product"}],"replies":[{"embeddable":true,"href":"http:\/\/klubmamgdynia.pl\/index.php\/wp-json\/wp\/v2\/comments?post=8335"}],"wp:featuredmedia":[{"embeddable":true,"href":"http:\/\/klubmamgdynia.pl\/index.php\/wp-json\/wp\/v2\/media\/8336"}],"wp:attachment":[{"href":"http:\/\/klubmamgdynia.pl\/index.php\/wp-json\/wp\/v2\/media?parent=8335"}],"wp:term":[{"taxonomy":"product_cat","embeddable":true,"href":"http:\/\/klubmamgdynia.pl\/index.php\/wp-json\/wp\/v2\/product_cat?post=8335"},{"taxonomy":"product_tag","embeddable":true,"href":"http:\/\/klubmamgdynia.pl\/index.php\/wp-json\/wp\/v2\/product_tag?post=8335"}],"curies":[{"name":"wp","href":"https:\/\/api.w.org\/{rel}","templated":true}]}}