{"id":8337,"date":"2013-04-05T12:07:12","date_gmt":"2013-04-05T10:07:12","guid":{"rendered":"http:\/\/klubmamgdynia.pl\/index.php\/produkt\/madej-tablica-na-nogach-skladana-w-plecaku-2w1-kredowa-s\/"},"modified":"2026-04-20T15:59:57","modified_gmt":"2026-04-20T13:59:57","slug":"madej-tablica-na-nogach-skladana-w-plecaku-2w1-kredowa-s","status":"publish","type":"product","link":"http:\/\/klubmamgdynia.pl\/index.php\/produkt\/madej-tablica-na-nogach-skladana-w-plecaku-2w1-kredowa-s\/","title":{"rendered":"Madej Tablica Na Nogach Sk\u0142adana W Plecaku 2W1 Kredowa S"},"content":{"rendered":"<p>Tablica Sucho\u015bcieralna Kredowa Plecak Stolik 4w1<\/p>\n<h2>Madej Tablica Na Nogach Sk\u0142adana W Plecaku 2W1 Kredowa S Madej<\/h2>\n<p>swinka peppa do czytania, plac zabaw pozna\u0144, plan lekcji do druku, zagadki dla dziewczyny, kolorowanki do druku dla dziewczyn, literki, zagadka logiczna, przeczytaj mi wiersz, prezenty dla nastolatki, sybilla, molo w brze\u017anie<\/p>\n<p>yyyyy<\/p>\n<p>&nbsp;<\/p>\n","protected":false},"excerpt":{"rendered":"<p>Tablica Sucho\u015bcieralna Kredowa Plecak Stolik 4w1 Madej Tablica Na Nogach Sk\u0142adana W Plecaku 2W1 Kredowa S Madej swinka peppa do czytania, plac zabaw pozna\u0144, plan lekcji do druku, zagadki dla dziewczyny, kolorowanki do druku dla dziewczyn, literki, zagadka logiczna, przeczytaj mi wiersz, prezenty dla nastolatki, sybilla, molo w brze\u017anie yyyyy &nbsp;<\/p>\n","protected":false},"featured_media":8338,"comment_status":"closed","ping_status":"open","template":"","meta":[],"product_cat":[70,21],"product_tag":[837,748,606,641],"class_list":["post-8337","product","type-product","status-publish","has-post-thumbnail","hentry","product_cat-madej","product_cat-zabawki-plastyczne","product_tag-cicha-noc-po-angielsku","product_tag-okolice-wroclawia-atrakcje","product_tag-stala-pod-sniegiem","product_tag-trudne-zagadki-logiczne"],"_links":{"self":[{"href":"http:\/\/klubmamgdynia.pl\/index.php\/wp-json\/wp\/v2\/product\/8337","targetHints":{"allow":["GET"]}}],"collection":[{"href":"http:\/\/klubmamgdynia.pl\/index.php\/wp-json\/wp\/v2\/product"}],"about":[{"href":"http:\/\/klubmamgdynia.pl\/index.php\/wp-json\/wp\/v2\/types\/product"}],"replies":[{"embeddable":true,"href":"http:\/\/klubmamgdynia.pl\/index.php\/wp-json\/wp\/v2\/comments?post=8337"}],"wp:featuredmedia":[{"embeddable":true,"href":"http:\/\/klubmamgdynia.pl\/index.php\/wp-json\/wp\/v2\/media\/8338"}],"wp:attachment":[{"href":"http:\/\/klubmamgdynia.pl\/index.php\/wp-json\/wp\/v2\/media?parent=8337"}],"wp:term":[{"taxonomy":"product_cat","embeddable":true,"href":"http:\/\/klubmamgdynia.pl\/index.php\/wp-json\/wp\/v2\/product_cat?post=8337"},{"taxonomy":"product_tag","embeddable":true,"href":"http:\/\/klubmamgdynia.pl\/index.php\/wp-json\/wp\/v2\/product_tag?post=8337"}],"curies":[{"name":"wp","href":"https:\/\/api.w.org\/{rel}","templated":true}]}}