{"id":834,"date":"2025-08-02T19:45:04","date_gmt":"2025-08-02T17:45:04","guid":{"rendered":"http:\/\/klubmamgdynia.pl\/?post_type=product&#038;p=834"},"modified":"2026-04-05T15:21:11","modified_gmt":"2026-04-05T13:21:11","slug":"simba-disney-myszka-mickey-core-35cm","status":"publish","type":"product","link":"http:\/\/klubmamgdynia.pl\/index.php\/produkt\/simba-disney-myszka-mickey-core-35cm\/","title":{"rendered":"Simba Disney Myszka Mickey Core 35Cm"},"content":{"rendered":"<p>Myszka Miki to bardzo sympatyczna posta\u0107. Jego narzeczon\u0105 jest Myszka Minne, a najlepszymi przyjaci\u00f3\u0142mi Kaczor Donald i Goofy. Jego wiernym towarzyszem jest pies Pluto. Ma on na sobie charakterystyczne dla niego czerwone spodenki. Maskotka ma du\u017ce czarne uszy, materia\u0142owe oczka i szeroki u\u015bmiech. Zosta\u0142a wykonana z niezwykle mi\u0119kkiego w dotyku pluszu. Pluszowa myszka ma 35 cm wysoko\u015bci. Z pewno\u015bci\u0105 szybko stanie si\u0119 jedn\u0105 z ulubionych przytulanek dziecka. Zabawka jest odpowiednia dla dzieci w ka\u017cdym wieku.zabawka bez ogranicze\u0144 wiekowych (0+)wysoko\u015b\u0107 zabawki: 35 cmMaskotka Myszka Miki to zabawka stworzona przez firm\u0119 o \u015bwiatowej renomie Simb\u0119, kt\u00f3ra od lat projektuje zabawki dla najm\u0142odszych, dbaj\u0105c o ich wysok\u0105 jako\u015b\u0107. Powsta\u0142a ona na licencji Disneya. Myszka Miki znany jest z film\u00f3w animowanych Disneya oraz serialu animowanego Klub przyjaci\u00f3\u0142 Myszki Miki (ang. Mickey Mouse Clubhouse). Bohaterami s\u0105 Myszka Miki, Kaczor Donald, Goofy oraz pies Pluto. NAZWA DISNEY MICKEY MASKOTKA PLUSZOWA 35CM PRODUCENT SIMBA WIEK 0M+ EAN 5400868011555 Znajd\u017a podobne wed\u0142ug klucza: SIMBA DISNEY MASKOTKA PLUSZOWA (449289)<\/p>\n<h2>Simba Disney Myszka Mickey Core 35Cm Simba<\/h2>\n<p>zagadki o owocach, test z dzieci z bullerbyn, mini kanapki dla dzieci, znaczenie imienia julian, cookie dough przepis, teksty o rodzinie, co na roczek dla dziewczynki, jazda konna dla dzieci, samoch\u00f3d kolorowanka do druku, zima z\u0142a tekst, opis do zdj\u0119cia dziecka, konkurs dla dzieci, malgorzata znaczenie imienia, rodzina sentencja, zabawka na roczek dla ch\u0142opca, kolorowanki star wars, ilona, opowie\u015bci z narni test, zagatki<\/p>\n<p>yyyyy<\/p>\n<p>&nbsp;<\/p>\n","protected":false},"excerpt":{"rendered":"<p>Myszka Miki to bardzo sympatyczna posta\u0107. Jego narzeczon\u0105 jest Myszka Minne, a najlepszymi przyjaci\u00f3\u0142mi Kaczor Donald i Goofy. Jego wiernym towarzyszem jest pies Pluto. Ma on na sobie charakterystyczne dla niego czerwone spodenki. Maskotka ma du\u017ce czarne uszy, materia\u0142owe oczka i szeroki u\u015bmiech. Zosta\u0142a wykonana z niezwykle mi\u0119kkiego w dotyku pluszu. Pluszowa myszka ma 35 [&hellip;]<\/p>\n","protected":false},"featured_media":835,"comment_status":"closed","ping_status":"open","template":"","meta":[],"product_cat":[42,279],"product_tag":[691,723,657,652,762],"class_list":["post-834","product","type-product","status-publish","has-post-thumbnail","hentry","product_cat-maskotki","product_cat-simba","product_tag-gabriel","product_tag-krotkie-bajki-do-czytania-na-dobranoc","product_tag-lol-kolorowanka","product_tag-otto","product_tag-trudne-zagadki-dla-dzieci"],"_links":{"self":[{"href":"http:\/\/klubmamgdynia.pl\/index.php\/wp-json\/wp\/v2\/product\/834","targetHints":{"allow":["GET"]}}],"collection":[{"href":"http:\/\/klubmamgdynia.pl\/index.php\/wp-json\/wp\/v2\/product"}],"about":[{"href":"http:\/\/klubmamgdynia.pl\/index.php\/wp-json\/wp\/v2\/types\/product"}],"replies":[{"embeddable":true,"href":"http:\/\/klubmamgdynia.pl\/index.php\/wp-json\/wp\/v2\/comments?post=834"}],"wp:featuredmedia":[{"embeddable":true,"href":"http:\/\/klubmamgdynia.pl\/index.php\/wp-json\/wp\/v2\/media\/835"}],"wp:attachment":[{"href":"http:\/\/klubmamgdynia.pl\/index.php\/wp-json\/wp\/v2\/media?parent=834"}],"wp:term":[{"taxonomy":"product_cat","embeddable":true,"href":"http:\/\/klubmamgdynia.pl\/index.php\/wp-json\/wp\/v2\/product_cat?post=834"},{"taxonomy":"product_tag","embeddable":true,"href":"http:\/\/klubmamgdynia.pl\/index.php\/wp-json\/wp\/v2\/product_tag?post=834"}],"curies":[{"name":"wp","href":"https:\/\/api.w.org\/{rel}","templated":true}]}}