{"id":8341,"date":"2019-07-01T22:22:19","date_gmt":"2019-07-01T20:22:19","guid":{"rendered":"http:\/\/klubmamgdynia.pl\/index.php\/produkt\/tiny-love-spiralka-sensoryczna-inspiral-labirynt-zielona\/"},"modified":"2026-04-19T14:12:35","modified_gmt":"2026-04-19T12:12:35","slug":"tiny-love-spiralka-sensoryczna-inspiral-labirynt-zielona","status":"publish","type":"product","link":"http:\/\/klubmamgdynia.pl\/index.php\/produkt\/tiny-love-spiralka-sensoryczna-inspiral-labirynt-zielona\/","title":{"rendered":"Tiny Love Spiralka Sensoryczna Inspiral Labirynt Zielona"},"content":{"rendered":"<p>Wspom\u00f3\u017c rozw\u00f3j swojego malucha przy pomocy spiralki sensorycznej! Zabawka idealnie nadaje si\u0119 dla samodzielnej zabawy dzieckaInnowacyjna wiruj\u0105ca struktura spiralki pozwoli dziecku si\u0119gn\u0105\u0107 do \u015brodka zabawki i odkry\u0107 co kryje w \u015brodkuDzi\u0119ki spiralce maluch jest w stanie rozwin\u0105\u0107 swoje zdolno\u015bci poznawcze oraz motoryczne\u0141atwa do chwycenia i trzymania, co niew\u0105tpliwie pomaga rozwija\u0107 mi\u0119\u015bnie r\u0105k i palc\u00f3wDoskona\u0142a zabawka podczas z\u0105bkowania1. G\u00f3rna cz\u0119\u015b\u0107 zabawki, w kt\u00f3rej znajduj\u0105 si\u0119 ma\u0142e kuleczki &#8211; gdy dziecko wprawi zabawk\u0119 w ruch, us\u0142yszy grzechotanie, kt\u00f3re przyczyni si\u0119 do rozwoju zmys\u0142u s\u0142uchu i kojarzenia2. Dwupoziomowy labirynt &#8211; dziecko chc\u0105c przesuwa\u0107 elementy w labiryncie b\u0119dzie musia\u0142o si\u0119 mocno postara\u0107 by to zrobi\u0107 &#8211; wp\u0142ynie to niezwykle na rozw\u00f3j ruch\u00f3w precyzyjnych dziecka3. Spiralna struktura zabawki &#8211; idealna do eksplorowania zabawki, \u0142atwa do uchwycenia i pozwalaj\u0105ca na turlanie zabawki po ziemi4. Podstawa zabawki o kolorowej, ciekawej teksturzeWskaz\u00f3wki rozwojoweOd 3 do 6 miesi\u0119cyPozw\u00f3l dziecku odkrywa\u0107 zabawk\u0119 d\u0142o\u0144mi i ustami \u2013 niech maluszek pr\u00f3buje przesuwa\u0107 pier\u015bcienie po labiryncie i cieszy\u0107 si\u0119 grzechotaniem ma\u0142ych kuleczek.Od 6 miesi\u0119cyPodczas raczkowania pozw\u00f3l dziecku cieszy\u0107 si\u0119 odpychaniem spiralki i obserwowaniem jak powraca. Maluch mo\u017ce czerpa\u0107 przyjemno\u015b\u0107 z odkrywania zabawnych funkcji zabawki.Ka\u017cdy produkt marki Tiny Love stworzony jest z my\u015bl\u0105 o Siedmiu Elementach Rozwoju dziecka, wskazuj\u0105c rodzicom najlepsz\u0105 drog\u0119 do tego, by ich maluch rozwija\u0142 si\u0119 prawid\u0142owo.Ten produkt rozwija nast\u0119puj\u0105ce elementy:zmys\u0142y &#8211; dzi\u0119ki r\u00f3\u017cnorodnej strukturze spiralka rozwija zmys\u0142y dziecka. Spiralna struktura dbaj\u0105 o rozw\u00f3j zmys\u0142u dotyku, grzechocz\u0105ce kuleczki zmys\u0142u s\u0142uchu, a przyjemne dla oka barwy &#8211; zmys\u0142 wzroku.ruchy precyzyjne &#8211; ma\u0142e mi\u0119\u015bnie odpowiedzialne s\u0105 za ruch d\u0142oni, palc\u00f3w i za mimik\u0119 twarzy. Dzi\u0119ki nim dziecko mo\u017ce \u015bledzi\u0107 przedmiot wzrokiem, \u0142apa\u0107 go. Spiralka jest \u0142atwa do chwycenia, co niew\u0105tpliwie pomaga maluszkowi rozwija\u0107 mi\u0119\u015bnie palc\u00f3w i d\u0142oni.kojarzenie to obszar rozwojowy, w kt\u00f3rym dziecko zdobywa umiejetno\u015b\u0107 rozumienia zwi\u0105zku przyczynowo-skutkowego i wyci\u0105gania wniosk\u00f3w. Sprzyja tak\u017ce samodzielnemu rozwi\u0105zywaniu problem\u00f3w. Na przyk\u0142ad, dziecko chc\u0105c us\u0142ysze\u0107 grzechotanie zabawki, musi si\u0119 nauczy\u0107 i zapami\u0119ta\u0107, \u017ce aby wyda\u0107 ten d\u017awi\u0119k, nale\u017cy zabawk\u0105 potrz\u0105sn\u0105\u0107 b\u0105d\u017a przeturla\u0107 j\u0105 po ziemi.<\/p>\n<h2>Tiny Love Spiralka Sensoryczna Inspiral Labirynt Zielona Tiny love<\/h2>\n<p>menu urodzinowe dla dzieci w wieku 8 10 lat, test z lektury dzieci z bullerbyn, bajka do czytania na dobranoc, mi\u0142osz imie, test z opowie\u015bci z narnii lew czarownica i stara szafa, kolorowanka antystresowa<\/p>\n<p>yyyyy<\/p>\n<p>&nbsp;<\/p>\n","protected":false},"excerpt":{"rendered":"<p>Wspom\u00f3\u017c rozw\u00f3j swojego malucha przy pomocy spiralki sensorycznej! Zabawka idealnie nadaje si\u0119 dla samodzielnej zabawy dzieckaInnowacyjna wiruj\u0105ca struktura spiralki pozwoli dziecku si\u0119gn\u0105\u0107 do \u015brodka zabawki i odkry\u0107 co kryje w \u015brodkuDzi\u0119ki spiralce maluch jest w stanie rozwin\u0105\u0107 swoje zdolno\u015bci poznawcze oraz motoryczne\u0141atwa do chwycenia i trzymania, co niew\u0105tpliwie pomaga rozwija\u0107 mi\u0119\u015bnie r\u0105k i palc\u00f3wDoskona\u0142a zabawka [&hellip;]<\/p>\n","protected":false},"featured_media":8342,"comment_status":"closed","ping_status":"open","template":"","meta":[],"product_cat":[499,61],"product_tag":[834,780,769,698],"class_list":["post-8341","product","type-product","status-publish","has-post-thumbnail","hentry","product_cat-tiny-love","product_cat-zabawki-edukacyjne-dla-niemowlat","product_tag-bajka-do-czytania-na-dobranoc","product_tag-krecik-bajka","product_tag-psi-patrol-do-czytania","product_tag-zagadki-dla-przedszkolakow"],"_links":{"self":[{"href":"http:\/\/klubmamgdynia.pl\/index.php\/wp-json\/wp\/v2\/product\/8341","targetHints":{"allow":["GET"]}}],"collection":[{"href":"http:\/\/klubmamgdynia.pl\/index.php\/wp-json\/wp\/v2\/product"}],"about":[{"href":"http:\/\/klubmamgdynia.pl\/index.php\/wp-json\/wp\/v2\/types\/product"}],"replies":[{"embeddable":true,"href":"http:\/\/klubmamgdynia.pl\/index.php\/wp-json\/wp\/v2\/comments?post=8341"}],"wp:featuredmedia":[{"embeddable":true,"href":"http:\/\/klubmamgdynia.pl\/index.php\/wp-json\/wp\/v2\/media\/8342"}],"wp:attachment":[{"href":"http:\/\/klubmamgdynia.pl\/index.php\/wp-json\/wp\/v2\/media?parent=8341"}],"wp:term":[{"taxonomy":"product_cat","embeddable":true,"href":"http:\/\/klubmamgdynia.pl\/index.php\/wp-json\/wp\/v2\/product_cat?post=8341"},{"taxonomy":"product_tag","embeddable":true,"href":"http:\/\/klubmamgdynia.pl\/index.php\/wp-json\/wp\/v2\/product_tag?post=8341"}],"curies":[{"name":"wp","href":"https:\/\/api.w.org\/{rel}","templated":true}]}}