{"id":8343,"date":"2015-04-23T22:52:15","date_gmt":"2015-04-23T20:52:15","guid":{"rendered":"http:\/\/klubmamgdynia.pl\/index.php\/produkt\/spin-master-selina-kyle-figurka-filmowa-12-s1v1-606065320130922\/"},"modified":"2026-04-04T18:03:00","modified_gmt":"2026-04-04T16:03:00","slug":"spin-master-selina-kyle-figurka-filmowa-12-s1v1-606065320130922","status":"publish","type":"product","link":"http:\/\/klubmamgdynia.pl\/index.php\/produkt\/spin-master-selina-kyle-figurka-filmowa-12-s1v1-606065320130922\/","title":{"rendered":"Spin Master Selina Kyle Figurka Filmowa 12&#8243; S1V1 (606065320130922)"},"content":{"rendered":"<p>The Batman Selina Kyle Kobieta Kot Catwoman 28 CM<\/p>\n<h2>Spin Master Selina Kyle Figurka Filmowa 12&#8243; S1V1 (606065320130922) Spin Master<\/h2>\n<p>szlaczki literopodobne, mapa europy do druku, quizy dla dzieci o zwierz\u0119tach, test z lektury spos\u00f3b na alcybiadesa, cytaty dla dzieci, iwo imi\u0119, prima aprilis zarty, klockownia wroc\u0142aw, wiersz o g\u00f3rniku, cytat o dziecku, \u015bw przemys\u0142aw, jak narysowa\u0107 sanie miko\u0142aja, bajka na dobranoc, na wyspach bergamutach tekst, wzruszajace cytaty o rodzinie, flagi europy quiz, zagadki zagadki, opis do zdj\u0119cia dziecka, domki nad morzem z atrakcjami dla dzieci, zabawy logiczne dla dzieci<\/p>\n<p>yyyyy<\/p>\n<p>&nbsp;<\/p>\n","protected":false},"excerpt":{"rendered":"<p>The Batman Selina Kyle Kobieta Kot Catwoman 28 CM Spin Master Selina Kyle Figurka Filmowa 12&#8243; S1V1 (606065320130922) Spin Master szlaczki literopodobne, mapa europy do druku, quizy dla dzieci o zwierz\u0119tach, test z lektury spos\u00f3b na alcybiadesa, cytaty dla dzieci, iwo imi\u0119, prima aprilis zarty, klockownia wroc\u0142aw, wiersz o g\u00f3rniku, cytat o dziecku, \u015bw przemys\u0142aw, [&hellip;]<\/p>\n","protected":false},"featured_media":8344,"comment_status":"closed","ping_status":"open","template":"","meta":[],"product_cat":[95,94],"product_tag":[765,854,600],"class_list":["post-8343","product","type-product","status-publish","has-post-thumbnail","hentry","product_cat-figurki-makiety-i-zestawy","product_cat-spin-master","product_tag-atrakcje-dla-dzieci-warszawa","product_tag-cytaty-rodzina","product_tag-zaproszenia-na-urodziny-do-druku"],"_links":{"self":[{"href":"http:\/\/klubmamgdynia.pl\/index.php\/wp-json\/wp\/v2\/product\/8343","targetHints":{"allow":["GET"]}}],"collection":[{"href":"http:\/\/klubmamgdynia.pl\/index.php\/wp-json\/wp\/v2\/product"}],"about":[{"href":"http:\/\/klubmamgdynia.pl\/index.php\/wp-json\/wp\/v2\/types\/product"}],"replies":[{"embeddable":true,"href":"http:\/\/klubmamgdynia.pl\/index.php\/wp-json\/wp\/v2\/comments?post=8343"}],"wp:featuredmedia":[{"embeddable":true,"href":"http:\/\/klubmamgdynia.pl\/index.php\/wp-json\/wp\/v2\/media\/8344"}],"wp:attachment":[{"href":"http:\/\/klubmamgdynia.pl\/index.php\/wp-json\/wp\/v2\/media?parent=8343"}],"wp:term":[{"taxonomy":"product_cat","embeddable":true,"href":"http:\/\/klubmamgdynia.pl\/index.php\/wp-json\/wp\/v2\/product_cat?post=8343"},{"taxonomy":"product_tag","embeddable":true,"href":"http:\/\/klubmamgdynia.pl\/index.php\/wp-json\/wp\/v2\/product_tag?post=8343"}],"curies":[{"name":"wp","href":"https:\/\/api.w.org\/{rel}","templated":true}]}}