{"id":8345,"date":"2015-02-09T08:58:49","date_gmt":"2015-02-09T07:58:49","guid":{"rendered":"http:\/\/klubmamgdynia.pl\/index.php\/produkt\/janod-zestaw-artystyczny-czarodziejskie-cyrkonie-piekne-ptaki-j07810\/"},"modified":"2026-05-17T23:01:25","modified_gmt":"2026-05-17T21:01:25","slug":"janod-zestaw-artystyczny-czarodziejskie-cyrkonie-piekne-ptaki-j07810","status":"publish","type":"product","link":"http:\/\/klubmamgdynia.pl\/index.php\/produkt\/janod-zestaw-artystyczny-czarodziejskie-cyrkonie-piekne-ptaki-j07810\/","title":{"rendered":"Janod Zestaw Artystyczny Czarodziejskie Cyrkonie Pi\u0119kne Ptaki J07810"},"content":{"rendered":"<p>Janod Zestaw Artystyczny Czarodziejskie Cyrkonie Pi\u0119kne Ptaki                            <\/p>\n<p>a                            <\/p>\n<p>Zestaw kreatywny Czarodziejskie cyrkonie Pi\u0119kne ptaki francuskiej marki JANOD zawiera 3 plansze-obrazki z zachwycaj\u0105co barwnymi: pawiem, kolibrem i papug\u0105. Do ilustracji tych mo\u017cna \u2013 zar\u00f3wno w sugerowanych miejscach, jak i dowolnie \u2013 przykleja\u0107 do\u0142\u0105czone do zestawu b\u0142yszcz\u0105ce cyrkonie (2 arkusze). Naklejanie to dla dziecka d\u0142ugie godziny anga\u017cuj\u0105cej i jednocze\u015bnie uspokajaj\u0105cej, wyciszaj\u0105cej zabawy, a gotowe obrazki stan\u0105 si\u0119 wspania\u0142ym elementem dekoracyjnym dzieci\u0119cego pokoju.Zestaw zaprojektowano we Francji we wsp\u00f3\u0142pracy z francusk\u0105 grup\u0105 mediow\u0105 i wydawnicz\u0105 Hachette. Zapakowany jest w stylowe kartonowe pude\u0142ko. Idealnie nadaje si\u0119 na prezent.\u00a0                            <\/p>\n<p>a                            <\/p>\n<p>Zestawy artystyczne marki Janod to zbi\u00f3r kreatywnych zada\u0144 do samodzielnego wykonania przez dziecko, kt\u00f3re wspaniale kszta\u0142tuj\u0105 koordynacj\u0119 r\u0119ka-oko, poprawiaj\u0105 sprawno\u015b\u0107 manualn\u0105, pobudzaj\u0105 wyobra\u017ani\u0119 i ucz\u0105 koncentracji. To doskona\u0142y pomys\u0142 na zabaw\u0119 dla dzieci, kt\u00f3re lubi\u0105 tworzy\u0107 \u2013 sk\u0142ada\u0107, klei\u0107, malowa\u0107 czy rysowa\u0107. Mali arty\u015bci b\u0119d\u0105 na pewno bardzo dumni ze swoich dzie\u0142.Zabawka rozwija:umiej\u0119tno\u015b\u0107 budowania i projektowaniawyobra\u017ani\u0119, pomys\u0142owo\u015b\u0107 i kreatywno\u015b\u0107wiek: 7 lat +liczba element\u00f3w: 5 kartmateria\u0142: karton, cyrkoniedesign: Francjawymiary produktu: obrazek 11,8 x 20,7 cmwaga produktu: 0,194 kgwymiary opakowania: 22 x 4 x 13 cmbezpiecze\u0144stwo i jako\u015b\u0107: EN71-1; EN71-2, EN71-3; REACH                            <\/p>\n<p>a                            <\/p>\n<p>a                            <\/p>\n<p>Janod od 1970 roku niezmiennie projektuje zabawki, kt\u00f3re s\u0105 synonimem innowacyjno\u015bci, francuskiego designu i najwy\u017cszej jako\u015bci. Unikalne zabawki Janod tworzone s\u0105 z drewna i innych doskona\u0142ych materia\u0142\u00f3w, a przede wszystkim z dzieci\u0119cych marze\u0144!\u00a0W obecnej ofercie Janod jest ponad 500 produkt\u00f3w, z kt\u00f3rych kluczowe to zabawki drewniane, puzzle, uk\u0142adanki i zabawki magnetyczne. Wszystkie produkty projektowane s\u0105 we Francji przez w\u0142asnych designer\u00f3w. St\u0105d wiele motyw\u00f3w i wzor\u00f3w powtarza si\u0119 w kolekcjach, tworz\u0105c wyj\u0105tkowy, bajkowy \u015bwiat Janod.\u00a0Wszystkie zabawki tworzone s\u0105 z dba\u0142o\u015bci\u0105 o szczeg\u00f3\u0142y, z najwy\u017cszej jako\u015bci materia\u0142\u00f3w, bezpiecznych dla dzieci. Zabawki spe\u0142niaj\u0105 restrykcyjne normy bezpiecze\u0144stwa, takie jak EN71-1, EN71-2, EN71-3 oraz REACH.<\/p>\n<h2>Janod Zestaw Artystyczny Czarodziejskie Cyrkonie Pi\u0119kne Ptaki J07810 Janod<\/h2>\n<p>kuchcikowo przepisy dla dzieci, zagadki dla dzieci o zwierz\u0119tach, atrakcje dla dzieci warszawa 2021, quiz kajko i kokosz szko\u0142a latania, zagadki na myslenie, asiunia test z lektury, gry dla m\u0142odzie\u017cy, dawne ko\u0142ysanki teksty, sandra imie, zagadki podchwytliwe, znajd\u017a r\u00f3\u017cnice, zabawki dla rocznej dziewczynki, zabawy dla 10 latka, m\u0105dre \u017cyczenia \u015bwi\u0105teczne, traktor do druku, prezent na roczek dziewczynka, zaj\u0105czek z jajka ugotowanego<\/p>\n<p>yyyyy<\/p>\n<p>&nbsp;<\/p>\n","protected":false},"excerpt":{"rendered":"<p>Janod Zestaw Artystyczny Czarodziejskie Cyrkonie Pi\u0119kne Ptaki a Zestaw kreatywny Czarodziejskie cyrkonie Pi\u0119kne ptaki francuskiej marki JANOD zawiera 3 plansze-obrazki z zachwycaj\u0105co barwnymi: pawiem, kolibrem i papug\u0105. Do ilustracji tych mo\u017cna \u2013 zar\u00f3wno w sugerowanych miejscach, jak i dowolnie \u2013 przykleja\u0107 do\u0142\u0105czone do zestawu b\u0142yszcz\u0105ce cyrkonie (2 arkusze). Naklejanie to dla dziecka d\u0142ugie godziny anga\u017cuj\u0105cej [&hellip;]<\/p>\n","protected":false},"featured_media":8346,"comment_status":"closed","ping_status":"open","template":"","meta":[],"product_cat":[557,21],"product_tag":[610,777,755,862,705,633],"class_list":["post-8345","product","type-product","status-publish","has-post-thumbnail","hentry","product_cat-janod","product_cat-zabawki-plastyczne","product_tag-co-na-prezent-dla-nastolatkow","product_tag-co-na-roczek","product_tag-henryk","product_tag-nasza-zima-zla-tekst","product_tag-prezent-na-roczek-dla-chlopca","product_tag-zagadki-z-odpowiedziami"],"_links":{"self":[{"href":"http:\/\/klubmamgdynia.pl\/index.php\/wp-json\/wp\/v2\/product\/8345","targetHints":{"allow":["GET"]}}],"collection":[{"href":"http:\/\/klubmamgdynia.pl\/index.php\/wp-json\/wp\/v2\/product"}],"about":[{"href":"http:\/\/klubmamgdynia.pl\/index.php\/wp-json\/wp\/v2\/types\/product"}],"replies":[{"embeddable":true,"href":"http:\/\/klubmamgdynia.pl\/index.php\/wp-json\/wp\/v2\/comments?post=8345"}],"wp:featuredmedia":[{"embeddable":true,"href":"http:\/\/klubmamgdynia.pl\/index.php\/wp-json\/wp\/v2\/media\/8346"}],"wp:attachment":[{"href":"http:\/\/klubmamgdynia.pl\/index.php\/wp-json\/wp\/v2\/media?parent=8345"}],"wp:term":[{"taxonomy":"product_cat","embeddable":true,"href":"http:\/\/klubmamgdynia.pl\/index.php\/wp-json\/wp\/v2\/product_cat?post=8345"},{"taxonomy":"product_tag","embeddable":true,"href":"http:\/\/klubmamgdynia.pl\/index.php\/wp-json\/wp\/v2\/product_tag?post=8345"}],"curies":[{"name":"wp","href":"https:\/\/api.w.org\/{rel}","templated":true}]}}