{"id":8347,"date":"2018-02-05T06:14:49","date_gmt":"2018-02-05T05:14:49","guid":{"rendered":"http:\/\/klubmamgdynia.pl\/index.php\/produkt\/lean-cars-auto-na-akumulator-jeep-jj245-zielony\/"},"modified":"2026-04-27T01:59:58","modified_gmt":"2026-04-26T23:59:58","slug":"lean-cars-auto-na-akumulator-jeep-jj245-zielony","status":"publish","type":"product","link":"http:\/\/klubmamgdynia.pl\/index.php\/produkt\/lean-cars-auto-na-akumulator-jeep-jj245-zielony\/","title":{"rendered":"Lean Cars Auto na Akumulator Jeep JJ245 Zielony"},"content":{"rendered":"<p>Auto na Akumulator Jeep JJ245Kt\u00f3ry kilkulatek nie marzy o tym, by m\u00f3c usi\u0105\u015b\u0107 za sterami w\u0142asnego pojazdu i wyruszy\u0107 w podr\u00f3\u017c na plac zabaw? Z naszym terenowym autkiem JJ245 jest to mo\u017cliwe! Pojazd na akumulator urozmaica i u\u0142atwia rodzinne wycieczki i spacery, pozwalaj\u0105c dziecku na wygodne i przyjemne podr\u00f3\u017cowanie.Kilka zalet dzieci\u0119cego auta na akumulator, kt\u00f3re z pewno\u015bci\u0105 spe\u0142ni\u0105 oczekiwania zar\u00f3wno Twoje, jak i malucha: &#8211; klasyczny kolor po\u0142\u0105czony z du\u017c\u0105, solidn\u0105 konstrukcj\u0105, &#8211; intuicyjna obs\u0142uga, &#8211; pasy bezpiecze\u0144stwa &#8211; do\u0142\u0105czony do zestawu pilot 2.4G, &#8211; doskonale dopasowane podzespo\u0142y.To oczywi\u015bcie tylko kilka z nich \u2014 reszt\u0119 sprawd\u017acie sami. Pomimo swej ogromnej \u0142adowno\u015bci, jeep jest bardzo komfortowy i reprezentacyjny. Dzieci\u0119cy pojazd nap\u0119dzany dwoma silnikami o mocy 45W i akumulatorami 2x6V4Ah nie rozczaruje nikogo. Dzieci\u0119ce auto JJ245 na akumulator kryje w sobie pierwszorz\u0119dne wyposa\u017cenie. Szerokie mi\u0119kkie siedzisko zosta\u0142o wyko\u0144czone czarn\u0105 sk\u00f3r\u0105 ekologiczn\u0105, podnosz\u0105c\u0105 komfort podr\u00f3\u017cowania. Kanapa kierowcy po\u0142\u0105czona jest ze specjalnym pasem, co w duecie z zamykanymi od wewn\u0105trz drzwiami gwarantuje bezpieczn\u0105 zabaw\u0119.Wybieraj\u0105c auto na akumulator, warto zwr\u00f3ci\u0107 uwag\u0119 na osadzenie konstrukcji na mi\u0119kkich ko\u0142a EVA gwarantuj\u0105cych najwy\u017cszy komfort jazdy po nawierzchniach r\u00f3\u017cnego typu. Jak dzia\u0142a prezentowany pojazd? Samoch\u00f3d odpalany jest przyciskiem. Po jego wci\u015bni\u0119ciu wystarczy wybra\u0107 kierunek, a nast\u0119pnie wcisn\u0105\u0107 peda\u0142 gazu. Nie martwcie si\u0119 \u2014 stale mo\u017cecie sprawowa\u0107 kontrol\u0119 nad pojazdem, u\u017cywaj\u0105c do tego do\u0142\u0105czonego do zestawu pilota 2.4G.Klasyczny jeep jj245 wed\u0142ug zalece\u0144 producenta przeznaczony jest dla wszystkich maluch\u00f3w powy\u017cej 3. roku \u017cycia, jednak do\u0142\u0105czony do zestawu pilot umo\u017cliwia zabaw\u0119 r\u00f3wnie\u017c m\u0142odszym dzieciom. Dzieci\u0119cy pojazd elektryczny zosta\u0142 oznakowany certyfikatem CE, co \u015bwiadczy o jego bezpiecznej i mocnej konstrukcji. Akumulatorowy model jeepa przyniesie ogrom rado\u015bci ka\u017cdemu ma\u0142emu kierowcy \u2014 sprawd\u017acie to sami.Wymiary opakowania: &#8211; 114 cm x 60 cm x 39 cm.Waga opakowania: &#8211; 20 kg.Informacje o produkciePojazd na akumulatorModel Jeep JJ245Kolor ZielonyDane TechniczneSilnik 2x45WAkumulator 2x6V4AhSkrzynia Bieg\u00f3w 3 Pr\u0119dko\u015bciWymiary Pojazdu 110cm x 61cm x 63cmPr\u0119dko\u015b\u0107 3-5km\/h 5-6km\/hMasa W\u0142asna 18 kgMax. Obci\u0105\u017cenie 30kgCzas \u0141adowania 8 godzinCzas Dzia\u0142ania do 1 godzinyHamulec Automatyczny po zwolnieniu peda\u0142u gazu, Zatrzymanie awaryjne z pilota (P)Wyposa\u017ceniePasy Bezpiecze\u0144stwa \u2713Otwierane Drzwi \u2713Kluczyki \u2715Fotele Mi\u0119kka ekosk\u00f3raKo\u0142a Mi\u0119kkie EVAZdalne Sterowanie 2.4G\u015awiat\u0142a Przednie LEDAudio Wej\u015bcie MP3<\/p>\n<h2>Lean Cars Auto na Akumulator Jeep JJ245 Zielony Lean Toys<\/h2>\n<p>skalne miasto, kolorowanki wakacyjne, kolorowanka kotki, wzory zaprosze\u0144 zaproszenie na urodziny do druku pdf, samolot kolorowanka<\/p>\n<p>yyyyy<\/p>\n<p>&nbsp;<\/p>\n","protected":false},"excerpt":{"rendered":"<p>Auto na Akumulator Jeep JJ245Kt\u00f3ry kilkulatek nie marzy o tym, by m\u00f3c usi\u0105\u015b\u0107 za sterami w\u0142asnego pojazdu i wyruszy\u0107 w podr\u00f3\u017c na plac zabaw? Z naszym terenowym autkiem JJ245 jest to mo\u017cliwe! Pojazd na akumulator urozmaica i u\u0142atwia rodzinne wycieczki i spacery, pozwalaj\u0105c dziecku na wygodne i przyjemne podr\u00f3\u017cowanie.Kilka zalet dzieci\u0119cego auta na akumulator, kt\u00f3re [&hellip;]<\/p>\n","protected":false},"featured_media":8348,"comment_status":"closed","ping_status":"open","template":"","meta":[],"product_cat":[83,73],"product_tag":[866,630,806,774],"class_list":["post-8347","product","type-product","status-publish","has-post-thumbnail","hentry","product_cat-auta-i-inne-pojazdy-do-zabawy","product_cat-lean-toys","product_tag-opis-do-zdjecia-dziecka-na-fb","product_tag-podchwytliwe-zagadki-z-odpowiedziami","product_tag-prezent-dla-dziecka-na-roczek","product_tag-prezent-na-roczek-nie-zabawka"],"_links":{"self":[{"href":"http:\/\/klubmamgdynia.pl\/index.php\/wp-json\/wp\/v2\/product\/8347","targetHints":{"allow":["GET"]}}],"collection":[{"href":"http:\/\/klubmamgdynia.pl\/index.php\/wp-json\/wp\/v2\/product"}],"about":[{"href":"http:\/\/klubmamgdynia.pl\/index.php\/wp-json\/wp\/v2\/types\/product"}],"replies":[{"embeddable":true,"href":"http:\/\/klubmamgdynia.pl\/index.php\/wp-json\/wp\/v2\/comments?post=8347"}],"wp:featuredmedia":[{"embeddable":true,"href":"http:\/\/klubmamgdynia.pl\/index.php\/wp-json\/wp\/v2\/media\/8348"}],"wp:attachment":[{"href":"http:\/\/klubmamgdynia.pl\/index.php\/wp-json\/wp\/v2\/media?parent=8347"}],"wp:term":[{"taxonomy":"product_cat","embeddable":true,"href":"http:\/\/klubmamgdynia.pl\/index.php\/wp-json\/wp\/v2\/product_cat?post=8347"},{"taxonomy":"product_tag","embeddable":true,"href":"http:\/\/klubmamgdynia.pl\/index.php\/wp-json\/wp\/v2\/product_tag?post=8347"}],"curies":[{"name":"wp","href":"https:\/\/api.w.org\/{rel}","templated":true}]}}