{"id":8351,"date":"2023-08-19T03:02:52","date_gmt":"2023-08-19T01:02:52","guid":{"rendered":"http:\/\/klubmamgdynia.pl\/?post_type=product&#038;p=8351"},"modified":"2026-04-29T02:02:36","modified_gmt":"2026-04-29T00:02:36","slug":"janod-sophie-la-girafe-chunky-drewniane-puzzle","status":"publish","type":"product","link":"http:\/\/klubmamgdynia.pl\/index.php\/produkt\/janod-sophie-la-girafe-chunky-drewniane-puzzle\/","title":{"rendered":"Janod Sophie La Girafe Chunky Drewniane Puzzle"},"content":{"rendered":"<p>producent: Janod<\/p>\n<h2>Janod Sophie La Girafe Chunky Drewniane Puzzle Janod<\/h2>\n<p>dobranoc pch\u0142y na noc, pola imie, twarz wiosny do druku, traktor z przyczep\u0105 kolorowanka do druku, bajki terapeutyczne o emocjach, regina, samochwa\u0142a, miastodzieci, zagadki wiosna, quizy flagi, najlepsze zagadki, ja\u015bmina, szybkie zagadki matematyczne, pia<\/p>\n<p>yyyyy<\/p>\n<p>&nbsp;<\/p>\n","protected":false},"excerpt":{"rendered":"<p>producent: Janod Janod Sophie La Girafe Chunky Drewniane Puzzle Janod dobranoc pch\u0142y na noc, pola imie, twarz wiosny do druku, traktor z przyczep\u0105 kolorowanka do druku, bajki terapeutyczne o emocjach, regina, samochwa\u0142a, miastodzieci, zagadki wiosna, quizy flagi, najlepsze zagadki, ja\u015bmina, szybkie zagadki matematyczne, pia yyyyy &nbsp;<\/p>\n","protected":false},"featured_media":8352,"comment_status":"closed","ping_status":"open","template":"","meta":[],"product_cat":[557,90],"product_tag":[864,650,828,797,687,606,632],"class_list":["post-8351","product","type-product","status-publish","has-post-thumbnail","hentry","product_cat-janod","product_cat-puzzle","product_tag-basen-warszawa","product_tag-choinka-z-bibuly","product_tag-filmy-wigilijne-dla-dzieci","product_tag-kiekrz","product_tag-podchwytliwe-zagadki-matematyczne","product_tag-stala-pod-sniegiem","product_tag-warszawa-atrakcje-dla-mlodziezy"],"_links":{"self":[{"href":"http:\/\/klubmamgdynia.pl\/index.php\/wp-json\/wp\/v2\/product\/8351","targetHints":{"allow":["GET"]}}],"collection":[{"href":"http:\/\/klubmamgdynia.pl\/index.php\/wp-json\/wp\/v2\/product"}],"about":[{"href":"http:\/\/klubmamgdynia.pl\/index.php\/wp-json\/wp\/v2\/types\/product"}],"replies":[{"embeddable":true,"href":"http:\/\/klubmamgdynia.pl\/index.php\/wp-json\/wp\/v2\/comments?post=8351"}],"wp:featuredmedia":[{"embeddable":true,"href":"http:\/\/klubmamgdynia.pl\/index.php\/wp-json\/wp\/v2\/media\/8352"}],"wp:attachment":[{"href":"http:\/\/klubmamgdynia.pl\/index.php\/wp-json\/wp\/v2\/media?parent=8351"}],"wp:term":[{"taxonomy":"product_cat","embeddable":true,"href":"http:\/\/klubmamgdynia.pl\/index.php\/wp-json\/wp\/v2\/product_cat?post=8351"},{"taxonomy":"product_tag","embeddable":true,"href":"http:\/\/klubmamgdynia.pl\/index.php\/wp-json\/wp\/v2\/product_tag?post=8351"}],"curies":[{"name":"wp","href":"https:\/\/api.w.org\/{rel}","templated":true}]}}