{"id":8357,"date":"2023-06-08T09:56:40","date_gmt":"2023-06-08T07:56:40","guid":{"rendered":"http:\/\/klubmamgdynia.pl\/?post_type=product&#038;p=8357"},"modified":"2026-04-26T05:25:22","modified_gmt":"2026-04-26T03:25:22","slug":"mattel-minecraft-mini-figurka-deluxe-alex-na-lamie-fvh13","status":"publish","type":"product","link":"http:\/\/klubmamgdynia.pl\/index.php\/produkt\/mattel-minecraft-mini-figurka-deluxe-alex-na-lamie-fvh13\/","title":{"rendered":"Mattel Minecraft mini figurka deluxe Alex na lamie FVH13"},"content":{"rendered":"<p>Kolekcja figurek Minecraft nawi\u0105zuje do bardzo popularnej komputerowej gry konstrukcyjnej Minecraft&#8230;<\/p>\n<h2>Mattel Minecraft mini figurka deluxe Alex na lamie FVH13 Mattel<\/h2>\n<p>kr\u00f3tkie zagadki logiczne, trudne zagadki na inteligencj\u0119, pomys\u0142y na pakowanie prezent\u00f3w, kuba imie, anio\u0142ki w niebie pisz\u0105, bajki dla dzieci na dobranoc do czytania, prezent dla 17 latka, piosenka dla mamy tekst, imiona dla ch\u0142opc\u00f3w, zagadki matematyczne dla dzieci 7 lat, imie nadia, kolorowanki \u015bwi\u0105teczne do wydruku, zagadki \u015bmieszne dla dzieci, z\u0142ote my\u015bli o rodzinie, pomysl na prezent na roczek, proste przepisy dla dzieci, gad\u017cety dla nastolatka<\/p>\n<p>yyyyy<\/p>\n<p>&nbsp;<\/p>\n","protected":false},"excerpt":{"rendered":"<p>Kolekcja figurek Minecraft nawi\u0105zuje do bardzo popularnej komputerowej gry konstrukcyjnej Minecraft&#8230; Mattel Minecraft mini figurka deluxe Alex na lamie FVH13 Mattel kr\u00f3tkie zagadki logiczne, trudne zagadki na inteligencj\u0119, pomys\u0142y na pakowanie prezent\u00f3w, kuba imie, anio\u0142ki w niebie pisz\u0105, bajki dla dzieci na dobranoc do czytania, prezent dla 17 latka, piosenka dla mamy tekst, imiona dla [&hellip;]<\/p>\n","protected":false},"featured_media":8358,"comment_status":"closed","ping_status":"open","template":"","meta":[],"product_cat":[95,289],"product_tag":[750,730,713],"class_list":["post-8357","product","type-product","status-publish","has-post-thumbnail","hentry","product_cat-figurki-makiety-i-zestawy","product_cat-mattel","product_tag-imie-kostek","product_tag-karyna","product_tag-zagadki-logiczne-z-odpowiedziami"],"_links":{"self":[{"href":"http:\/\/klubmamgdynia.pl\/index.php\/wp-json\/wp\/v2\/product\/8357","targetHints":{"allow":["GET"]}}],"collection":[{"href":"http:\/\/klubmamgdynia.pl\/index.php\/wp-json\/wp\/v2\/product"}],"about":[{"href":"http:\/\/klubmamgdynia.pl\/index.php\/wp-json\/wp\/v2\/types\/product"}],"replies":[{"embeddable":true,"href":"http:\/\/klubmamgdynia.pl\/index.php\/wp-json\/wp\/v2\/comments?post=8357"}],"wp:featuredmedia":[{"embeddable":true,"href":"http:\/\/klubmamgdynia.pl\/index.php\/wp-json\/wp\/v2\/media\/8358"}],"wp:attachment":[{"href":"http:\/\/klubmamgdynia.pl\/index.php\/wp-json\/wp\/v2\/media?parent=8357"}],"wp:term":[{"taxonomy":"product_cat","embeddable":true,"href":"http:\/\/klubmamgdynia.pl\/index.php\/wp-json\/wp\/v2\/product_cat?post=8357"},{"taxonomy":"product_tag","embeddable":true,"href":"http:\/\/klubmamgdynia.pl\/index.php\/wp-json\/wp\/v2\/product_tag?post=8357"}],"curies":[{"name":"wp","href":"https:\/\/api.w.org\/{rel}","templated":true}]}}