{"id":8359,"date":"2012-05-04T01:33:20","date_gmt":"2012-05-03T23:33:20","guid":{"rendered":"http:\/\/klubmamgdynia.pl\/index.php\/produkt\/imaginext-zestaw-rekin-lodz-podwodnaglebiny-rekina\/"},"modified":"2026-05-17T22:38:56","modified_gmt":"2026-05-17T20:38:56","slug":"imaginext-zestaw-rekin-lodz-podwodnaglebiny-rekina","status":"publish","type":"product","link":"http:\/\/klubmamgdynia.pl\/index.php\/produkt\/imaginext-zestaw-rekin-lodz-podwodnaglebiny-rekina\/","title":{"rendered":"Imaginext Zestaw Rekin \u0141\u00f3d\u017a Podwodnag\u0142\u0119biny Rekina"},"content":{"rendered":"<p>Zanurz si\u0119 w \u015bwiecie przyg\u00f3d z tymi pe\u0142nymi akcji morskimi zestawami Imaginext\u00ae. W ka\u017cdym zestawie jest figurka nurka, rekin i \u015bwietne akcesoria pobudzaj\u0105ce wyobra\u017ani\u0119, dzi\u0119ki kt\u00f3rym zabawa jest jeszcze bardziej ekscytuj\u0105ca.Zbierz wszystkie zestawy, by prze\u017cy\u0107 pe\u0142ne akcji przygody na dnie morza! (Zestawy sprzedawane oddzielnie w zale\u017cno\u015bci od dost\u0119pno\u015bci). Imaginext\u00ae Zabawa z wyobra\u017ani\u0105!<\/p>\n<h2>Imaginext Zestaw Rekin \u0141\u00f3d\u017a Podwodnag\u0142\u0119biny Rekina Imaginext<\/h2>\n<p>jaki prezent na roczek, test ch\u0142opcy z placu broni klasa 5, dekorowanie kanapek dla dzieci, alan znaczenie imienia, maska batmana do druku, kolorowanki pi\u0142karskie, dymitr, sybilla, najlepsze zagadki, opis do zdj\u0119cia dziecka, oryginalny prezent dla nastolatk\u00f3w, ju\u017c blisko kol\u0119da tekst, zagadki wielkanocne dla doros\u0142ych, cytaty o wychowaniu i nauczaniu, quiz konie, zagadki dla 8 latka, test z lektury opowie\u015bci z narnii lew czarownica i stara szafa z odpowiedziami, bajki dla dzieci na dobranoc, dyplom dla przedszkolaka do wydruku<\/p>\n<p>yyyyy<\/p>\n<p>&nbsp;<\/p>\n","protected":false},"excerpt":{"rendered":"<p>Zanurz si\u0119 w \u015bwiecie przyg\u00f3d z tymi pe\u0142nymi akcji morskimi zestawami Imaginext\u00ae. W ka\u017cdym zestawie jest figurka nurka, rekin i \u015bwietne akcesoria pobudzaj\u0105ce wyobra\u017ani\u0119, dzi\u0119ki kt\u00f3rym zabawa jest jeszcze bardziej ekscytuj\u0105ca.Zbierz wszystkie zestawy, by prze\u017cy\u0107 pe\u0142ne akcji przygody na dnie morza! (Zestawy sprzedawane oddzielnie w zale\u017cno\u015bci od dost\u0119pno\u015bci). Imaginext\u00ae Zabawa z wyobra\u017ani\u0105! Imaginext Zestaw Rekin [&hellip;]<\/p>\n","protected":false},"featured_media":8360,"comment_status":"closed","ping_status":"open","template":"","meta":[],"product_cat":[95,1713],"product_tag":[704,841,620,757,778],"class_list":["post-8359","product","type-product","status-publish","has-post-thumbnail","hentry","product_cat-figurki-makiety-i-zestawy","product_cat-imaginext","product_tag-prezent-dla-nastolatka","product_tag-quiz-o-flagach","product_tag-quiz-opowiesci-z-narnii","product_tag-test-z-lektury-ania-z-zielonego-wzgorza-klasa-6-z-odpowiedziami","product_tag-zabawki-na-roczek-dla-chlopca"],"_links":{"self":[{"href":"http:\/\/klubmamgdynia.pl\/index.php\/wp-json\/wp\/v2\/product\/8359","targetHints":{"allow":["GET"]}}],"collection":[{"href":"http:\/\/klubmamgdynia.pl\/index.php\/wp-json\/wp\/v2\/product"}],"about":[{"href":"http:\/\/klubmamgdynia.pl\/index.php\/wp-json\/wp\/v2\/types\/product"}],"replies":[{"embeddable":true,"href":"http:\/\/klubmamgdynia.pl\/index.php\/wp-json\/wp\/v2\/comments?post=8359"}],"wp:featuredmedia":[{"embeddable":true,"href":"http:\/\/klubmamgdynia.pl\/index.php\/wp-json\/wp\/v2\/media\/8360"}],"wp:attachment":[{"href":"http:\/\/klubmamgdynia.pl\/index.php\/wp-json\/wp\/v2\/media?parent=8359"}],"wp:term":[{"taxonomy":"product_cat","embeddable":true,"href":"http:\/\/klubmamgdynia.pl\/index.php\/wp-json\/wp\/v2\/product_cat?post=8359"},{"taxonomy":"product_tag","embeddable":true,"href":"http:\/\/klubmamgdynia.pl\/index.php\/wp-json\/wp\/v2\/product_tag?post=8359"}],"curies":[{"name":"wp","href":"https:\/\/api.w.org\/{rel}","templated":true}]}}