{"id":836,"date":"2021-12-17T09:12:14","date_gmt":"2021-12-17T08:12:14","guid":{"rendered":"http:\/\/klubmamgdynia.pl\/index.php\/produkt\/b-toys-pilki-sensoryczne-oddballs-bx1474\/"},"modified":"2026-05-17T20:53:20","modified_gmt":"2026-05-17T18:53:20","slug":"b-toys-pilki-sensoryczne-oddballs-bx1474","status":"publish","type":"product","link":"http:\/\/klubmamgdynia.pl\/index.php\/produkt\/b-toys-pilki-sensoryczne-oddballs-bx1474\/","title":{"rendered":"B.Toys Pi\u0142ki Sensoryczne Oddballs (Bx1474)"},"content":{"rendered":"<p>Zestaw 4 pi\u0142ek sensorycznych, B.Toys 4 wyj\u0105tkowe pi\u0142ki Oddballs marki B.Toys o ciekawej fakturze i cudownych kolorach \u2013 do rzucania, odbijania, \u015bciskania, toczenia, wrzucania do wody \u2013 do pokochania. Ka\u017cda z pi\u0142ek wywo\u0142uje odmienne doznania sensoryczne, ka\u017cda z pi\u0142ek ma inny kolor i faktur\u0119. Kontakt z nimi dostarcza maluchowi r\u00f3\u017cnorodnych bod\u017ac\u00f3w. Wszystkie pi\u0142ki zachowuj\u0105 si\u0119 inaczej, jedne z \u0142atwo\u015bci\u0105 mo\u017cna \u015bcisn\u0105\u0107 w r\u0105czce, inne \u0142adnie si\u0119 odbijaj\u0105 od pod\u0142o\u017ca. Pi\u0142ki B.Toys s\u0105 bezpieczne dla malucha, nie zawieraj\u0105 ftalan\u00f3w ani BPA. Wysoko oceniane przez specjalist\u00f3w i polecane r\u00f3wnie\u017c do cel\u00f3w terapeutycznych. Parametry zabawki zabawka dla dzieci w wieku: 6 mc + wymiary opakowania: 19,4 x 8,9 x19,7 cm wymiary pi\u0142ki: 8,9 cm zabawka wolna od ftalan\u00f3w, BPA (bisfenolu A) producent zabawki: B.Toys<\/p>\n<h2>B.Toys Pi\u0142ki Sensoryczne Oddballs (Bx1474) B.Toys<\/h2>\n<p>zagadki o zwierz\u0119tach wiejskich, \u0142amig\u0142\u00f3wki dla dzieci, z\u0142ote my\u015bli cytaty o szkole i nauce, testy na znaki drogowe, zagadki o wielkanocy dla dzieci, tupu tup po \u015bniegu tekst<\/p>\n<p>yyyyy<\/p>\n<p>&nbsp;<\/p>\n","protected":false},"excerpt":{"rendered":"<p>Zestaw 4 pi\u0142ek sensorycznych, B.Toys 4 wyj\u0105tkowe pi\u0142ki Oddballs marki B.Toys o ciekawej fakturze i cudownych kolorach \u2013 do rzucania, odbijania, \u015bciskania, toczenia, wrzucania do wody \u2013 do pokochania. Ka\u017cda z pi\u0142ek wywo\u0142uje odmienne doznania sensoryczne, ka\u017cda z pi\u0142ek ma inny kolor i faktur\u0119. Kontakt z nimi dostarcza maluchowi r\u00f3\u017cnorodnych bod\u017ac\u00f3w. Wszystkie pi\u0142ki zachowuj\u0105 si\u0119 [&hellip;]<\/p>\n","protected":false},"featured_media":837,"comment_status":"closed","ping_status":"open","template":"","meta":[],"product_cat":[143,293],"product_tag":[617,731,757,634,577],"class_list":["post-836","product","type-product","status-publish","has-post-thumbnail","hentry","product_cat-b-toys","product_cat-pilki-dla-dzieci","product_tag-keyword","product_tag-maly-ksiaze-cytaty","product_tag-test-z-lektury-ania-z-zielonego-wzgorza-klasa-6-z-odpowiedziami","product_tag-zagadki-wielkanocne-dla-dzieci","product_tag-znaki-drogowe-test"],"_links":{"self":[{"href":"http:\/\/klubmamgdynia.pl\/index.php\/wp-json\/wp\/v2\/product\/836","targetHints":{"allow":["GET"]}}],"collection":[{"href":"http:\/\/klubmamgdynia.pl\/index.php\/wp-json\/wp\/v2\/product"}],"about":[{"href":"http:\/\/klubmamgdynia.pl\/index.php\/wp-json\/wp\/v2\/types\/product"}],"replies":[{"embeddable":true,"href":"http:\/\/klubmamgdynia.pl\/index.php\/wp-json\/wp\/v2\/comments?post=836"}],"wp:featuredmedia":[{"embeddable":true,"href":"http:\/\/klubmamgdynia.pl\/index.php\/wp-json\/wp\/v2\/media\/837"}],"wp:attachment":[{"href":"http:\/\/klubmamgdynia.pl\/index.php\/wp-json\/wp\/v2\/media?parent=836"}],"wp:term":[{"taxonomy":"product_cat","embeddable":true,"href":"http:\/\/klubmamgdynia.pl\/index.php\/wp-json\/wp\/v2\/product_cat?post=836"},{"taxonomy":"product_tag","embeddable":true,"href":"http:\/\/klubmamgdynia.pl\/index.php\/wp-json\/wp\/v2\/product_tag?post=836"}],"curies":[{"name":"wp","href":"https:\/\/api.w.org\/{rel}","templated":true}]}}