{"id":8361,"date":"2013-06-26T17:27:01","date_gmt":"2013-06-26T15:27:01","guid":{"rendered":"http:\/\/klubmamgdynia.pl\/index.php\/produkt\/gra-planszowa-the-purple-cow-pizza-race\/"},"modified":"2026-05-17T23:30:49","modified_gmt":"2026-05-17T21:30:49","slug":"gra-planszowa-the-purple-cow-pizza-race","status":"publish","type":"product","link":"http:\/\/klubmamgdynia.pl\/index.php\/produkt\/gra-planszowa-the-purple-cow-pizza-race\/","title":{"rendered":"Gra planszowa The Purple Cow Pizza Race"},"content":{"rendered":"<h2>Gra planszowa The Purple Cow Pizza Race The Purple Cow<\/h2>\n<p>adriana znaczenie imienia, cicha noc po angielsku, zaproszenia urodzinowe do wydruku chomikuj, wzruszaj\u0105ce s\u0142owa dla przyjaciela, kolorowanki do druku lol, zagadki logiczne matematyczne dla dzieci, podchwytliwe zagadki matematyczne, peppa kolorowanka, harry potter kolorowanka, quiz o bo\u017cym narodzeniu, \u0142atwe zagadki, pomys\u0142y na dzie\u0144 dziecka dla nastolatk\u00f3w, gdzie strumyk p\u0142ynie z wolna tekst, test z lektury dynastia mizio\u0142k\u00f3w, prezent dla nastolatk\u00f3w 2020, zima z\u0142a tekst, dzieci.pl, pomys\u0142 na prezent dla 7 latki, trudne zadania matematyczne, labirynt dla dzieci<\/p>\n<p>yyyyy<\/p>\n<p>&nbsp;<\/p>\n","protected":false},"excerpt":{"rendered":"<p>Gra planszowa The Purple Cow Pizza Race The Purple Cow adriana znaczenie imienia, cicha noc po angielsku, zaproszenia urodzinowe do wydruku chomikuj, wzruszaj\u0105ce s\u0142owa dla przyjaciela, kolorowanki do druku lol, zagadki logiczne matematyczne dla dzieci, podchwytliwe zagadki matematyczne, peppa kolorowanka, harry potter kolorowanka, quiz o bo\u017cym narodzeniu, \u0142atwe zagadki, pomys\u0142y na dzie\u0144 dziecka dla nastolatk\u00f3w, [&hellip;]<\/p>\n","protected":false},"featured_media":8362,"comment_status":"closed","ping_status":"open","template":"","meta":[],"product_cat":[235,1077],"product_tag":[665,616,791,767],"class_list":["post-8361","product","type-product","status-publish","has-post-thumbnail","hentry","product_cat-gry-planszowe","product_cat-the-purple-cow","product_tag-proste-zagadki","product_tag-test-mikolajek-25-pytan","product_tag-zagadki-na-myslenie","product_tag-zaproszenia-urodzinowe-do-druku"],"_links":{"self":[{"href":"http:\/\/klubmamgdynia.pl\/index.php\/wp-json\/wp\/v2\/product\/8361","targetHints":{"allow":["GET"]}}],"collection":[{"href":"http:\/\/klubmamgdynia.pl\/index.php\/wp-json\/wp\/v2\/product"}],"about":[{"href":"http:\/\/klubmamgdynia.pl\/index.php\/wp-json\/wp\/v2\/types\/product"}],"replies":[{"embeddable":true,"href":"http:\/\/klubmamgdynia.pl\/index.php\/wp-json\/wp\/v2\/comments?post=8361"}],"wp:featuredmedia":[{"embeddable":true,"href":"http:\/\/klubmamgdynia.pl\/index.php\/wp-json\/wp\/v2\/media\/8362"}],"wp:attachment":[{"href":"http:\/\/klubmamgdynia.pl\/index.php\/wp-json\/wp\/v2\/media?parent=8361"}],"wp:term":[{"taxonomy":"product_cat","embeddable":true,"href":"http:\/\/klubmamgdynia.pl\/index.php\/wp-json\/wp\/v2\/product_cat?post=8361"},{"taxonomy":"product_tag","embeddable":true,"href":"http:\/\/klubmamgdynia.pl\/index.php\/wp-json\/wp\/v2\/product_tag?post=8361"}],"curies":[{"name":"wp","href":"https:\/\/api.w.org\/{rel}","templated":true}]}}