{"id":8365,"date":"2024-08-29T04:12:05","date_gmt":"2024-08-29T02:12:05","guid":{"rendered":"http:\/\/klubmamgdynia.pl\/?post_type=product&#038;p=8365"},"modified":"2026-05-17T23:04:30","modified_gmt":"2026-05-17T21:04:30","slug":"generator-pary-taurus-cpb6050","status":"publish","type":"product","link":"http:\/\/klubmamgdynia.pl\/index.php\/produkt\/generator-pary-taurus-cpb6050\/","title":{"rendered":"Generator pary Taurus CPB6050"},"content":{"rendered":"<p>Je\u017celi szukasz urz\u0105dze\u0144 dla domu w najlepszych cenach, nie przegap Stacja do Prasowania Taurus CPB6050 2400W i szerokiego wyboru wysokiej jako\u015bci drobnych urz\u0105dze\u0144 AGD!Moc: 2400 WWydajno\u015b\u0107: 1,5 LZatrzask: 5,5 barUderzenie Pary: 380 g\/min&#8230;<\/p>\n<h2>Generator pary Taurus CPB6050 Taurus<\/h2>\n<p>literki dla dzieci, gry dla m\u0142odzie\u017cy, malowanka do druku, a \u015bpij kochanie, plac zabaw warszawa, proste origami dla dzieci, peppa kolorowanka, zagadki dla dzieci 6-7 lat, znaczenie imiona marcel, lodowiska w warszawie, \u0142amig\u0142\u00f3wki logiczne dla dzieci, kolorowanki lato, dobranoc zimowo, prezent na roczek dla dziewczynki<\/p>\n<p>yyyyy<\/p>\n<p>&nbsp;<\/p>\n","protected":false},"excerpt":{"rendered":"<p>Je\u017celi szukasz urz\u0105dze\u0144 dla domu w najlepszych cenach, nie przegap Stacja do Prasowania Taurus CPB6050 2400W i szerokiego wyboru wysokiej jako\u015bci drobnych urz\u0105dze\u0144 AGD!Moc: 2400 WWydajno\u015b\u0107: 1,5 LZatrzask: 5,5 barUderzenie Pary: 380 g\/min&#8230; Generator pary Taurus CPB6050 Taurus literki dla dzieci, gry dla m\u0142odzie\u017cy, malowanka do druku, a \u015bpij kochanie, plac zabaw warszawa, proste origami [&hellip;]<\/p>\n","protected":false},"featured_media":8366,"comment_status":"closed","ping_status":"open","template":"","meta":[],"product_cat":[1320,1714],"product_tag":[720,637,646,726],"class_list":["post-8365","product","type-product","status-publish","has-post-thumbnail","hentry","product_cat-stacje-parowe","product_cat-taurus","product_tag-malowanki","product_tag-niech-zyja-wakacje-tekst","product_tag-prezent-na-pierwsze-urodziny","product_tag-quiz-zemsta"],"_links":{"self":[{"href":"http:\/\/klubmamgdynia.pl\/index.php\/wp-json\/wp\/v2\/product\/8365","targetHints":{"allow":["GET"]}}],"collection":[{"href":"http:\/\/klubmamgdynia.pl\/index.php\/wp-json\/wp\/v2\/product"}],"about":[{"href":"http:\/\/klubmamgdynia.pl\/index.php\/wp-json\/wp\/v2\/types\/product"}],"replies":[{"embeddable":true,"href":"http:\/\/klubmamgdynia.pl\/index.php\/wp-json\/wp\/v2\/comments?post=8365"}],"wp:featuredmedia":[{"embeddable":true,"href":"http:\/\/klubmamgdynia.pl\/index.php\/wp-json\/wp\/v2\/media\/8366"}],"wp:attachment":[{"href":"http:\/\/klubmamgdynia.pl\/index.php\/wp-json\/wp\/v2\/media?parent=8365"}],"wp:term":[{"taxonomy":"product_cat","embeddable":true,"href":"http:\/\/klubmamgdynia.pl\/index.php\/wp-json\/wp\/v2\/product_cat?post=8365"},{"taxonomy":"product_tag","embeddable":true,"href":"http:\/\/klubmamgdynia.pl\/index.php\/wp-json\/wp\/v2\/product_tag?post=8365"}],"curies":[{"name":"wp","href":"https:\/\/api.w.org\/{rel}","templated":true}]}}