{"id":8367,"date":"2013-03-09T02:31:33","date_gmt":"2013-03-09T01:31:33","guid":{"rendered":"http:\/\/klubmamgdynia.pl\/index.php\/produkt\/winning-moves-monopoly-junior-superzings\/"},"modified":"2026-04-19T00:36:42","modified_gmt":"2026-04-18T22:36:42","slug":"winning-moves-monopoly-junior-superzings","status":"publish","type":"product","link":"http:\/\/klubmamgdynia.pl\/index.php\/produkt\/winning-moves-monopoly-junior-superzings\/","title":{"rendered":"Winning Moves Monopoly Junior SuperZings"},"content":{"rendered":"<p>\u00a0Monopoly Junior SuperZings\u00a0Monopoly Junior to wspania\u0142e wprowadzenie najm\u0142odszych graczy do \u015bwiata Monopoly. W tej edycji gry dzieci mog\u0105 gra\u0107 samodzielnie dzi\u0119ki uproszczonym zasadom. Zapraszamy do Kaboom City!<br \/>\n\u00a0Patroluj ulice miasta, odwiedzaj siedziby g\u0142\u00f3wne dru\u017cyn SuperZings i szukaj Kazoom! Ale uwa\u017caj, Superz\u0142oczy\u0144cy chc\u0105 ukra\u015b\u0107 Krystalin\u0119! Sprawd\u017a wszystkie miejsca na planszy. Mo\u017ce uda Ci si\u0119 odkry\u0107 sekretn\u0105 kryj\u00f3wk\u0119? Wybierz jedn\u0105 z czterech limitowanych figurek SuperZings \u2013 Wondershine, Lock Down, Lucky Ace lub Silver Dice i rozpocznij ekscytuj\u0105ca przygod\u0119 w tej specjalnej edycji Monopoly Junior: SuperZings!\u00a0                            <\/p>\n<p>\u00a0Zasady gry:<br \/>\nZasady gry s\u0105 podobne do zasad obowi\u0105zuj\u0105cych w klasycznej wersji gry Monopoly. Po roz\u0142o\u017ceniu planszy i wyborze jednego z 4 kolekcjonerskich pionk\u00f3w nale\u017cy rozda\u0107 ka\u017cdemu z graczy odpowiedni\u0105 liczb\u0119 banknot\u00f3w. Rozgrywk\u0119 rozpoczyna osoba, kt\u00f3ra wyrzuci najwi\u0119cej oczek na kostce. W trakcie ka\u017cdej kolejki rzu\u0107 dwiema kostkami, a nast\u0119pnie rusz si\u0119 o liczb\u0119 p\u00f3l r\u00f3wn\u0105 sumie wyrzuconych oczek.  \u00a0                            <\/p>\n<p>\u00a0Zawarto\u015b\u0107:<br \/>\nplansza<br \/>\n4 limitowane figurki SuperZings<br \/>\n24 karty Szansy36 papierowych znacznik\u00f3w<br \/>\n70 banknot\u00f3w Monopoly<br \/>\nkostka<br \/>\ninstrukcja<br \/>\n\u00a0Specyfikacja:Liczba graczy: 2-4<br \/>\nWiek: 4+<br \/>\nCzas gry: 1-3 h<br \/>\nJ\u0119zyk wydania: polski\u00a0<\/p>\n<h2>Winning Moves Monopoly Junior SuperZings Winning Moves<\/h2>\n<p>labirynty dla dzieci, quiz z ma\u0142ego ksi\u0119cia, wakacje kolorowanka, paj\u0105czek na rowerze test, malowane kamienie, medrcy swiata, rzadkie imiona, co kupi\u0107 na roczek dla dziewczynki, miko\u0142ajek test z lektury, zagadki logiczne na inteligencj\u0119 dla doros\u0142ych, zabawki dla rocznej dziewczynki, kr\u00f3tkie bajki dla dzieci, prezent dla dziewczynki 7 lat<\/p>\n<p>yyyyy<\/p>\n<p>&nbsp;<\/p>\n","protected":false},"excerpt":{"rendered":"<p>\u00a0Monopoly Junior SuperZings\u00a0Monopoly Junior to wspania\u0142e wprowadzenie najm\u0142odszych graczy do \u015bwiata Monopoly. W tej edycji gry dzieci mog\u0105 gra\u0107 samodzielnie dzi\u0119ki uproszczonym zasadom. Zapraszamy do Kaboom City! \u00a0Patroluj ulice miasta, odwiedzaj siedziby g\u0142\u00f3wne dru\u017cyn SuperZings i szukaj Kazoom! Ale uwa\u017caj, Superz\u0142oczy\u0144cy chc\u0105 ukra\u015b\u0107 Krystalin\u0119! Sprawd\u017a wszystkie miejsca na planszy. Mo\u017ce uda Ci si\u0119 odkry\u0107 sekretn\u0105 [&hellip;]<\/p>\n","protected":false},"featured_media":8368,"comment_status":"closed","ping_status":"open","template":"","meta":[],"product_cat":[130,226],"product_tag":[761,594,717,609],"class_list":["post-8367","product","type-product","status-publish","has-post-thumbnail","hentry","product_cat-gry-dzieciece","product_cat-winning-moves","product_tag-choinko-piekna-jak-las-tekst","product_tag-podchwytliwe-zagadki-dla-dzieci","product_tag-prezent-roczek","product_tag-quiz-flagi-europy"],"_links":{"self":[{"href":"http:\/\/klubmamgdynia.pl\/index.php\/wp-json\/wp\/v2\/product\/8367","targetHints":{"allow":["GET"]}}],"collection":[{"href":"http:\/\/klubmamgdynia.pl\/index.php\/wp-json\/wp\/v2\/product"}],"about":[{"href":"http:\/\/klubmamgdynia.pl\/index.php\/wp-json\/wp\/v2\/types\/product"}],"replies":[{"embeddable":true,"href":"http:\/\/klubmamgdynia.pl\/index.php\/wp-json\/wp\/v2\/comments?post=8367"}],"wp:featuredmedia":[{"embeddable":true,"href":"http:\/\/klubmamgdynia.pl\/index.php\/wp-json\/wp\/v2\/media\/8368"}],"wp:attachment":[{"href":"http:\/\/klubmamgdynia.pl\/index.php\/wp-json\/wp\/v2\/media?parent=8367"}],"wp:term":[{"taxonomy":"product_cat","embeddable":true,"href":"http:\/\/klubmamgdynia.pl\/index.php\/wp-json\/wp\/v2\/product_cat?post=8367"},{"taxonomy":"product_tag","embeddable":true,"href":"http:\/\/klubmamgdynia.pl\/index.php\/wp-json\/wp\/v2\/product_tag?post=8367"}],"curies":[{"name":"wp","href":"https:\/\/api.w.org\/{rel}","templated":true}]}}