{"id":8371,"date":"2012-04-25T21:19:48","date_gmt":"2012-04-25T19:19:48","guid":{"rendered":"http:\/\/klubmamgdynia.pl\/index.php\/produkt\/przydomu-zdalnie-sterowany-range-rover-evoque114-bialy-0751\/"},"modified":"2026-04-30T21:22:43","modified_gmt":"2026-04-30T19:22:43","slug":"przydomu-zdalnie-sterowany-range-rover-evoque114-bialy-0751","status":"publish","type":"product","link":"http:\/\/klubmamgdynia.pl\/index.php\/produkt\/przydomu-zdalnie-sterowany-range-rover-evoque114-bialy-0751\/","title":{"rendered":"Przydomu Zdalnie sterowany Range Rover Evoque1:14 bialy 0751"},"content":{"rendered":"<p>Zdalnie sterowany Range Rover Evoque1:14 bialy<\/p>\n<h2>Przydomu Zdalnie sterowany Range Rover Evoque1:14 bialy 0751 Rastar<\/h2>\n<p>bajka psi patrol do czytania, pisanki woskiem wzory, samolot z papieru, zagadki dla dzieci 4-5 lat, co kupi\u0107 na roczek, najtrudniejsze zagadki, papierowe ozdoby \u015bwi\u0105teczne, li\u015bcie jesienne szablon, kolorowanka harry potter, michalina, stare wiersze dla dzieci, koty kolorowanki do druku, rzadkie imiona, tabliczka mno\u017cenia do druku, maska misia do druku, zagadki dla dzieci logiczne, bajki dla niemowl\u0105t do czytania, imiona dla dzieci 2019, rozrywka dla dzieci, kolorowanki antystresowe, test asiunia<\/p>\n<p>yyyyy<\/p>\n<p>&nbsp;<\/p>\n","protected":false},"excerpt":{"rendered":"<p>Zdalnie sterowany Range Rover Evoque1:14 bialy Przydomu Zdalnie sterowany Range Rover Evoque1:14 bialy 0751 Rastar bajka psi patrol do czytania, pisanki woskiem wzory, samolot z papieru, zagadki dla dzieci 4-5 lat, co kupi\u0107 na roczek, najtrudniejsze zagadki, papierowe ozdoby \u015bwi\u0105teczne, li\u015bcie jesienne szablon, kolorowanka harry potter, michalina, stare wiersze dla dzieci, koty kolorowanki do druku, [&hellip;]<\/p>\n","protected":false},"featured_media":8372,"comment_status":"closed","ping_status":"open","template":"","meta":[],"product_cat":[504,337],"product_tag":[808,669,637,809],"class_list":["post-8371","product","type-product","status-publish","has-post-thumbnail","hentry","product_cat-rastar","product_cat-zabawki-zdalnie-sterowane","product_tag-imie-mia","product_tag-kolorowanki","product_tag-niech-zyja-wakacje-tekst","product_tag-zagadki"],"_links":{"self":[{"href":"http:\/\/klubmamgdynia.pl\/index.php\/wp-json\/wp\/v2\/product\/8371","targetHints":{"allow":["GET"]}}],"collection":[{"href":"http:\/\/klubmamgdynia.pl\/index.php\/wp-json\/wp\/v2\/product"}],"about":[{"href":"http:\/\/klubmamgdynia.pl\/index.php\/wp-json\/wp\/v2\/types\/product"}],"replies":[{"embeddable":true,"href":"http:\/\/klubmamgdynia.pl\/index.php\/wp-json\/wp\/v2\/comments?post=8371"}],"wp:featuredmedia":[{"embeddable":true,"href":"http:\/\/klubmamgdynia.pl\/index.php\/wp-json\/wp\/v2\/media\/8372"}],"wp:attachment":[{"href":"http:\/\/klubmamgdynia.pl\/index.php\/wp-json\/wp\/v2\/media?parent=8371"}],"wp:term":[{"taxonomy":"product_cat","embeddable":true,"href":"http:\/\/klubmamgdynia.pl\/index.php\/wp-json\/wp\/v2\/product_cat?post=8371"},{"taxonomy":"product_tag","embeddable":true,"href":"http:\/\/klubmamgdynia.pl\/index.php\/wp-json\/wp\/v2\/product_tag?post=8371"}],"curies":[{"name":"wp","href":"https:\/\/api.w.org\/{rel}","templated":true}]}}