{"id":8373,"date":"2020-05-29T19:34:58","date_gmt":"2020-05-29T17:34:58","guid":{"rendered":"http:\/\/klubmamgdynia.pl\/index.php\/produkt\/spin-master-maskotka-psi-patrol-mini-marschall\/"},"modified":"2026-04-06T01:51:42","modified_gmt":"2026-04-05T23:51:42","slug":"spin-master-maskotka-psi-patrol-mini-marschall","status":"publish","type":"product","link":"http:\/\/klubmamgdynia.pl\/index.php\/produkt\/spin-master-maskotka-psi-patrol-mini-marschall\/","title":{"rendered":"Spin Master Maskotka Psi Patrol Mini Marschall"},"content":{"rendered":"<p>Przytul si\u0119 ze swoimi ulubionymi szczeniakami Psi Patrol dzi\u0119ki Mini Plush Pups! Wykonane z przytulnego materia\u0142u, ka\u017cdy szczeniak nosi pluszow\u0105 czapk\u0119 i charakterystyczny mundur Psiego Patrolu! Dzi\u0119ki realistycznym detalom te ukochane postacie o\u017cywaj\u0105!<\/p>\n<h2>Spin Master Maskotka Psi Patrol Mini Marschall Spin Master<\/h2>\n<p>zabawy tematyczne przyk\u0142ady, litera y do druku, ju\u017c blisko kol\u0119da tekst, zagadki dla 3 latka, maski do druku, miasto dzieci.pl, piosenki dla dzieci o jesieni, kolorowanki do druku kotki, quiz o hejka tu lenka, test z opowie\u015bci z narnii lew czarownica i stara szafa, zabawy z pi\u0142k\u0105, lol kolorowanka, jak narysowa\u0107 psa krok po kroku, zagadki dla dzieci 4-5 lat online, zagadki na my\u015blenie, pisanie po \u015bladzie do druku pdf, nauka polskiego dla dzieci z ukrainy, kr\u00f3tkie zagadki dla doros\u0142ych, auto kolorowanka, prima aprilis \u017carty dla rodzic\u00f3w<\/p>\n<p>yyyyy<\/p>\n<p>&nbsp;<\/p>\n","protected":false},"excerpt":{"rendered":"<p>Przytul si\u0119 ze swoimi ulubionymi szczeniakami Psi Patrol dzi\u0119ki Mini Plush Pups! Wykonane z przytulnego materia\u0142u, ka\u017cdy szczeniak nosi pluszow\u0105 czapk\u0119 i charakterystyczny mundur Psiego Patrolu! Dzi\u0119ki realistycznym detalom te ukochane postacie o\u017cywaj\u0105! Spin Master Maskotka Psi Patrol Mini Marschall Spin Master zabawy tematyczne przyk\u0142ady, litera y do druku, ju\u017c blisko kol\u0119da tekst, zagadki dla [&hellip;]<\/p>\n","protected":false},"featured_media":8374,"comment_status":"closed","ping_status":"open","template":"","meta":[],"product_cat":[42,94],"product_tag":[839,661,803,647],"class_list":["post-8373","product","type-product","status-publish","has-post-thumbnail","hentry","product_cat-maskotki","product_cat-spin-master","product_tag-bajki-na-dobranoc-do-czytania","product_tag-swinka-peppa-kolorowanka","product_tag-szlaczki-do-druku","product_tag-warszawa-z-dzieckiem"],"_links":{"self":[{"href":"http:\/\/klubmamgdynia.pl\/index.php\/wp-json\/wp\/v2\/product\/8373","targetHints":{"allow":["GET"]}}],"collection":[{"href":"http:\/\/klubmamgdynia.pl\/index.php\/wp-json\/wp\/v2\/product"}],"about":[{"href":"http:\/\/klubmamgdynia.pl\/index.php\/wp-json\/wp\/v2\/types\/product"}],"replies":[{"embeddable":true,"href":"http:\/\/klubmamgdynia.pl\/index.php\/wp-json\/wp\/v2\/comments?post=8373"}],"wp:featuredmedia":[{"embeddable":true,"href":"http:\/\/klubmamgdynia.pl\/index.php\/wp-json\/wp\/v2\/media\/8374"}],"wp:attachment":[{"href":"http:\/\/klubmamgdynia.pl\/index.php\/wp-json\/wp\/v2\/media?parent=8373"}],"wp:term":[{"taxonomy":"product_cat","embeddable":true,"href":"http:\/\/klubmamgdynia.pl\/index.php\/wp-json\/wp\/v2\/product_cat?post=8373"},{"taxonomy":"product_tag","embeddable":true,"href":"http:\/\/klubmamgdynia.pl\/index.php\/wp-json\/wp\/v2\/product_tag?post=8373"}],"curies":[{"name":"wp","href":"https:\/\/api.w.org\/{rel}","templated":true}]}}