{"id":8377,"date":"2015-10-07T06:01:57","date_gmt":"2015-10-07T04:01:57","guid":{"rendered":"http:\/\/klubmamgdynia.pl\/index.php\/produkt\/mia-home-namiot-dla-dzieci-tenda\/"},"modified":"2026-04-23T01:13:28","modified_gmt":"2026-04-22T23:13:28","slug":"mia-home-namiot-dla-dzieci-tenda","status":"publish","type":"product","link":"http:\/\/klubmamgdynia.pl\/index.php\/produkt\/mia-home-namiot-dla-dzieci-tenda\/","title":{"rendered":"MIA home Namiot Dla Dzieci Tenda"},"content":{"rendered":"<p>Namiot to ulubiona kryj\u00f3wka prawie ka\u017cdego dziecka. Jest stabilny i szeroki. Podstawa 120 x 120 cm oraz wysoko\u015b\u0107 160 cm pozwala na swobodn\u0105 zabaw\u0119. Stela\u017c wykonany jest z drewna topolowego, a pokrycie z poliestru. Wzorowany na india\u0144skie namioty typu tipi.Namiot posiada okienko oraz troczki do zwi\u0105zywania frontu, gdyby nasz maluch chcia\u0142 troch\u0119 prywatno\u015bci.<\/p>\n<h2>MIA home Namiot Dla Dzieci Tenda MIA Home<\/h2>\n<p>laurka dla mamy rysunek, zagadki wiosenne dla dzieci, prezent dla 15 latki 2021, prezent na roczek od babci, zagadki \u015bmieszne, ko\u0142ysanki dla dzieci tekst, nadie\u017cda imi\u0119, historia andrzejek dla dzieci, test na znaki drogowe, cytaty o przyja\u017ani, co oznacza imi\u0119 alan<\/p>\n<p>yyyyy<\/p>\n<p>&nbsp;<\/p>\n","protected":false},"excerpt":{"rendered":"<p>Namiot to ulubiona kryj\u00f3wka prawie ka\u017cdego dziecka. Jest stabilny i szeroki. Podstawa 120 x 120 cm oraz wysoko\u015b\u0107 160 cm pozwala na swobodn\u0105 zabaw\u0119. Stela\u017c wykonany jest z drewna topolowego, a pokrycie z poliestru. Wzorowany na india\u0144skie namioty typu tipi.Namiot posiada okienko oraz troczki do zwi\u0105zywania frontu, gdyby nasz maluch chcia\u0142 troch\u0119 prywatno\u015bci. MIA home [&hellip;]<\/p>\n","protected":false},"featured_media":8378,"comment_status":"closed","ping_status":"open","template":"","meta":[],"product_cat":[282,1012],"product_tag":[787,678,629,771,616],"class_list":["post-8377","product","type-product","status-publish","has-post-thumbnail","hentry","product_cat-domki-i-namioty-dla-dzieci","product_cat-mia-home","product_tag-nauka-pisania-wyrazow-dla-dzieci-do-druku-pdf","product_tag-prezent-na-roczek-dla-dziewczynki","product_tag-smieszne-zagadki-z-odpowiedziami","product_tag-stolice-europy-quiz","product_tag-test-mikolajek-25-pytan"],"_links":{"self":[{"href":"http:\/\/klubmamgdynia.pl\/index.php\/wp-json\/wp\/v2\/product\/8377","targetHints":{"allow":["GET"]}}],"collection":[{"href":"http:\/\/klubmamgdynia.pl\/index.php\/wp-json\/wp\/v2\/product"}],"about":[{"href":"http:\/\/klubmamgdynia.pl\/index.php\/wp-json\/wp\/v2\/types\/product"}],"replies":[{"embeddable":true,"href":"http:\/\/klubmamgdynia.pl\/index.php\/wp-json\/wp\/v2\/comments?post=8377"}],"wp:featuredmedia":[{"embeddable":true,"href":"http:\/\/klubmamgdynia.pl\/index.php\/wp-json\/wp\/v2\/media\/8378"}],"wp:attachment":[{"href":"http:\/\/klubmamgdynia.pl\/index.php\/wp-json\/wp\/v2\/media?parent=8377"}],"wp:term":[{"taxonomy":"product_cat","embeddable":true,"href":"http:\/\/klubmamgdynia.pl\/index.php\/wp-json\/wp\/v2\/product_cat?post=8377"},{"taxonomy":"product_tag","embeddable":true,"href":"http:\/\/klubmamgdynia.pl\/index.php\/wp-json\/wp\/v2\/product_tag?post=8377"}],"curies":[{"name":"wp","href":"https:\/\/api.w.org\/{rel}","templated":true}]}}