{"id":8379,"date":"2017-04-26T14:41:27","date_gmt":"2017-04-26T12:41:27","guid":{"rendered":"http:\/\/klubmamgdynia.pl\/index.php\/produkt\/dumel-silverlit-exost-x-monster\/"},"modified":"2026-04-30T22:55:05","modified_gmt":"2026-04-30T20:55:05","slug":"dumel-silverlit-exost-x-monster","status":"publish","type":"product","link":"http:\/\/klubmamgdynia.pl\/index.php\/produkt\/dumel-silverlit-exost-x-monster\/","title":{"rendered":"Dumel Silverlit Exost X Monster"},"content":{"rendered":"<p>4891813206125<\/p>\n<h2>Dumel Silverlit Exost X Monster Dumel<\/h2>\n<p>zagadki dla dzieci do druku, znaczenie imiona marcel, kubu\u015b puchatek cytaty, litera r do druku, nauka zegara do druku, koty kolorowanki, bombki do kolorowania, prezent na roczek dla chrze\u015bniaka, pierniki na bo\u017ce narodzenie, wierszyki o marzannie, miko\u0142ajek &#8211; test z odpowiedziami, co na roczek dla dziewczynki<\/p>\n<p>yyyyy<\/p>\n<p>&nbsp;<\/p>\n","protected":false},"excerpt":{"rendered":"<p>4891813206125 Dumel Silverlit Exost X Monster Dumel zagadki dla dzieci do druku, znaczenie imiona marcel, kubu\u015b puchatek cytaty, litera r do druku, nauka zegara do druku, koty kolorowanki, bombki do kolorowania, prezent na roczek dla chrze\u015bniaka, pierniki na bo\u017ce narodzenie, wierszyki o marzannie, miko\u0142ajek &#8211; test z odpowiedziami, co na roczek dla dziewczynki yyyyy &nbsp;<\/p>\n","protected":false},"featured_media":8380,"comment_status":"closed","ping_status":"open","template":"","meta":[],"product_cat":[41,337],"product_tag":[839,617,591,799,746],"class_list":["post-8379","product","type-product","status-publish","has-post-thumbnail","hentry","product_cat-dumel","product_cat-zabawki-zdalnie-sterowane","product_tag-bajki-na-dobranoc-do-czytania","product_tag-keyword","product_tag-quiz-o-minecraft","product_tag-zagadka-logiczna","product_tag-zagadki-typu-co-to-jest"],"_links":{"self":[{"href":"http:\/\/klubmamgdynia.pl\/index.php\/wp-json\/wp\/v2\/product\/8379","targetHints":{"allow":["GET"]}}],"collection":[{"href":"http:\/\/klubmamgdynia.pl\/index.php\/wp-json\/wp\/v2\/product"}],"about":[{"href":"http:\/\/klubmamgdynia.pl\/index.php\/wp-json\/wp\/v2\/types\/product"}],"replies":[{"embeddable":true,"href":"http:\/\/klubmamgdynia.pl\/index.php\/wp-json\/wp\/v2\/comments?post=8379"}],"wp:featuredmedia":[{"embeddable":true,"href":"http:\/\/klubmamgdynia.pl\/index.php\/wp-json\/wp\/v2\/media\/8380"}],"wp:attachment":[{"href":"http:\/\/klubmamgdynia.pl\/index.php\/wp-json\/wp\/v2\/media?parent=8379"}],"wp:term":[{"taxonomy":"product_cat","embeddable":true,"href":"http:\/\/klubmamgdynia.pl\/index.php\/wp-json\/wp\/v2\/product_cat?post=8379"},{"taxonomy":"product_tag","embeddable":true,"href":"http:\/\/klubmamgdynia.pl\/index.php\/wp-json\/wp\/v2\/product_tag?post=8379"}],"curies":[{"name":"wp","href":"https:\/\/api.w.org\/{rel}","templated":true}]}}