{"id":838,"date":"2020-07-29T23:53:14","date_gmt":"2020-07-29T21:53:14","guid":{"rendered":"http:\/\/klubmamgdynia.pl\/index.php\/produkt\/lol-surprise-6-pak-niespodzianka-pharaoh-babe-571629\/"},"modified":"2026-04-19T16:21:52","modified_gmt":"2026-04-19T14:21:52","slug":"lol-surprise-6-pak-niespodzianka-pharaoh-babe-571629","status":"publish","type":"product","link":"http:\/\/klubmamgdynia.pl\/index.php\/produkt\/lol-surprise-6-pak-niespodzianka-pharaoh-babe-571629\/","title":{"rendered":"LOL Surprise 6-pak Niespodzianka Pharaoh Babe 571629"},"content":{"rendered":"<p>L.O.L lol Surprise 6pak Confetti Glamstronaut                            <\/p>\n<p>Czas na wielki powr\u00f3t! Czas na L.O.L. Surprise Confetti Pop!<\/p>\n<p>Specjalnie dla ka\u017cdego fana serii MGA przygotowa\u0142o tr\u00f3jpak reedycji lubianej serii zabawek, w kt\u00f3rej zabawa zaczyna si\u0119 ju\u017c od chwili rozpakowania pierwszej warstwy z dziewi\u0119ciu, a na koniec poci\u0105gnij za sznurek energicznym ruchem i wystrzel konfetti w g\u00f3r\u0119!                            <\/p>\n<p>W ka\u017cdym zestawie L.O.L. Surprise Confetti Pop znajduje si\u0119 kolekcjonerska laleczka z wyr\u00f3\u017cniaj\u0105cym si\u0119 wygl\u0105dem i umiej\u0119tno\u015bci\u0105, kt\u00f3r\u0105 nale\u017cy odkry\u0107 podczas zabawy i oznaczy\u0107 naklejk\u0105 na kolekcjonerskim plakacie. Ka\u017cda lalka mo\u017ce siusia\u0107, plu\u0107 wod\u0105, zmienia\u0107 kolor, lub p\u0142aka\u0107. Lalka posiada maksymalnie dwie cechy.                            <\/p>\n<p>W saszetkach z niespodziankami znajduj\u0105 si\u0119 akcesoria i ubranka dla laleczki. Kula stanowi r\u00f3wnie\u017c element zestawu, zamieniaj\u0105c si\u0119 w fotel lub domek dla lalki.<\/p>\n<h2>LOL Surprise 6-pak Niespodzianka Pharaoh Babe 571629 LOL Surprise<\/h2>\n<p>wzory zaprosze\u0144 zaproszenie na urodziny szablon do druku, zagadki, szlaczki do druku, lucjan imi\u0119, wiosenna kolorowanka, rozalia imi\u0119, kolorowanka lol, zagadki sprawdzaj\u0105ce inteligencj\u0119, jak narysowa\u0107, zagadki dla starszych dzieci, alan imi\u0119, wierszyk o choince, bajki terapeutyczne o emocjach, labirynty dla dzieci, miko\u0142ajek &#8211; test z odpowiedziami<\/p>\n<p>yyyyy<\/p>\n<p>&nbsp;<\/p>\n","protected":false},"excerpt":{"rendered":"<p>L.O.L lol Surprise 6pak Confetti Glamstronaut Czas na wielki powr\u00f3t! Czas na L.O.L. Surprise Confetti Pop! Specjalnie dla ka\u017cdego fana serii MGA przygotowa\u0142o tr\u00f3jpak reedycji lubianej serii zabawek, w kt\u00f3rej zabawa zaczyna si\u0119 ju\u017c od chwili rozpakowania pierwszej warstwy z dziewi\u0119ciu, a na koniec poci\u0105gnij za sznurek energicznym ruchem i wystrzel konfetti w g\u00f3r\u0119! W [&hellip;]<\/p>\n","protected":false},"featured_media":839,"comment_status":"closed","ping_status":"open","template":"","meta":[],"product_cat":[65,294],"product_tag":[834,859,828,747,646],"class_list":["post-838","product","type-product","status-publish","has-post-thumbnail","hentry","product_cat-lalki","product_cat-lol-surprise","product_tag-bajka-do-czytania-na-dobranoc","product_tag-dobranoc-pchly-na-noc","product_tag-filmy-wigilijne-dla-dzieci","product_tag-malowanki-do-druku","product_tag-prezent-na-pierwsze-urodziny"],"_links":{"self":[{"href":"http:\/\/klubmamgdynia.pl\/index.php\/wp-json\/wp\/v2\/product\/838","targetHints":{"allow":["GET"]}}],"collection":[{"href":"http:\/\/klubmamgdynia.pl\/index.php\/wp-json\/wp\/v2\/product"}],"about":[{"href":"http:\/\/klubmamgdynia.pl\/index.php\/wp-json\/wp\/v2\/types\/product"}],"replies":[{"embeddable":true,"href":"http:\/\/klubmamgdynia.pl\/index.php\/wp-json\/wp\/v2\/comments?post=838"}],"wp:featuredmedia":[{"embeddable":true,"href":"http:\/\/klubmamgdynia.pl\/index.php\/wp-json\/wp\/v2\/media\/839"}],"wp:attachment":[{"href":"http:\/\/klubmamgdynia.pl\/index.php\/wp-json\/wp\/v2\/media?parent=838"}],"wp:term":[{"taxonomy":"product_cat","embeddable":true,"href":"http:\/\/klubmamgdynia.pl\/index.php\/wp-json\/wp\/v2\/product_cat?post=838"},{"taxonomy":"product_tag","embeddable":true,"href":"http:\/\/klubmamgdynia.pl\/index.php\/wp-json\/wp\/v2\/product_tag?post=838"}],"curies":[{"name":"wp","href":"https:\/\/api.w.org\/{rel}","templated":true}]}}