{"id":8383,"date":"2014-02-02T02:29:51","date_gmt":"2014-02-02T01:29:51","guid":{"rendered":"http:\/\/klubmamgdynia.pl\/index.php\/produkt\/flossrock-memorki-dzungla-44p6445\/"},"modified":"2026-04-03T15:49:31","modified_gmt":"2026-04-03T13:49:31","slug":"flossrock-memorki-dzungla-44p6445","status":"publish","type":"product","link":"http:\/\/klubmamgdynia.pl\/index.php\/produkt\/flossrock-memorki-dzungla-44p6445\/","title":{"rendered":"Floss&amp;Rock Memorki D\u017cungla (44P6445)"},"content":{"rendered":"<p>CECHY Proste zasady Trenuje pami\u0119\u0107, \u0107wiczy koncentracj\u0119 i cierpliwo\u015b\u0107 Mo\u017cna gra\u0107 samemu lub z przyjaci\u00f3\u0142mi Idealna do domu i w podro\u017cy Zawiera 18 pasuj\u0105cych par rysunk\u00f3w Zalecany wiek: 2+WYMIARYRozmiar pude\u0142ka: 8 x 8 x 16.2 cmRozmiar karty: 7 x 7 cm<\/p>\n<h2>Floss&amp;Rock Memorki D\u017cungla (44P6445) <\/h2>\n<p>kolorowanka ninjago, imi\u0119 marcel, ma\u0142y ksi\u0105\u017c\u0119 cytaty, cytaty o dzieciach i rodzinie, smieszne zagadki, pewna \u017caba by\u0142a s\u0142aba, choinko pi\u0119kna jak las tekst, paloma<\/p>\n<p>yyyyy<\/p>\n<p>&nbsp;<\/p>\n","protected":false},"excerpt":{"rendered":"<p>CECHY Proste zasady Trenuje pami\u0119\u0107, \u0107wiczy koncentracj\u0119 i cierpliwo\u015b\u0107 Mo\u017cna gra\u0107 samemu lub z przyjaci\u00f3\u0142mi Idealna do domu i w podro\u017cy Zawiera 18 pasuj\u0105cych par rysunk\u00f3w Zalecany wiek: 2+WYMIARYRozmiar pude\u0142ka: 8 x 8 x 16.2 cmRozmiar karty: 7 x 7 cm Floss&amp;Rock Memorki D\u017cungla (44P6445) kolorowanka ninjago, imi\u0119 marcel, ma\u0142y ksi\u0105\u017c\u0119 cytaty, cytaty o dzieciach [&hellip;]<\/p>\n","protected":false},"featured_media":8384,"comment_status":"closed","ping_status":"open","template":"","meta":[],"product_cat":[130],"product_tag":[772,598,621,647],"class_list":["post-8383","product","type-product","status-publish","has-post-thumbnail","hentry","product_cat-gry-dzieciece","product_tag-45-panstw-europy-i-ich-stolice-quiz","product_tag-co-na-roczek-dla-dziewczynki","product_tag-prezenty-roczek","product_tag-warszawa-z-dzieckiem"],"_links":{"self":[{"href":"http:\/\/klubmamgdynia.pl\/index.php\/wp-json\/wp\/v2\/product\/8383","targetHints":{"allow":["GET"]}}],"collection":[{"href":"http:\/\/klubmamgdynia.pl\/index.php\/wp-json\/wp\/v2\/product"}],"about":[{"href":"http:\/\/klubmamgdynia.pl\/index.php\/wp-json\/wp\/v2\/types\/product"}],"replies":[{"embeddable":true,"href":"http:\/\/klubmamgdynia.pl\/index.php\/wp-json\/wp\/v2\/comments?post=8383"}],"wp:featuredmedia":[{"embeddable":true,"href":"http:\/\/klubmamgdynia.pl\/index.php\/wp-json\/wp\/v2\/media\/8384"}],"wp:attachment":[{"href":"http:\/\/klubmamgdynia.pl\/index.php\/wp-json\/wp\/v2\/media?parent=8383"}],"wp:term":[{"taxonomy":"product_cat","embeddable":true,"href":"http:\/\/klubmamgdynia.pl\/index.php\/wp-json\/wp\/v2\/product_cat?post=8383"},{"taxonomy":"product_tag","embeddable":true,"href":"http:\/\/klubmamgdynia.pl\/index.php\/wp-json\/wp\/v2\/product_tag?post=8383"}],"curies":[{"name":"wp","href":"https:\/\/api.w.org\/{rel}","templated":true}]}}