{"id":8387,"date":"2022-02-09T14:44:44","date_gmt":"2022-02-09T13:44:44","guid":{"rendered":"http:\/\/klubmamgdynia.pl\/index.php\/produkt\/kayet-kolozeszyt-zeszyt-a4-80-kartek-kratka-perforacja\/"},"modified":"2026-05-17T22:46:32","modified_gmt":"2026-05-17T20:46:32","slug":"kayet-kolozeszyt-zeszyt-a4-80-kartek-kratka-perforacja","status":"publish","type":"product","link":"http:\/\/klubmamgdynia.pl\/index.php\/produkt\/kayet-kolozeszyt-zeszyt-a4-80-kartek-kratka-perforacja\/","title":{"rendered":"Kayet Ko\u0142ozeszyt Zeszyt A4 80 Kartek Kratka Perforacja"},"content":{"rendered":"<p>KO\u0141OZESZYT 80 kartek KRATKA A4JAKO\u015a\u0106 PREMIUMOrganizer na pierwszej stronie80 kartek z mikroperforacj\u0105otwierany po d\u0142u\u017cszym bokuFormat A4PRODUCENT: KAYETMi\u0119kka ok\u0142adka PP<\/p>\n<h2>Kayet Ko\u0142ozeszyt Zeszyt A4 80 Kartek Kratka Perforacja Kayet<\/h2>\n<p>cytaty dla przyjaciela, prezenty dla nastolatkow, zrobi\u0107 laurk\u0119 laurka dla babci, pokemon do druku, cyferki do druku, zaproszenie na urodziny do druku pdf, zrobi\u0107 laurk\u0119 laurka dla babci, gra kulki, wiersze o wakacjach, rysowanie po \u015bladzie, milan imi\u0119, karty pracy obrazki do wyklejania plastelin\u0105, gloria imie, zabawka na roczek dla ch\u0142opca, mi\u0142osz imie, kolorowanki dla dziewczynek, kolorowanki harry potter<\/p>\n<p>yyyyy<\/p>\n<p>&nbsp;<\/p>\n","protected":false},"excerpt":{"rendered":"<p>KO\u0141OZESZYT 80 kartek KRATKA A4JAKO\u015a\u0106 PREMIUMOrganizer na pierwszej stronie80 kartek z mikroperforacj\u0105otwierany po d\u0142u\u017cszym bokuFormat A4PRODUCENT: KAYETMi\u0119kka ok\u0142adka PP Kayet Ko\u0142ozeszyt Zeszyt A4 80 Kartek Kratka Perforacja Kayet cytaty dla przyjaciela, prezenty dla nastolatkow, zrobi\u0107 laurk\u0119 laurka dla babci, pokemon do druku, cyferki do druku, zaproszenie na urodziny do druku pdf, zrobi\u0107 laurk\u0119 laurka dla [&hellip;]<\/p>\n","protected":false},"featured_media":8388,"comment_status":"closed","ping_status":"open","template":"","meta":[],"product_cat":[1715,325],"product_tag":[660,716,804,770],"class_list":["post-8387","product","type-product","status-publish","has-post-thumbnail","hentry","product_cat-kayet","product_cat-szkolne-artykuly-papiernicze","product_tag-bianka","product_tag-filmy-animowane-o-swietach","product_tag-ryz-z-owocami","product_tag-samolot-z-papieru"],"_links":{"self":[{"href":"http:\/\/klubmamgdynia.pl\/index.php\/wp-json\/wp\/v2\/product\/8387","targetHints":{"allow":["GET"]}}],"collection":[{"href":"http:\/\/klubmamgdynia.pl\/index.php\/wp-json\/wp\/v2\/product"}],"about":[{"href":"http:\/\/klubmamgdynia.pl\/index.php\/wp-json\/wp\/v2\/types\/product"}],"replies":[{"embeddable":true,"href":"http:\/\/klubmamgdynia.pl\/index.php\/wp-json\/wp\/v2\/comments?post=8387"}],"wp:featuredmedia":[{"embeddable":true,"href":"http:\/\/klubmamgdynia.pl\/index.php\/wp-json\/wp\/v2\/media\/8388"}],"wp:attachment":[{"href":"http:\/\/klubmamgdynia.pl\/index.php\/wp-json\/wp\/v2\/media?parent=8387"}],"wp:term":[{"taxonomy":"product_cat","embeddable":true,"href":"http:\/\/klubmamgdynia.pl\/index.php\/wp-json\/wp\/v2\/product_cat?post=8387"},{"taxonomy":"product_tag","embeddable":true,"href":"http:\/\/klubmamgdynia.pl\/index.php\/wp-json\/wp\/v2\/product_tag?post=8387"}],"curies":[{"name":"wp","href":"https:\/\/api.w.org\/{rel}","templated":true}]}}