{"id":8391,"date":"2019-03-20T07:02:20","date_gmt":"2019-03-20T06:02:20","guid":{"rendered":"http:\/\/klubmamgdynia.pl\/index.php\/produkt\/kik-klocki-konstrukcyjne-w-wiaderku-wafle-jezyki-grzebyki-170el\/"},"modified":"2026-04-23T01:00:22","modified_gmt":"2026-04-22T23:00:22","slug":"kik-klocki-konstrukcyjne-w-wiaderku-wafle-jezyki-grzebyki-170el","status":"publish","type":"product","link":"http:\/\/klubmamgdynia.pl\/index.php\/produkt\/kik-klocki-konstrukcyjne-w-wiaderku-wafle-jezyki-grzebyki-170el\/","title":{"rendered":"Kik Klocki Konstrukcyjne W Wiaderku Wafle Je\u017cyki Grzebyki 170El."},"content":{"rendered":"<p>Klocki Konstrukcyjne Grzebyki 170 element\u00f3w w kuferkuKolorowe je\u017cyki to \u015bwietny pomys\u0142 na tw\u00f3rcz\u0105 zabaw\u0119 &#8211; skutecznie zajmuj\u0105 na wiele d\u0142ugich godzin i wyzwalaj\u0105 absolutny wulkan kreatywnych pomys\u0142\u00f3w!Pomys\u0142owe dziecko &#8211; dumny rodzicJest to zabawka do samodzielnego zaprojektowania i zbudowania. Zestaw sk\u0142ada si\u0119 z wielu kolorowych, plastikowych klock\u00f3w i pozwala na dowolne budowanie wszystkiego co wymy\u015bli dziecko. Zabawka, kt\u00f3ra przemieni dziecko w ma\u0142ego architekta, pobudzi wyobra\u017ani\u0119 i pomo\u017ce rozwin\u0105\u0107 zdolno\u015bci konstruowania.Klocki mo\u017cna ze sob\u0105 \u0142\u0105czy\u0107 na niezliczon\u0105 ilo\u015b\u0107 sposob\u00f3w, uk\u0142ada\u0107 kolorowe wie\u017ce, budowle, wzory &#8211; ogranicza ci\u0119 tylko twoja wyobra\u017ania. Super zestaw zapewni ka\u017cdemu dziecku mn\u00f3stwo weso\u0142ej zabawy.Zestaw ten rozwija:Kreatywno\u015b\u0107 i wyobra\u017ani\u0119,Logiczne my\u015blenie,Zdolno\u015bci manualne i koordynacj\u0119 ruchowo-zmys\u0142ow\u0105, w tym umiej\u0119tno\u015b\u0107 dobierania kszta\u0142t\u00f3w i rozr\u00f3\u017cniania kolor\u00f3w,Rozumowanie przestrzenne.Specyfikacja:Ilo\u015b\u0107 element\u00f3w: 170Wymiary kwadratowego klocka: ok. 5 x 5 x 2cmWymiary opakowania: ok. 29 x 26 x 26cmWymiary grzebykowej podstawy na pokrywce: ok. 15 x 15cmZestaw zawiera:Kolorowe klocki &#8211; prostok\u0105tne, kwadratowe, tr\u00f3jk\u0105tne, ko\u0142a zwyk\u0142e oraz kr\u0119c\u0105ce si\u0119, zako\u0144czenia typu &#8222;daszek&#8221;, 3 klocki z weso\u0142ymi bu\u017akami oraz klocki heksagony,Obrazkow\u0105 ksi\u0105\u017ceczk\u0119 z przyk\u0142adowymi budowlami,Oryginalne opakowanie, kt\u00f3rego przykrywka mo\u017ce s\u0142u\u017cy\u0107 jako podstawa budowli.<\/p>\n<h2>Kik Klocki Konstrukcyjne W Wiaderku Wafle Je\u017cyki Grzebyki 170El. Kik<\/h2>\n<p>oryginalny prezent na roczek dla ch\u0142opca, zagadki na dzie\u0144 przedszkolaka, kolorowanki do druku super zings, platformy edukacyjne dla dzieci, maska do druku, sentencje o dzieciach<\/p>\n<p>yyyyy<\/p>\n<p>&nbsp;<\/p>\n","protected":false},"excerpt":{"rendered":"<p>Klocki Konstrukcyjne Grzebyki 170 element\u00f3w w kuferkuKolorowe je\u017cyki to \u015bwietny pomys\u0142 na tw\u00f3rcz\u0105 zabaw\u0119 &#8211; skutecznie zajmuj\u0105 na wiele d\u0142ugich godzin i wyzwalaj\u0105 absolutny wulkan kreatywnych pomys\u0142\u00f3w!Pomys\u0142owe dziecko &#8211; dumny rodzicJest to zabawka do samodzielnego zaprojektowania i zbudowania. Zestaw sk\u0142ada si\u0119 z wielu kolorowych, plastikowych klock\u00f3w i pozwala na dowolne budowanie wszystkiego co wymy\u015bli dziecko. [&hellip;]<\/p>\n","protected":false},"featured_media":8392,"comment_status":"closed","ping_status":"open","template":"","meta":[],"product_cat":[165,113],"product_tag":[761,744,624,586],"class_list":["post-8391","product","type-product","status-publish","has-post-thumbnail","hentry","product_cat-kik","product_cat-klocki","product_tag-choinko-piekna-jak-las-tekst","product_tag-kolorowanki-swiateczne-do-wydruku","product_tag-krotkie-zagadki","product_tag-smieszne-zagadki"],"_links":{"self":[{"href":"http:\/\/klubmamgdynia.pl\/index.php\/wp-json\/wp\/v2\/product\/8391","targetHints":{"allow":["GET"]}}],"collection":[{"href":"http:\/\/klubmamgdynia.pl\/index.php\/wp-json\/wp\/v2\/product"}],"about":[{"href":"http:\/\/klubmamgdynia.pl\/index.php\/wp-json\/wp\/v2\/types\/product"}],"replies":[{"embeddable":true,"href":"http:\/\/klubmamgdynia.pl\/index.php\/wp-json\/wp\/v2\/comments?post=8391"}],"wp:featuredmedia":[{"embeddable":true,"href":"http:\/\/klubmamgdynia.pl\/index.php\/wp-json\/wp\/v2\/media\/8392"}],"wp:attachment":[{"href":"http:\/\/klubmamgdynia.pl\/index.php\/wp-json\/wp\/v2\/media?parent=8391"}],"wp:term":[{"taxonomy":"product_cat","embeddable":true,"href":"http:\/\/klubmamgdynia.pl\/index.php\/wp-json\/wp\/v2\/product_cat?post=8391"},{"taxonomy":"product_tag","embeddable":true,"href":"http:\/\/klubmamgdynia.pl\/index.php\/wp-json\/wp\/v2\/product_tag?post=8391"}],"curies":[{"name":"wp","href":"https:\/\/api.w.org\/{rel}","templated":true}]}}