{"id":8395,"date":"2021-03-17T23:33:21","date_gmt":"2021-03-17T22:33:21","guid":{"rendered":"http:\/\/klubmamgdynia.pl\/index.php\/produkt\/kik-samochod-rc-bugatti-veyron-licencja-124-niebieski\/"},"modified":"2026-05-17T22:13:07","modified_gmt":"2026-05-17T20:13:07","slug":"kik-samochod-rc-bugatti-veyron-licencja-124-niebieski","status":"publish","type":"product","link":"http:\/\/klubmamgdynia.pl\/index.php\/produkt\/kik-samochod-rc-bugatti-veyron-licencja-124-niebieski\/","title":{"rendered":"KIK Samoch\u00f3d RC Bugatti Veyron licencja 1:24 niebieski"},"content":{"rendered":"<p>Mini Samoch\u00f3d zdalnie sterowany w skali 1:24RC Licencja: BUGATTIKOLOR NIEBIESKI Opis produktu:samoch\u00f3d zdalnie sterowany Bugatti Veyronnadajnikoryginalne, estetyczne pude\u0142koFabrycznie nowa zabawka, wykonana z materia\u0142\u00f3w wysokiej jako\u015bci. Samoch\u00f3d starannie wykonanyz dba\u0142o\u015bci\u0105 o najmniejsze detale.Skala odwzorowania detali: 1:24.Auto szybko i sprawnie porusza si\u0119 w 4 kierunkach.Funkcje i zalety:pojazd jest szybki i zdalnie sterowany,zasi\u0119g zabawy to oko\u0142o: 15-25 metr\u00f3w,osi\u0105galna pr\u0119dko\u015b\u0107: 10-15 km\/h,lekka i dynamiczna sylwetka,unikalny grill w kszta\u0142cie podkowy,wyposa\u017cony w diody imituj\u0105ce prawdziwe \u015bwiat\u0142a samochodowe, \u015bwiec\u0105 podczas jazdy.Taki samoch\u00f3d wy\u015bcigowy to wspania\u0142a rozrywka dla ma\u0142ych urwis\u00f3w.Spe\u0142nij swoje marzenia z dzieci\u0144stwa o wyszukanej zabawce, bawi\u0105c si\u0119 razem z dzieckiem. To naprawd\u0119 wci\u0105ga!Ta wielofunkcyjna zabawka, bawi\u0105c jednocze\u015bnie rozwija koordynacj\u0119 ruchow\u0105 i sprawno\u015b\u0107 motoryczn\u0105 Twojej pociechy.Poprzez zabaw\u0119 dziecko uczy si\u0119 logicznego my\u015blenia oraz stawia\u0107 pierwsze kroki w roli kierowcy.Wspania\u0142a zabawa i mi\u0142o sp\u0119dzony czas &#8211; gwarantowane.Dane techniczne:Wymiary autka ok: 20cm x 9cmSamoch\u00f3d zasilany: baterie 3x AAPilot zdalnego sterowania zasilany: baterie 2x AAZasi\u0119g: 15-25 metr\u00f3wPr\u0119dko\u015b\u0107: 10-15 km\/hCz\u0119stotliwo\u015b\u0107 pracy: 27 MHz(brak baterii w zestawie)Zestaw zawiera:Samoch\u00f3d zdalnie sterowany Bugatti Veyron RCPilot zdalnego sterowaniaZabawka zapakowana w kolorowe, estetyczne pude\u0142ko. Idealne na prezent!Wymiary opakowania: 27cm x 15cm x 11cm<\/p>\n<h2>KIK Samoch\u00f3d RC Bugatti Veyron licencja 1:24 niebieski Kik<\/h2>\n<p>szlaczki, matylda imi\u0119, quiz pi\u0142karski, quiz o psie kt\u00f3ry je\u017adzi\u0142 kolej\u0105, trudne zagadki z odpowiedziami, pomys\u0142y na prima aprilis w szkole, prezenty dla 15 latki, historia pluszowego misia dla dzieci, kolorowanki kotki, walentynka dla syna, zagadki o bajkach, bajki do czytania psi patrol, \u015bwinka peppa dom, zabawki na roczek dla dziewczynki<\/p>\n<p>yyyyy<\/p>\n<p>&nbsp;<\/p>\n","protected":false},"excerpt":{"rendered":"<p>Mini Samoch\u00f3d zdalnie sterowany w skali 1:24RC Licencja: BUGATTIKOLOR NIEBIESKI Opis produktu:samoch\u00f3d zdalnie sterowany Bugatti Veyronnadajnikoryginalne, estetyczne pude\u0142koFabrycznie nowa zabawka, wykonana z materia\u0142\u00f3w wysokiej jako\u015bci. Samoch\u00f3d starannie wykonanyz dba\u0142o\u015bci\u0105 o najmniejsze detale.Skala odwzorowania detali: 1:24.Auto szybko i sprawnie porusza si\u0119 w 4 kierunkach.Funkcje i zalety:pojazd jest szybki i zdalnie sterowany,zasi\u0119g zabawy to oko\u0142o: 15-25 metr\u00f3w,osi\u0105galna [&hellip;]<\/p>\n","protected":false},"featured_media":8396,"comment_status":"closed","ping_status":"open","template":"","meta":[],"product_cat":[165,337],"product_tag":[826,771,721],"class_list":["post-8395","product","type-product","status-publish","has-post-thumbnail","hentry","product_cat-kik","product_cat-zabawki-zdalnie-sterowane","product_tag-prezent-dla-15-latka","product_tag-stolice-europy-quiz","product_tag-zagadki-matematyczne"],"_links":{"self":[{"href":"http:\/\/klubmamgdynia.pl\/index.php\/wp-json\/wp\/v2\/product\/8395","targetHints":{"allow":["GET"]}}],"collection":[{"href":"http:\/\/klubmamgdynia.pl\/index.php\/wp-json\/wp\/v2\/product"}],"about":[{"href":"http:\/\/klubmamgdynia.pl\/index.php\/wp-json\/wp\/v2\/types\/product"}],"replies":[{"embeddable":true,"href":"http:\/\/klubmamgdynia.pl\/index.php\/wp-json\/wp\/v2\/comments?post=8395"}],"wp:featuredmedia":[{"embeddable":true,"href":"http:\/\/klubmamgdynia.pl\/index.php\/wp-json\/wp\/v2\/media\/8396"}],"wp:attachment":[{"href":"http:\/\/klubmamgdynia.pl\/index.php\/wp-json\/wp\/v2\/media?parent=8395"}],"wp:term":[{"taxonomy":"product_cat","embeddable":true,"href":"http:\/\/klubmamgdynia.pl\/index.php\/wp-json\/wp\/v2\/product_cat?post=8395"},{"taxonomy":"product_tag","embeddable":true,"href":"http:\/\/klubmamgdynia.pl\/index.php\/wp-json\/wp\/v2\/product_tag?post=8395"}],"curies":[{"name":"wp","href":"https:\/\/api.w.org\/{rel}","templated":true}]}}