{"id":8397,"date":"2020-12-21T11:12:34","date_gmt":"2020-12-21T10:12:34","guid":{"rendered":"http:\/\/klubmamgdynia.pl\/index.php\/produkt\/collecta-andaluzyjski-ogier-bay-89554\/"},"modified":"2026-04-23T11:06:24","modified_gmt":"2026-04-23T09:06:24","slug":"collecta-andaluzyjski-ogier-bay-89554","status":"publish","type":"product","link":"http:\/\/klubmamgdynia.pl\/index.php\/produkt\/collecta-andaluzyjski-ogier-bay-89554\/","title":{"rendered":"Collecta Andaluzyjski Ogier Bay 89554"},"content":{"rendered":"<p>Andaluzyjski ogier bay to figurka kolekcjonerska firmy Collecta przedstawiona w skali 1:12. Produkty tej firmy cechuje wysoka jako\u015b\u0107 wykonania oraz wiernie oddany kszta\u0142t oraz kolor zwierz\u0119cia. Ca\u0142a kolekcja obejmuje przesz\u0142o 553 gatunk\u00f3w, podzielonych na 9 kategorii i 4 grupy cenowe: S-small; M-medium; L-large; XL- X large; oraz figurki deluxe i akcesoria.Wiek 3+<\/p>\n<h2>Collecta Andaluzyjski Ogier Bay 89554 Collecta<\/h2>\n<p>ozdoby \u015bwi\u0105teczne z rolek po papierze toaletowym, zagadki logiczne trudne, sara, quiz o tajemniczym ogrodzie, prank na prima aprilis, karty pracy po ukrai\u0144sku, liwia imi\u0119, imi\u0119 leon, maski zwierz\u0105t szablony do druku, pomys\u0142 na prezent dla 15 latki, opowie\u015bci z narni test, kotki kolorowanka, maurycy<\/p>\n<p>yyyyy<\/p>\n<p>&nbsp;<\/p>\n","protected":false},"excerpt":{"rendered":"<p>Andaluzyjski ogier bay to figurka kolekcjonerska firmy Collecta przedstawiona w skali 1:12. Produkty tej firmy cechuje wysoka jako\u015b\u0107 wykonania oraz wiernie oddany kszta\u0142t oraz kolor zwierz\u0119cia. Ca\u0142a kolekcja obejmuje przesz\u0142o 553 gatunk\u00f3w, podzielonych na 9 kategorii i 4 grupy cenowe: S-small; M-medium; L-large; XL- X large; oraz figurki deluxe i akcesoria.Wiek 3+ Collecta Andaluzyjski Ogier [&hellip;]<\/p>\n","protected":false},"featured_media":8398,"comment_status":"closed","ping_status":"open","template":"","meta":[],"product_cat":[490,95],"product_tag":[854,847,587,850,760],"class_list":["post-8397","product","type-product","status-publish","has-post-thumbnail","hentry","product_cat-collecta","product_cat-figurki-makiety-i-zestawy","product_tag-cytaty-rodzina","product_tag-kolorowanki-pokemon","product_tag-skalne-miasto","product_tag-wroclaw-atrakcje-dla-dzieci","product_tag-zagadka-matematyczna"],"_links":{"self":[{"href":"http:\/\/klubmamgdynia.pl\/index.php\/wp-json\/wp\/v2\/product\/8397","targetHints":{"allow":["GET"]}}],"collection":[{"href":"http:\/\/klubmamgdynia.pl\/index.php\/wp-json\/wp\/v2\/product"}],"about":[{"href":"http:\/\/klubmamgdynia.pl\/index.php\/wp-json\/wp\/v2\/types\/product"}],"replies":[{"embeddable":true,"href":"http:\/\/klubmamgdynia.pl\/index.php\/wp-json\/wp\/v2\/comments?post=8397"}],"wp:featuredmedia":[{"embeddable":true,"href":"http:\/\/klubmamgdynia.pl\/index.php\/wp-json\/wp\/v2\/media\/8398"}],"wp:attachment":[{"href":"http:\/\/klubmamgdynia.pl\/index.php\/wp-json\/wp\/v2\/media?parent=8397"}],"wp:term":[{"taxonomy":"product_cat","embeddable":true,"href":"http:\/\/klubmamgdynia.pl\/index.php\/wp-json\/wp\/v2\/product_cat?post=8397"},{"taxonomy":"product_tag","embeddable":true,"href":"http:\/\/klubmamgdynia.pl\/index.php\/wp-json\/wp\/v2\/product_tag?post=8397"}],"curies":[{"name":"wp","href":"https:\/\/api.w.org\/{rel}","templated":true}]}}